{"id":19304,"date":"2022-12-14T11:23:14","date_gmt":"2022-12-14T11:23:14","guid":{"rendered":"https:\/\/cultivers.es\/abonos\/aceto-di-alcol-diserbante-naturale-a-base-di-aceto\/"},"modified":"2025-09-22T05:37:57","modified_gmt":"2025-09-22T05:37:57","slug":"aceto-erbicida-naturale","status":"publish","type":"product","link":"https:\/\/cultivers.es\/it\/fertilizzanti\/aceto-erbicida-naturale\/","title":{"rendered":"Aceto di alcol. Diserbante naturale a base di aceto."},"content":{"rendered":"<p>\u00c8 un prodotto innocuo e rispettoso dell&#8217;ambiente, poich\u00e9 gli unici prodotti di decomposizione sono l&#8217;anidride carbonica e il metano, ampiamente presenti in natura. \u00c8 molto efficace come disincrostante dei depositi calcarei negli impianti di irrigazione che utilizzano acqua di elevata durezza, eliminando le ostruzioni dovute alla precipitazione di sali insolubili. Corregge il pH dell&#8217;acqua di irrigazione e lo mantiene al di sotto di pH 6,5, prevenendo continuamente la formazione di incrostazioni calcaree negli impianti e negli elementi di irrigazione, evitando intasamenti dovuti a precipitazioni saline negli erogatori e migliorando l&#8217;assorbimento dei nutrienti nella fertirrigazione.<\/p>\n","protected":false},"excerpt":{"rendered":"<p>Aceto di alcol. Erbicida 100% naturale. Elimina le erbacce.<br \/>\nPreviene le malattie delle piante. Fungicida e battericida naturale.<br \/>\nDetergente per sistemi di irrigazione. Molto efficace come disincrostante per i depositi di calcare negli impianti di irrigazione che utilizzano acqua ad alta durezza, eliminando le ostruzioni dovute alla precipitazione di sali insolubili.<br \/>\nCorregge il pH dell&#8217;acqua di irrigazione e lo mantiene al di sotto del pH 6,5, prevenendo continuamente la formazione di incrostazioni calcaree negli impianti e negli elementi di irrigazione, evitando intasamenti dovuti alla precipitazione di sali negli erogatori e migliorando l&#8217;assorbimento dei nutrienti nella fertirrigazione.<br \/>\nDiluisci il 50% con acqua. Prima di agitare la caraffa. Bagnare bene la pianta. Applicare tra i 15 e i 20 centimetri dalla pianta a bassa pressione. Applicare nelle ore pi\u00f9 calde della giornata. Come disincrostante: 40L\/ha<br \/>\nCura e previene la clorosi ferrosa<\/p>\n","protected":false},"featured_media":28975,"comment_status":"open","ping_status":"closed","template":"","meta":{"_acf_changed":false},"product_brand":[],"product_cat":[500,501],"product_tag":[],"woo-feed-brand":[],"class_list":{"0":"post-19304","1":"product","2":"type-product","3":"status-publish","4":"has-post-thumbnail","6":"product_cat-protezione-delle-colture-e-delle-piante","7":"product_cat-sostanze-di-base","9":"first","10":"instock","11":"taxable","12":"shipping-taxable","13":"purchasable","14":"product-type-variable"},"acf":[],"_links":{"self":[{"href":"https:\/\/cultivers.es\/it\/wp-json\/wp\/v2\/product\/19304","targetHints":{"allow":["GET"]}}],"collection":[{"href":"https:\/\/cultivers.es\/it\/wp-json\/wp\/v2\/product"}],"about":[{"href":"https:\/\/cultivers.es\/it\/wp-json\/wp\/v2\/types\/product"}],"replies":[{"embeddable":true,"href":"https:\/\/cultivers.es\/it\/wp-json\/wp\/v2\/comments?post=19304"}],"wp:featuredmedia":[{"embeddable":true,"href":"https:\/\/cultivers.es\/it\/wp-json\/wp\/v2\/media\/28975"}],"wp:attachment":[{"href":"https:\/\/cultivers.es\/it\/wp-json\/wp\/v2\/media?parent=19304"}],"wp:term":[{"taxonomy":"product_brand","embeddable":true,"href":"https:\/\/cultivers.es\/it\/wp-json\/wp\/v2\/product_brand?post=19304"},{"taxonomy":"product_cat","embeddable":true,"href":"https:\/\/cultivers.es\/it\/wp-json\/wp\/v2\/product_cat?post=19304"},{"taxonomy":"product_tag","embeddable":true,"href":"https:\/\/cultivers.es\/it\/wp-json\/wp\/v2\/product_tag?post=19304"},{"taxonomy":"woo-feed-brand","embeddable":true,"href":"https:\/\/cultivers.es\/it\/wp-json\/wp\/v2\/woo-feed-brand?post=19304"}],"curies":[{"name":"wp","href":"https:\/\/api.w.org\/{rel}","templated":true}]}}