{"id":19361,"date":"2022-11-29T11:06:45","date_gmt":"2022-11-29T11:06:45","guid":{"rendered":"https:\/\/cultivers.es\/abonos\/semi-di-borragine-biologici\/"},"modified":"2025-09-22T04:44:17","modified_gmt":"2025-09-22T04:44:17","slug":"semi-di-barbabietola-biologica-semi-ecologici","status":"publish","type":"product","link":"https:\/\/cultivers.es\/it\/fertilizzanti\/semi-di-barbabietola-biologica-semi-ecologici\/","title":{"rendered":"Semi di borragine Biodinamica Demeter"},"content":{"rendered":"","protected":false},"excerpt":{"rendered":"<p>La <strong>borragine<\/strong><em>(Borago officinalis<\/em>) \u00e8 una pianta annuale nota per i suoi bellissimi <strong>fiori blu intenso<\/strong> e per le sue foglie commestibili dal sapore fresco e delicato. \u00c8 molto apprezzata sia in cucina, soprattutto nella cucina tradizionale, sia nell&#8217;<strong>orto e nel giardino<\/strong> per la sua capacit\u00e0 di attirare gli impollinatori. I suoi fiori non sono solo decorativi, ma anche commestibili, perfetti per insalate e decorazioni culinarie. Inoltre, la certificazione <strong>Demeter<\/strong> garantisce che questi semi sono stati coltivati seguendo i principi dell&#8217;agricoltura biodinamica, assicurando la massima qualit\u00e0 e sostenibilit\u00e0.   <\/p>\n<p><strong>Fiori bellissimi e commestibili:<\/strong> i suoi fiori blu brillante sono un vero spettacolo visivo, ideali per decorare insalate, dessert e piatti freschi.<\/p>\n<p><strong>Foglie fresche e versatili:<\/strong> le sue foglie tenere sono perfette da cucinare in stufati, piatti saltati o anche per preparare infusi, fornendo un sapore fresco e naturale.<\/p>\n<p><strong>Attraente per gli impollinatori:<\/strong> la borragine \u00e8 una pianta mellifera che attira api e farfalle, favorendo la biodiversit\u00e0 nel <strong>frutteto e nel giardino<\/strong>.<\/p>\n<p><strong>Propriet\u00e0 medicinali:<\/strong> Tradizionalmente utilizzata in tisane e preparazioni naturali, la borragine \u00e8 nota per le sue propriet\u00e0 antinfiammatorie, diuretiche e rilassanti.<\/p>\n<p><strong>Facile da coltivare:<\/strong> resistente e adattabile, prospera in terreni ben drenati e soleggiati ed \u00e8 ideale per giardinieri principianti ed esperti.<\/p>\n<p><strong>Certificazione Demeter:<\/strong> questi semi biodinamici garantiscono una coltivazione sostenibile che rispetta i cicli naturali del suolo e dell&#8217;ambiente.<\/p>\n<p><strong>Coltivazione biologica:<\/strong> i nostri semi sono <strong>100% biologici<\/strong>, privi di pesticidi e fertilizzanti chimici, per promuovere un <strong>orto e un frutteto<\/strong> sostenibile.<\/p>\n<p>Riempi il tuo <strong>giardino e il tuo orto<\/strong> di colore, vita e versatilit\u00e0 con la <strong>borragine biologica Demeter<\/strong>, una pianta che unisce bellezza, utilit\u00e0 culinaria e benefici per la biodiversit\u00e0. Ordina oggi stesso e goditi questa meravigliosa variet\u00e0! <\/p>\n","protected":false},"featured_media":16241,"comment_status":"open","ping_status":"closed","template":"","meta":{"_acf_changed":false},"product_brand":[],"product_cat":[1309,436,482],"product_tag":[1383],"class_list":{"0":"post-19361","1":"product","2":"type-product","3":"status-publish","4":"has-post-thumbnail","6":"product_cat-consiglia-i-semi","7":"product_cat-semi-biologici","8":"product_cat-semi-di-fiori-commestibili-biologici","9":"product_tag-demeter-it","11":"first","12":"instock","13":"taxable","14":"shipping-taxable","15":"purchasable","16":"product-type-simple"},"acf":[],"_links":{"self":[{"href":"https:\/\/cultivers.es\/it\/wp-json\/wp\/v2\/product\/19361","targetHints":{"allow":["GET"]}}],"collection":[{"href":"https:\/\/cultivers.es\/it\/wp-json\/wp\/v2\/product"}],"about":[{"href":"https:\/\/cultivers.es\/it\/wp-json\/wp\/v2\/types\/product"}],"replies":[{"embeddable":true,"href":"https:\/\/cultivers.es\/it\/wp-json\/wp\/v2\/comments?post=19361"}],"wp:featuredmedia":[{"embeddable":true,"href":"https:\/\/cultivers.es\/it\/wp-json\/wp\/v2\/media\/16241"}],"wp:attachment":[{"href":"https:\/\/cultivers.es\/it\/wp-json\/wp\/v2\/media?parent=19361"}],"wp:term":[{"taxonomy":"product_brand","embeddable":true,"href":"https:\/\/cultivers.es\/it\/wp-json\/wp\/v2\/product_brand?post=19361"},{"taxonomy":"product_cat","embeddable":true,"href":"https:\/\/cultivers.es\/it\/wp-json\/wp\/v2\/product_cat?post=19361"},{"taxonomy":"product_tag","embeddable":true,"href":"https:\/\/cultivers.es\/it\/wp-json\/wp\/v2\/product_tag?post=19361"}],"curies":[{"name":"wp","href":"https:\/\/api.w.org\/{rel}","templated":true}]}}