{"id":19368,"date":"2022-11-29T14:26:55","date_gmt":"2022-11-29T14:26:55","guid":{"rendered":"https:\/\/cultivers.es\/abonos\/punzone-per-il-suolo\/"},"modified":"2025-09-22T04:44:11","modified_gmt":"2025-09-22T04:44:11","slug":"punzonatura-del-suolo","status":"publish","type":"product","link":"https:\/\/cultivers.es\/it\/fertilizzanti\/punzonatura-del-suolo\/","title":{"rendered":"Punzone per il suolo"},"content":{"rendered":"","protected":false},"excerpt":{"rendered":"<p>Melassa di canna con aminoacidi e glicina\/betaina.<br \/>\nMigliora le propriet\u00e0 del suolo: promuove l&#8217;attivit\u00e0 microbica nel terreno, facilitando la disponibilit\u00e0 di sostanze nutritive.<br \/>\nAumenta la fertilit\u00e0 del suolo, ne migliora le condizioni, stimola le interazioni suolo-pianta.<br \/>\nAlta concentrazione di aminoacidi organici: pu\u00f2 essere applicata durante tutta la stagione di crescita per migliorare le propriet\u00e0 fisico-chimiche del terreno.<br \/>\nHa una concentrazione del 42% di sostanza organica di origine vegetale, con una concentrazione del 10% di glicina\/betaina, che migliora le propriet\u00e0 osmoregolatrici della pianta e riduce gli episodi di stress causati da agenti esterni (biotici e abiotici).<br \/>\nPromuove raccolti abbondanti migliorando la capacit\u00e0 di trattenere acqua e nutrienti.<\/p>\n","protected":false},"featured_media":16321,"comment_status":"open","ping_status":"closed","template":"","meta":{"_acf_changed":false},"product_brand":[],"product_cat":[723],"product_tag":[],"woo-feed-brand":[],"class_list":{"0":"post-19368","1":"product","2":"type-product","3":"status-publish","4":"has-post-thumbnail","6":"product_cat-growpunch-it","8":"first","9":"instock","10":"taxable","11":"shipping-taxable","12":"purchasable","13":"product-type-variable"},"acf":[],"_links":{"self":[{"href":"https:\/\/cultivers.es\/it\/wp-json\/wp\/v2\/product\/19368","targetHints":{"allow":["GET"]}}],"collection":[{"href":"https:\/\/cultivers.es\/it\/wp-json\/wp\/v2\/product"}],"about":[{"href":"https:\/\/cultivers.es\/it\/wp-json\/wp\/v2\/types\/product"}],"replies":[{"embeddable":true,"href":"https:\/\/cultivers.es\/it\/wp-json\/wp\/v2\/comments?post=19368"}],"wp:featuredmedia":[{"embeddable":true,"href":"https:\/\/cultivers.es\/it\/wp-json\/wp\/v2\/media\/16321"}],"wp:attachment":[{"href":"https:\/\/cultivers.es\/it\/wp-json\/wp\/v2\/media?parent=19368"}],"wp:term":[{"taxonomy":"product_brand","embeddable":true,"href":"https:\/\/cultivers.es\/it\/wp-json\/wp\/v2\/product_brand?post=19368"},{"taxonomy":"product_cat","embeddable":true,"href":"https:\/\/cultivers.es\/it\/wp-json\/wp\/v2\/product_cat?post=19368"},{"taxonomy":"product_tag","embeddable":true,"href":"https:\/\/cultivers.es\/it\/wp-json\/wp\/v2\/product_tag?post=19368"},{"taxonomy":"woo-feed-brand","embeddable":true,"href":"https:\/\/cultivers.es\/it\/wp-json\/wp\/v2\/woo-feed-brand?post=19368"}],"curies":[{"name":"wp","href":"https:\/\/api.w.org\/{rel}","templated":true}]}}