{"id":19441,"date":"2022-11-29T09:21:01","date_gmt":"2022-11-29T09:21:01","guid":{"rendered":"https:\/\/cultivers.es\/abonos\/semi-di-mizuna-asiatica-biologica-microgreen\/"},"modified":"2025-09-22T05:06:24","modified_gmt":"2025-09-22T05:06:24","slug":"verdura-asiatica-eco-mizuna-microverde","status":"publish","type":"product","link":"https:\/\/cultivers.es\/it\/fertilizzanti\/verdura-asiatica-eco-mizuna-microverde\/","title":{"rendered":"Semi di verdure asiatiche Mizuna Microgreen"},"content":{"rendered":"<p><strong>Come coltivare i microgreens passo dopo passo<\/strong><br \/>\nLe micro piante sono molto facili da piantare e da curare. Ma, prima di tutto, bisogna sapere che crescono direttamente nel terreno o in vassoi di coltivazione. Non hanno bisogno di molto spazio, quindi possono essere coltivate sia in casa che all&#8217;aperto. Hanno bisogno di luce solare indiretta e di essere annaffiate una volta al giorno.<\/p>\n<p>I microgreens vengono solitamente raccolti tra i 7 e i 14 giorni dopo la germinazione, quando compaiono le prime foglie. \u00c8 consigliabile raccoglierli nel momento in cui devono essere consumati.<\/p>\n<p><strong>Materiali necessari:<\/strong><\/p>\n<p>- In vaschette o direttamente in giardino.<br \/>\n- Semi biologici.<br \/>\n- Substrato di coltivazione ecologico o terriccio miscelato con 60% di torba o fibra + 40% di hummus di lombrico.<br \/>\n- Spruzzatore.<\/p>\n<p><strong>Passi da compiere:<\/strong><\/p>\n<p>1. Lava i semi e mettili a bagno<br \/>\nPrima di tutto, devi lavare i semi con un setaccio o un sacchetto per la germinazione. Poi, a seconda delle dimensioni dei semi, mettili a bagno per 4-8 ore a<br \/>\n.  Si noti che i semi mucillaginosi, come quelli di rucola, crescione, senape o basilico, non vanno messi in ammollo.<\/p>\n<p>2. Porre i semi direttamente sul substrato umido.<\/p>\n<p>3. Prepara la superficie di coltivazione<br \/>\nPer coltivare i tuoi microgreens, puoi utilizzare un tipico vassoio da coltivazione e stendere il substrato su di esso, formando uno strato profondo da 2 a 3 cm. In alternativa, \u00e8 possibile utilizzare germinatoi, vassoi di germinazione di grandi dimensioni o, nel caso di un orto o di un micro-orto, utilizzare vasi.<\/p>\n<p>4. Dopo la scelta, bagna il terreno con acqua fino a quando non sar\u00e0 umido e<br \/>\nsoffice.<\/p>\n<p><strong>Semina<\/strong><\/p>\n<p>5. Spargete i semi germinati (o non germinati) in modo uniforme sul terreno, compattandolo un po&#8217;. Deve essere ben riempito di semi e con poco spazio tra di essi. Poi bagnateli con lo spruzzatore.<\/p>\n<p>Importante: se avete scelto di seminare in un vassoio, copritelo con un altro vassoio delle stesse dimensioni. Se si sceglie un germinatoio, utilizzare un panno. In entrambi i casi lasciare riposare per 3-4 giorni. Se avete scelto un micro-giardino, ricordate che \u00e8 auto-irrigante e mantiene un&#8217;umidit\u00e0 ottimale.<\/p>\n<p>Dopo qualche giorno, scoprite il vassoio e mettetelo alla luce indiretta. Questo non \u00e8 necessario nei micro-giardini, poich\u00e9 la luce \u00e8 gi\u00e0 incorporata.<\/p>\n<p><strong>Manutenzione<\/strong><\/p>\n<p>Per favorire la proliferazione dei microgreens, il terreno deve essere sempre umido, ma non zuppo d&#8217;acqua, e si consiglia di annaffiare con uno spruzzatore. Inoltre, se volete aumentare il loro valore nutrizionale, potete arricchire le piante con composti ricchi di oligoelementi. Si pu\u00f2 usare la polvere di kelp o il compost macerato.<\/p>\n<p><strong>Raccogliere<\/strong><\/p>\n<p>Da 2 a 4 settimane dopo la semina, raccogli i microgreens con le forbici.<br \/>\nPer farlo, prendi a mano dei piccoli mazzetti, dall&#8217;esterno verso l&#8217;interno e a livello del terreno.<br \/>\nPoi mettili a bagno in una ciotola d&#8217;acqua, scolali bene e il gioco \u00e8 fatto: <strong>pronti da mangiare!<\/strong><\/p>\n<p>A volte, se si continua a innaffiare gli steli, pu\u00f2 iniziare un secondo raccolto. In caso contrario, potete sempre riutilizzare il terriccio per fare il compost.<\/p>\n<p>Come usare e conservare i microgreens<br \/>\nIdealmente, i microgreens dovrebbero essere consumati dopo la raccolta, ma possono anche essere conservati in frigorifero per qualche giorno. L&#8217;unico inconveniente \u00e8 che potrebbero perdere sapore e propriet\u00e0 nutrizionali. Per mantenerle fresche, riponetele in un contenitore di vetro e copritele con pellicola trasparente. In questo modo, potrai utilizzarli in insalate, pizze, panini o anche saltarli in padella.<br \/>\nCome vedi, coltivare microgreens in casa \u00e8 facile e semplice, senza dover aspettare mesi per vedere i risultati, e puoi trasformarlo in un&#8217;attivit\u00e0 familiare.<\/p>\n","protected":false},"excerpt":{"rendered":"<p>La <strong>Mizuna<\/strong> (<em>Brassica rapa var. nipposinica <\/em>) \u00e8 un ortaggio asiatico caratterizzato da <strong>foglie tenere e seghettate<\/strong> dal sapore delicato e leggermente piccante. Coltivata come <strong>microverdura<\/strong>, la mizuna aggiunge un tocco fresco, nutriente e decorativo a insalate, panini, zuppe e piatti gourmet. La sua crescita rapida e la facilit\u00e0 di coltivazione la rendono una scelta ideale per una raccolta sostenibile e sana in casa o in <strong>giardino<\/strong>.  <\/p>\n<p><strong>Foglie tenere e saporite: la<\/strong> Mizuna \u00e8 una microverdura che produce foglie piccole e delicate con un sapore dolce, fresco e leggermente piccante che esalta qualsiasi piatto.<\/p>\n<p><strong>Alto valore nutrizionale:<\/strong> ricco di vitamine A, C, K, antiossidanti e minerali, \u00e8 un&#8217;ottima fonte di nutrienti essenziali per una dieta equilibrata.<\/p>\n<p><strong>Crescita facile e veloce:<\/strong> perfetta per essere raccolta in pochi giorni (7-14 giorni dalla semina), in casa, in vassoio o in giardino. Ideale per i principianti e i coltivatori per hobby. <\/p>\n<p><strong>Uso versatile in cucina:<\/strong> aggiunge un tocco decorativo e nutriente a insalate, panini, ciotole e altri piatti, rendendolo un ingrediente fresco e attraente.<\/p>\n<p><strong>Coltivazione biologica:<\/strong> i nostri semi sono <strong>100% biologici<\/strong>, privi di pesticidi e fertilizzanti chimici, garantendo una produzione sostenibile ed ecologica.<\/p>\n<p>Goditi la freschezza e il gusto inconfondibile di <strong>Microgreen Organic Mizuna<\/strong>, un ingrediente sano e facile da coltivare che porter\u00e0 qualit\u00e0 e creativit\u00e0 nella tua cucina. Ordina oggi stesso e inizia a gustare questo superfood a casa tua o nel tuo giardino! <\/p>\n","protected":false},"featured_media":15631,"comment_status":"open","ping_status":"closed","template":"","meta":{"_acf_changed":false},"product_brand":[],"product_cat":[736],"product_tag":[1577],"class_list":{"0":"post-19441","1":"product","2":"type-product","3":"status-publish","4":"has-post-thumbnail","6":"product_cat-microgreen-ecologico-it","7":"product_tag-eco","9":"first","10":"instock","11":"sale","12":"featured","13":"taxable","14":"shipping-taxable","15":"purchasable","16":"product-type-simple"},"acf":[],"_links":{"self":[{"href":"https:\/\/cultivers.es\/it\/wp-json\/wp\/v2\/product\/19441","targetHints":{"allow":["GET"]}}],"collection":[{"href":"https:\/\/cultivers.es\/it\/wp-json\/wp\/v2\/product"}],"about":[{"href":"https:\/\/cultivers.es\/it\/wp-json\/wp\/v2\/types\/product"}],"replies":[{"embeddable":true,"href":"https:\/\/cultivers.es\/it\/wp-json\/wp\/v2\/comments?post=19441"}],"wp:featuredmedia":[{"embeddable":true,"href":"https:\/\/cultivers.es\/it\/wp-json\/wp\/v2\/media\/15631"}],"wp:attachment":[{"href":"https:\/\/cultivers.es\/it\/wp-json\/wp\/v2\/media?parent=19441"}],"wp:term":[{"taxonomy":"product_brand","embeddable":true,"href":"https:\/\/cultivers.es\/it\/wp-json\/wp\/v2\/product_brand?post=19441"},{"taxonomy":"product_cat","embeddable":true,"href":"https:\/\/cultivers.es\/it\/wp-json\/wp\/v2\/product_cat?post=19441"},{"taxonomy":"product_tag","embeddable":true,"href":"https:\/\/cultivers.es\/it\/wp-json\/wp\/v2\/product_tag?post=19441"}],"curies":[{"name":"wp","href":"https:\/\/api.w.org\/{rel}","templated":true}]}}