{"id":19479,"date":"2022-10-07T11:31:14","date_gmt":"2022-10-07T11:31:14","guid":{"rendered":"https:\/\/cultivers.es\/abonos\/semi-di-fiordaliso-biologici\/"},"modified":"2025-09-22T04:42:39","modified_gmt":"2025-09-22T04:42:39","slug":"sementi-biologiche-acquee-ecologiche","status":"publish","type":"product","link":"https:\/\/cultivers.es\/it\/fertilizzanti\/sementi-biologiche-acquee-ecologiche\/","title":{"rendered":"Semi di fiordaliso"},"content":{"rendered":"","protected":false},"excerpt":{"rendered":"<p>Il <strong>fiordaliso<\/strong><em>(Centaurea cyanus<\/em>), noto anche come &#8220;azulejo&#8221; o &#8220;fiore di ginestra&#8221;, \u00e8 una pianta annuale apprezzata per i suoi <strong>fiori di colore blu intenso<\/strong>, che donano un tocco selvaggio ed elegante al <strong>frutteto e al giardino<\/strong>. Oltre al suo valore ornamentale, il fiordaliso \u00e8 una pianta benefica che attira impollinatori come api e farfalle, contribuendo alla biodiversit\u00e0 e all&#8217;equilibrio naturale dell&#8217;ambiente. \u00c8 ideale per prati naturali, bordure fiorite o come fiore reciso per composizioni decorative.  <\/p>\n<p><strong>Eleganti fiori blu:<\/strong> I loro delicati e vivaci fiori blu abbelliscono qualsiasi spazio, dando un tocco naturale e colorato all&#8217;<strong>orto e al frutteto<\/strong>.<\/p>\n<p><strong>Attraente per gli impollinatori:<\/strong> i suoi fiori sono ricchi di nettare e rappresentano una fonte di cibo essenziale per api, farfalle e altri insetti utili.<\/p>\n<p><strong>Fioritura prolungata:<\/strong> fiorisce durante la primavera e l&#8217;estate, offrendo uno spettacolo di colori continuo per mesi.<\/p>\n<p><strong>Uso nelle composizioni floreali:<\/strong> i suoi fiori sono perfetti come fiori recisi, sia per bouquet freschi che per composizioni secche, grazie alla loro durata e al loro colore attraente.<\/p>\n<p><strong>Facile da coltivare:<\/strong> \u00e8 una pianta rustica, resistente e che richiede poca manutenzione, adattandosi bene a terreni poveri e a climi variegati, ideale per i principianti e per i giardinieri esperti.<\/p>\n<p><strong>Coltivazione biologica:<\/strong> i nostri semi sono <strong>100% biologici<\/strong>, privi di pesticidi e fertilizzanti chimici, per promuovere un <strong>giardino<\/strong> sostenibile ed ecologico.<\/p>\n<p>Coltiva il <strong>fiordaliso biologico<\/strong> e goditi la sua bellezza selvaggia, la sua capacit\u00e0 di attirare gli impollinatori e il suo valore decorativo, trasformando il tuo <strong>giardino e il tuo orto<\/strong> in uno spazio pieno di vita e di colore.<\/p>\n","protected":false},"featured_media":15966,"comment_status":"open","ping_status":"closed","template":"","meta":{"_acf_changed":false},"product_brand":[],"product_cat":[436,482],"product_tag":[1577],"class_list":{"0":"post-19479","1":"product","2":"type-product","3":"status-publish","4":"has-post-thumbnail","6":"product_cat-semi-biologici","7":"product_cat-semi-di-fiori-commestibili-biologici","8":"product_tag-eco","10":"first","11":"instock","12":"taxable","13":"shipping-taxable","14":"purchasable","15":"product-type-simple"},"acf":[],"_links":{"self":[{"href":"https:\/\/cultivers.es\/it\/wp-json\/wp\/v2\/product\/19479","targetHints":{"allow":["GET"]}}],"collection":[{"href":"https:\/\/cultivers.es\/it\/wp-json\/wp\/v2\/product"}],"about":[{"href":"https:\/\/cultivers.es\/it\/wp-json\/wp\/v2\/types\/product"}],"replies":[{"embeddable":true,"href":"https:\/\/cultivers.es\/it\/wp-json\/wp\/v2\/comments?post=19479"}],"wp:featuredmedia":[{"embeddable":true,"href":"https:\/\/cultivers.es\/it\/wp-json\/wp\/v2\/media\/15966"}],"wp:attachment":[{"href":"https:\/\/cultivers.es\/it\/wp-json\/wp\/v2\/media?parent=19479"}],"wp:term":[{"taxonomy":"product_brand","embeddable":true,"href":"https:\/\/cultivers.es\/it\/wp-json\/wp\/v2\/product_brand?post=19479"},{"taxonomy":"product_cat","embeddable":true,"href":"https:\/\/cultivers.es\/it\/wp-json\/wp\/v2\/product_cat?post=19479"},{"taxonomy":"product_tag","embeddable":true,"href":"https:\/\/cultivers.es\/it\/wp-json\/wp\/v2\/product_tag?post=19479"}],"curies":[{"name":"wp","href":"https:\/\/api.w.org\/{rel}","templated":true}]}}