{"id":19496,"date":"2022-10-07T08:32:22","date_gmt":"2022-10-07T08:32:22","guid":{"rendered":"https:\/\/cultivers.es\/abonos\/semi-di-cartamo-biologici\/"},"modified":"2025-09-22T05:06:17","modified_gmt":"2025-09-22T05:06:17","slug":"carthamo-semi-ecologici","status":"publish","type":"product","link":"https:\/\/cultivers.es\/it\/fertilizzanti\/carthamo-semi-ecologici\/","title":{"rendered":"Semi di cartamo"},"content":{"rendered":"","protected":false},"excerpt":{"rendered":"<p>Il <strong>cartamo<\/strong><em>(Carthamus tinctorius<\/em>) \u00e8 una pianta annuale molto apprezzata per il suo valore ornamentale e per la sua utilit\u00e0 in <strong>giardino e nel frutteto<\/strong>. I suoi vivaci fiori <strong>gialli<\/strong> o <strong>arancioni<\/strong> aggiungono un tocco selvaggio e luminoso, mentre i suoi semi hanno applicazioni sia culinarie che erboristiche. Inoltre, il cartamo \u00e8 resistente alla siccit\u00e0 e attira gli impollinatori, contribuendo alla biodiversit\u00e0 e all&#8217;equilibrio naturale di ogni spazio.  <\/p>\n<p><strong>Fiori vivaci e decorativi:<\/strong> produce fiori dai toni arancioni e gialli che riempiono di vita il <strong>frutteto e il giardino<\/strong>, essendo perfetti per creare aiuole o bordure naturali.<\/p>\n<p><strong>Attraente per gli impollinatori:<\/strong> i suoi fiori ricchi di nettare attraggono api e farfalle, promuovendo la biodiversit\u00e0 e beneficiando l&#8217;ambiente.<\/p>\n<p><strong>Resistente alla siccit\u00e0: il<\/strong> cartamo \u00e8 adattato a terreni poveri e a condizioni di siccit\u00e0, il che lo rende una scelta ideale per i climi caldi e la bassa manutenzione.<\/p>\n<p><strong>Semi con usi tradizionali:<\/strong> i suoi semi sono stati tradizionalmente utilizzati per l&#8217;estrazione di oli salutari e in rimedi naturali per le loro propriet\u00e0 antiossidanti e antinfiammatorie.<\/p>\n<p><strong>Fioritura prolungata:<\/strong> fiorisce da met\u00e0 estate fino all&#8217;autunno, offrendo colore per una lunga stagione.<\/p>\n<p><strong>Facile da coltivare:<\/strong> pianta robusta e dalla crescita rapida, ideale sia per i principianti che per i giardinieri esperti.<\/p>\n<p><strong>Coltivazione biologica:<\/strong> i nostri semi sono <strong>100% biologici<\/strong>, privi di pesticidi e fertilizzanti chimici, per promuovere un <strong>giardino<\/strong> sostenibile ed ecologico.<\/p>\n<p>Coltiva il <strong>cartamo biologico<\/strong> e goditi i suoi fiori accattivanti, i suoi benefici tradizionali e la sua resistenza naturale, dando colore e vita al tuo <strong>giardino<\/strong> in modo sostenibile.<\/p>\n","protected":false},"featured_media":15951,"comment_status":"open","ping_status":"closed","template":"","meta":{"_acf_changed":false},"product_brand":[],"product_cat":[436,482],"product_tag":[1577],"class_list":{"0":"post-19496","1":"product","2":"type-product","3":"status-publish","4":"has-post-thumbnail","6":"product_cat-semi-biologici","7":"product_cat-semi-di-fiori-commestibili-biologici","8":"product_tag-eco","10":"first","11":"instock","12":"taxable","13":"shipping-taxable","14":"purchasable","15":"product-type-simple"},"acf":[],"_links":{"self":[{"href":"https:\/\/cultivers.es\/it\/wp-json\/wp\/v2\/product\/19496","targetHints":{"allow":["GET"]}}],"collection":[{"href":"https:\/\/cultivers.es\/it\/wp-json\/wp\/v2\/product"}],"about":[{"href":"https:\/\/cultivers.es\/it\/wp-json\/wp\/v2\/types\/product"}],"replies":[{"embeddable":true,"href":"https:\/\/cultivers.es\/it\/wp-json\/wp\/v2\/comments?post=19496"}],"wp:featuredmedia":[{"embeddable":true,"href":"https:\/\/cultivers.es\/it\/wp-json\/wp\/v2\/media\/15951"}],"wp:attachment":[{"href":"https:\/\/cultivers.es\/it\/wp-json\/wp\/v2\/media?parent=19496"}],"wp:term":[{"taxonomy":"product_brand","embeddable":true,"href":"https:\/\/cultivers.es\/it\/wp-json\/wp\/v2\/product_brand?post=19496"},{"taxonomy":"product_cat","embeddable":true,"href":"https:\/\/cultivers.es\/it\/wp-json\/wp\/v2\/product_cat?post=19496"},{"taxonomy":"product_tag","embeddable":true,"href":"https:\/\/cultivers.es\/it\/wp-json\/wp\/v2\/product_tag?post=19496"}],"curies":[{"name":"wp","href":"https:\/\/api.w.org\/{rel}","templated":true}]}}