{"id":19497,"date":"2022-10-07T08:32:44","date_gmt":"2022-10-07T08:32:44","guid":{"rendered":"https:\/\/cultivers.es\/abonos\/semi-biologici-di-arancio-cosmos\/"},"modified":"2025-09-22T04:43:17","modified_gmt":"2025-09-22T04:43:17","slug":"semi-di-arancia-cosmo-biologici","status":"publish","type":"product","link":"https:\/\/cultivers.es\/it\/fertilizzanti\/semi-di-arancia-cosmo-biologici\/","title":{"rendered":"Semi di arancio Cosmos"},"content":{"rendered":"","protected":false},"excerpt":{"rendered":"<p>Il <strong>Cosmos arancione<\/strong><em>(Cosmos sulphureus<\/em>) \u00e8 una pianta annuale dalla fioritura vivace che si distingue per i suoi fiori <strong>di colore arancione<\/strong> brillante, che donano luce ed energia al <strong>giardino e al frutteto<\/strong>. Questa pianta ornamentale \u00e8 resistente, facile da coltivare e molto apprezzata per la sua capacit\u00e0 di attrarre impollinatori come api e farfalle, promuovendo la biodiversit\u00e0 e la salute del tuo spazio verde. <\/p>\n<p><strong>Fiori arancioni vibranti:<\/strong> i loro petali delicati e l&#8217;intenso colore arancione creano un effetto visivo spettacolare, ideale per abbellire bordure, aiuole o spazi naturali.<\/p>\n<p><strong>Attraente per gli impollinatori:<\/strong> i suoi fiori ricchi di nettare attirano api, farfalle e altri insetti benefici, contribuendo all&#8217;equilibrio dell&#8217;ecosistema del <strong>frutteto e del giardino<\/strong>.<\/p>\n<p><strong>Resistente e facile da coltivare:<\/strong> adattabile ai terreni poveri e resistente alla siccit\u00e0, il cosmo arancione cresce facilmente, richiede poche cure ed \u00e8 ideale per i giardinieri di ogni livello.<\/p>\n<p><strong>Fioritura prolungata:<\/strong> fiorisce da met\u00e0 estate fino all&#8217;autunno inoltrato, offrendo colore e vita per tutta la stagione.<\/p>\n<p><strong>Crescita rapida: si<\/strong> sviluppa rapidamente, creando un manto naturale e colorato in poco tempo.<\/p>\n<p><strong>Coltivazione biologica:<\/strong> i nostri semi sono <strong>100% biologici<\/strong>, privi di pesticidi e fertilizzanti chimici, per garantire un <strong>giardino<\/strong> sostenibile ed ecologico.<\/p>\n<p>Goditi la bellezza e la resistenza del <strong>Cosmo Arancione Biologico<\/strong>, una pianta che rallegrer\u00e0 il tuo <strong>giardino e il tuo orto<\/strong> portando vita e colore al tuo spazio di coltivazione. Aggiungilo alla tua piantagione e trasforma il tuo ambiente in modo naturale e vibrante! <\/p>\n","protected":false},"featured_media":15961,"comment_status":"open","ping_status":"closed","template":"","meta":{"_acf_changed":false},"product_brand":[],"product_cat":[436,482],"product_tag":[1577],"class_list":{"0":"post-19497","1":"product","2":"type-product","3":"status-publish","4":"has-post-thumbnail","6":"product_cat-semi-biologici","7":"product_cat-semi-di-fiori-commestibili-biologici","8":"product_tag-eco","10":"first","11":"instock","12":"sale","13":"taxable","14":"shipping-taxable","15":"purchasable","16":"product-type-simple"},"acf":[],"_links":{"self":[{"href":"https:\/\/cultivers.es\/it\/wp-json\/wp\/v2\/product\/19497","targetHints":{"allow":["GET"]}}],"collection":[{"href":"https:\/\/cultivers.es\/it\/wp-json\/wp\/v2\/product"}],"about":[{"href":"https:\/\/cultivers.es\/it\/wp-json\/wp\/v2\/types\/product"}],"replies":[{"embeddable":true,"href":"https:\/\/cultivers.es\/it\/wp-json\/wp\/v2\/comments?post=19497"}],"wp:featuredmedia":[{"embeddable":true,"href":"https:\/\/cultivers.es\/it\/wp-json\/wp\/v2\/media\/15961"}],"wp:attachment":[{"href":"https:\/\/cultivers.es\/it\/wp-json\/wp\/v2\/media?parent=19497"}],"wp:term":[{"taxonomy":"product_brand","embeddable":true,"href":"https:\/\/cultivers.es\/it\/wp-json\/wp\/v2\/product_brand?post=19497"},{"taxonomy":"product_cat","embeddable":true,"href":"https:\/\/cultivers.es\/it\/wp-json\/wp\/v2\/product_cat?post=19497"},{"taxonomy":"product_tag","embeddable":true,"href":"https:\/\/cultivers.es\/it\/wp-json\/wp\/v2\/product_tag?post=19497"}],"curies":[{"name":"wp","href":"https:\/\/api.w.org\/{rel}","templated":true}]}}