{"id":19498,"date":"2022-10-07T08:33:14","date_gmt":"2022-10-07T08:33:14","guid":{"rendered":"https:\/\/cultivers.es\/abonos\/semi-di-calendula-biologici\/"},"modified":"2025-09-22T04:42:52","modified_gmt":"2025-09-22T04:42:52","slug":"semi-di-calendula-biologici","status":"publish","type":"product","link":"https:\/\/cultivers.es\/it\/fertilizzanti\/semi-di-calendula-biologici\/","title":{"rendered":"Semi di calendula biodinamica Demeter"},"content":{"rendered":"","protected":false},"excerpt":{"rendered":"<p>Riempi il tuo giardino di colori e benefici con i nostri semi di calendula biologica Demeter. Questa pianta, nota sia per la sua bellezza ornamentale che per le sue propriet\u00e0 medicinali, \u00e8 perfetta per abbellire qualsiasi giardino o orto. I fiori di calendula non solo attirano gli impollinatori, ma possono anche essere utilizzati per tisane, oli e prodotti naturali per la cura della pelle. Con la certificazione Demeter, puoi essere certo di coltivare in modo sostenibile e rispettoso dell&#8217;ambiente.   <\/p>\n<ul>\n<li><strong>I fiori sono vivaci e duraturi: le<\/strong> calendule producono fiori di un vivace colore arancione o giallo che rallegrano qualsiasi giardino. Oltre al loro valore estetico, questi fiori sono commestibili e possono essere utilizzati per decorare insalate o preparare tisane. <\/li>\n<li><strong>Propriet\u00e0 medicinali:<\/strong> nota per le sue propriet\u00e0 antinfiammatorie e curative, la calendula \u00e8 comunemente utilizzata nei rimedi naturali per la cura della pelle e negli oli essenziali. \u00c8 l&#8217;ideale per chi cerca piante con usi medicinali. <\/li>\n<li><strong>Attrazione per gli impollinatori:<\/strong> il tagete \u00e8 eccellente per attirare api e farfalle nel tuo giardino, contribuendo alla biodiversit\u00e0 e migliorando l&#8217;impollinazione di altre piante.<\/li>\n<li><strong>Facile da coltivare:<\/strong> questa pianta \u00e8 resistente e si adatta bene a diversi tipi di terreni e climi. \u00c8 ideale per i principianti e per i giardinieri esperti che vogliono godere di fiori bellissimi e facili da mantenere. <\/li>\n<li><strong>Certificazione Demeter:<\/strong> questi semi sono certificati da Demeter, che garantisce che sono coltivati secondo i principi dell&#8217;agricoltura biodinamica, rispettando la salute del suolo e l&#8217;equilibrio naturale dell&#8217;ecosistema.<\/li>\n<li><strong>Coltivazione biologica:<\/strong> i nostri semi sono 100% biologici, il che assicura una coltivazione priva di pesticidi e sostanze chimiche, garantendo un raccolto sano e sostenibile.<\/li>\n<\/ul>\n<p>Aggiungi colore, biodiversit\u00e0 e propriet\u00e0 curative al tuo giardino con i nostri semi di calendula biologica Demeter. Perfetti per chi cerca una pianta ornamentale e medicinale, coltivata nel rispetto dell&#8217;ambiente, ordina oggi stesso e goditi i suoi molteplici benefici nel tuo giardino!  <\/p>\n","protected":false},"featured_media":45348,"comment_status":"open","ping_status":"closed","template":"","meta":{"_acf_changed":false},"product_brand":[],"product_cat":[436,1305],"product_tag":[1383],"class_list":{"0":"post-19498","1":"product","2":"type-product","3":"status-publish","4":"has-post-thumbnail","6":"product_cat-semi-biologici","7":"product_cat-semi-di-demeter","8":"product_tag-demeter-it","10":"first","11":"instock","12":"taxable","13":"shipping-taxable","14":"purchasable","15":"product-type-simple"},"acf":[],"_links":{"self":[{"href":"https:\/\/cultivers.es\/it\/wp-json\/wp\/v2\/product\/19498","targetHints":{"allow":["GET"]}}],"collection":[{"href":"https:\/\/cultivers.es\/it\/wp-json\/wp\/v2\/product"}],"about":[{"href":"https:\/\/cultivers.es\/it\/wp-json\/wp\/v2\/types\/product"}],"replies":[{"embeddable":true,"href":"https:\/\/cultivers.es\/it\/wp-json\/wp\/v2\/comments?post=19498"}],"wp:featuredmedia":[{"embeddable":true,"href":"https:\/\/cultivers.es\/it\/wp-json\/wp\/v2\/media\/45348"}],"wp:attachment":[{"href":"https:\/\/cultivers.es\/it\/wp-json\/wp\/v2\/media?parent=19498"}],"wp:term":[{"taxonomy":"product_brand","embeddable":true,"href":"https:\/\/cultivers.es\/it\/wp-json\/wp\/v2\/product_brand?post=19498"},{"taxonomy":"product_cat","embeddable":true,"href":"https:\/\/cultivers.es\/it\/wp-json\/wp\/v2\/product_cat?post=19498"},{"taxonomy":"product_tag","embeddable":true,"href":"https:\/\/cultivers.es\/it\/wp-json\/wp\/v2\/product_tag?post=19498"}],"curies":[{"name":"wp","href":"https:\/\/api.w.org\/{rel}","templated":true}]}}