{"id":19501,"date":"2022-10-07T08:08:14","date_gmt":"2022-10-07T08:08:14","guid":{"rendered":"https:\/\/cultivers.es\/abonos\/semi-di-papavero-arancione-biologico-della-california\/"},"modified":"2025-09-22T05:15:21","modified_gmt":"2025-09-22T05:15:21","slug":"californiano-arancio-mela-semi-ecologico-ecologico","status":"publish","type":"product","link":"https:\/\/cultivers.es\/it\/fertilizzanti\/californiano-arancio-mela-semi-ecologico-ecologico\/","title":{"rendered":"Semi di papavero della California arancione"},"content":{"rendered":"","protected":false},"excerpt":{"rendered":"<p>Il <strong>papavero della California<\/strong> (Eschscholzia californica) \u00e8 una pianta annuale che abbaglia con i suoi vibranti fiori <strong>arancioni<\/strong>, portando vita e gioia sia nell&#8217;<strong>orto<\/strong> che nel <strong>frutteto<\/strong>. La sua lunga fioritura, la resistenza alla siccit\u00e0 e la facilit\u00e0 di coltivazione la rendono una scelta ideale per abbellire aiuole, bordure o spazi naturali. \u00c8 anche una pianta benefica che attira impollinatori come api e farfalle, contribuendo a un ecosistema equilibrato.  <\/p>\n<p><strong>Fiori vivaci e allegri:<\/strong> i suoi petali arancioni intensi creano uno spettacolo visivo nel <strong>frutteto e nel giardino<\/strong>, portando calore e colore in ogni spazio.<\/p>\n<p><strong>Attraente per gli impollinatori:<\/strong> i suoi fiori sono una fonte di nettare che attira api e altri insetti benefici, favorendo la biodiversit\u00e0.<\/p>\n<p><strong>Resistente e adattabile: il<\/strong> papavero della California \u00e8 molto resistente alla siccit\u00e0 e alle cattive condizioni del terreno, il che lo rende ideale per i climi caldi e secchi.<\/p>\n<p><strong>Fioritura prolungata:<\/strong> offre una fioritura di lunga durata che inizia in primavera e pu\u00f2 prolungarsi fino all&#8217;estate, riempiendo lo spazio di colore e freschezza.<\/p>\n<p><strong>Facile da coltivare:<\/strong> seminata direttamente in terra o in vaso, richiede poche cure ed \u00e8 perfetta per i principianti e i giardinieri esperti.<\/p>\n<p><strong>Coltivazione biologica:<\/strong> i nostri semi sono <strong>100% biologici<\/strong>, privi di pesticidi e fertilizzanti chimici, per garantire un <strong>giardino<\/strong> e un <strong>frutteto<\/strong> sostenibile ed ecologico.<\/p>\n<p>Abbellisci il tuo <strong>giardino o il tuo orto<\/strong> con il <strong>Papavero della California arancione biologico<\/strong> e goditi un&#8217;esplosione di colore, natura e vita per tutta la stagione. Ordina oggi stesso e dai un tocco vibrante al tuo spazio! <\/p>\n","protected":false},"featured_media":15926,"comment_status":"open","ping_status":"closed","template":"","meta":{"_acf_changed":false},"product_brand":[],"product_cat":[436,484],"product_tag":[],"woo-feed-brand":[],"class_list":{"0":"post-19501","1":"product","2":"type-product","3":"status-publish","4":"has-post-thumbnail","6":"product_cat-semi-biologici","7":"product_cat-semi-di-fiori-biologici","9":"first","10":"outofstock","11":"taxable","12":"shipping-taxable","13":"purchasable","14":"product-type-simple"},"acf":[],"_links":{"self":[{"href":"https:\/\/cultivers.es\/it\/wp-json\/wp\/v2\/product\/19501","targetHints":{"allow":["GET"]}}],"collection":[{"href":"https:\/\/cultivers.es\/it\/wp-json\/wp\/v2\/product"}],"about":[{"href":"https:\/\/cultivers.es\/it\/wp-json\/wp\/v2\/types\/product"}],"replies":[{"embeddable":true,"href":"https:\/\/cultivers.es\/it\/wp-json\/wp\/v2\/comments?post=19501"}],"wp:featuredmedia":[{"embeddable":true,"href":"https:\/\/cultivers.es\/it\/wp-json\/wp\/v2\/media\/15926"}],"wp:attachment":[{"href":"https:\/\/cultivers.es\/it\/wp-json\/wp\/v2\/media?parent=19501"}],"wp:term":[{"taxonomy":"product_brand","embeddable":true,"href":"https:\/\/cultivers.es\/it\/wp-json\/wp\/v2\/product_brand?post=19501"},{"taxonomy":"product_cat","embeddable":true,"href":"https:\/\/cultivers.es\/it\/wp-json\/wp\/v2\/product_cat?post=19501"},{"taxonomy":"product_tag","embeddable":true,"href":"https:\/\/cultivers.es\/it\/wp-json\/wp\/v2\/product_tag?post=19501"},{"taxonomy":"woo-feed-brand","embeddable":true,"href":"https:\/\/cultivers.es\/it\/wp-json\/wp\/v2\/woo-feed-brand?post=19501"}],"curies":[{"name":"wp","href":"https:\/\/api.w.org\/{rel}","templated":true}]}}