{"id":19535,"date":"2022-10-07T07:20:09","date_gmt":"2022-10-07T07:20:09","guid":{"rendered":"https:\/\/cultivers.es\/abonos\/semi-di-prezzemolo-gigante-italiano\/"},"modified":"2025-09-22T05:18:34","modified_gmt":"2025-09-22T05:18:34","slug":"prezzemolo-semi-di-prezzemolo-gia-da-italia","status":"publish","type":"product","link":"https:\/\/cultivers.es\/it\/fertilizzanti\/prezzemolo-semi-di-prezzemolo-gia-da-italia\/","title":{"rendered":"Semi di prezzemolo gigante italiano"},"content":{"rendered":"","protected":false},"excerpt":{"rendered":"<p>Il <strong>prezzemolo gigante italiano<\/strong> \u00e8 una variet\u00e0 nota per le sue foglie grandi e di colore verde intenso e per la sua consistenza morbida. Questa variet\u00e0 di prezzemolo \u00e8 apprezzata sia per le sue dimensioni che per il suo sapore robusto e fresco, che lo rende una scelta ideale per condire un&#8217;ampia variet\u00e0 di piatti, dalle insalate alle zuppe, dagli stufati alle salse. \u00c8 anche una pianta facile da coltivare che si adatta bene a diversi tipi di terreno, ideale per il tuo <strong>giardino<\/strong> o <strong>orto<\/strong>.  <\/p>\n<p><strong>Foglie grandi e morbide:<\/strong> le foglie di questo prezzemolo sono di dimensioni notevoli, perfette per chi cerca un raccolto abbondante e di alta qualit\u00e0.<\/p>\n<p><strong>Sapore fresco e deciso:<\/strong> il suo sapore intenso e rinfrescante lo rende perfetto per aggiungere un tocco speciale alle tue ricette preferite, come stufati, insalate, salse e molto altro.<\/p>\n<p><strong>Pianta resistente e produttiva:<\/strong> questo prezzemolo cresce facilmente, offrendo un raccolto abbondante per tutta la stagione.<\/p>\n<p><strong>Ricco di sostanze nutritive:<\/strong> Il prezzemolo \u00e8 un&#8217;eccellente fonte di vitamine A, C, K e di minerali come il ferro, che lo rendono un&#8217;ottima aggiunta a una dieta sana.<\/p>\n<p><strong>Facile da coltivare:<\/strong> si adatta bene a condizioni climatiche e terreni diversi, rendendola adatta sia ai principianti che ai giardinieri esperti.<\/p>\n<p><strong>Coltivazione biologica:<\/strong> i nostri semi sono <strong>100% biologici<\/strong>, privi di pesticidi e fertilizzanti chimici, per promuovere un <strong>giardino<\/strong> sostenibile ed ecologico.<\/p>\n<p>Goditi la freschezza e la versatilit\u00e0 del <strong>prezzemolo gigante di Italy Organic<\/strong> e aggiungi un tocco sano e delizioso ai tuoi piatti direttamente dal tuo <strong>giardino<\/strong> o <strong>orto<\/strong>. Ordina oggi stesso e inizia a raccogliere questa pianta aromatica nel tuo spazio verde! <\/p>\n","protected":false},"featured_media":15906,"comment_status":"open","ping_status":"closed","template":"","meta":{"_acf_changed":false},"product_brand":[],"product_cat":[732,436],"product_tag":[1577],"class_list":{"0":"post-19535","1":"product","2":"type-product","3":"status-publish","4":"has-post-thumbnail","6":"product_cat-semi-aromatici-biologici","7":"product_cat-semi-biologici","8":"product_tag-eco","10":"first","11":"instock","12":"taxable","13":"shipping-taxable","14":"purchasable","15":"product-type-simple"},"acf":[],"_links":{"self":[{"href":"https:\/\/cultivers.es\/it\/wp-json\/wp\/v2\/product\/19535","targetHints":{"allow":["GET"]}}],"collection":[{"href":"https:\/\/cultivers.es\/it\/wp-json\/wp\/v2\/product"}],"about":[{"href":"https:\/\/cultivers.es\/it\/wp-json\/wp\/v2\/types\/product"}],"replies":[{"embeddable":true,"href":"https:\/\/cultivers.es\/it\/wp-json\/wp\/v2\/comments?post=19535"}],"wp:featuredmedia":[{"embeddable":true,"href":"https:\/\/cultivers.es\/it\/wp-json\/wp\/v2\/media\/15906"}],"wp:attachment":[{"href":"https:\/\/cultivers.es\/it\/wp-json\/wp\/v2\/media?parent=19535"}],"wp:term":[{"taxonomy":"product_brand","embeddable":true,"href":"https:\/\/cultivers.es\/it\/wp-json\/wp\/v2\/product_brand?post=19535"},{"taxonomy":"product_cat","embeddable":true,"href":"https:\/\/cultivers.es\/it\/wp-json\/wp\/v2\/product_cat?post=19535"},{"taxonomy":"product_tag","embeddable":true,"href":"https:\/\/cultivers.es\/it\/wp-json\/wp\/v2\/product_tag?post=19535"}],"curies":[{"name":"wp","href":"https:\/\/api.w.org\/{rel}","templated":true}]}}