{"id":19555,"date":"2022-10-07T07:09:46","date_gmt":"2022-10-07T07:09:46","guid":{"rendered":"https:\/\/cultivers.es\/abonos\/semi-di-anice-biologici\/"},"modified":"2026-02-25T22:31:13","modified_gmt":"2026-02-25T22:31:13","slug":"semi-anis-ecologici","status":"publish","type":"product","link":"https:\/\/cultivers.es\/it\/fertilizzanti\/semi-anis-ecologici\/","title":{"rendered":"Semi di anice"},"content":{"rendered":"","protected":false},"excerpt":{"rendered":"<p>L <strong>&#8216;anice<\/strong> (Pimpinella anisum) \u00e8 una pianta aromatica apprezzata per il suo caratteristico aroma dolce e il sapore leggermente piccante, che ricorda la liquirizia. I suoi semi vengono utilizzati in cucina per aromatizzare dolci, pane, liquori, salse e piatti tradizionali, aggiungendo un tocco distintivo. Oltre al suo valore culinario, l&#8217;anice \u00e8 noto per le sue propriet\u00e0 digestive e calmanti, che lo rendono ideale per infusi e rimedi naturali. Questa pianta pu\u00f2 essere coltivata con successo sia in giardino che nell&#8217;<strong>orto<\/strong>, portando profumo, sapore e un fascino speciale al tuo spazio verde.   <\/p>\n<p><strong>Foglie e fiori aromatici:<\/strong> le sue foglie delicate e i suoi fiori bianchi sono la fonte di un aroma intenso, che profuma il <strong>frutteto e il giardino<\/strong>, creando un&#8217;atmosfera piacevole e attirando gli impollinatori.<\/p>\n<p><strong>Sapore dolce e piccante:<\/strong> i suoi semi conferiscono un sapore unico e dolce con note di liquirizia, perfetto per dessert, pane, liquori e bevande calde.<\/p>\n<p><strong>Uso culinario e medicinale:<\/strong> tradizionalmente utilizzati nella cucina mediterranea e nei rimedi naturali, i semi di anice aiutano a migliorare la digestione e ad alleviare i disturbi gastrici.<\/p>\n<p><strong>Ricco di sostanze nutritive:<\/strong> Fonte di oli essenziali, antiossidanti e composti benefici, l&#8217;anice aggiunge valore alla tua dieta e alla tua salute.<\/p>\n<p><strong>Facile da coltivare:<\/strong> adattabile a diversi terreni e climi, questa pianta \u00e8 adatta sia ai principianti che ai coltivatori esperti e pu\u00f2 essere coltivata in vaso, in aiuola o nelle bordure.<\/p>\n<p><strong>Coltivazione biologica:<\/strong> i nostri semi sono <strong>100% biologici<\/strong>, privi di pesticidi e fertilizzanti chimici, per garantire un <strong>giardino<\/strong> sostenibile ed ecologico.<\/p>\n<p>Goditi l&#8217;aroma, il sapore e le propriet\u00e0 dell&#8217;<strong>anice biologico<\/strong>, coltivato direttamente nel tuo <strong>giardino,<\/strong> arricchendo le tue preparazioni culinarie e creando un ambiente profumato e benefico.<\/p>\n","protected":false},"featured_media":15876,"comment_status":"open","ping_status":"closed","template":"","meta":{"_acf_changed":false},"product_brand":[],"product_cat":[732,436],"product_tag":[1577],"class_list":{"0":"post-19555","1":"product","2":"type-product","3":"status-publish","4":"has-post-thumbnail","6":"product_cat-semi-aromatici-biologici","7":"product_cat-semi-biologici","8":"product_tag-eco","10":"first","11":"instock","12":"sale","13":"taxable","14":"shipping-taxable","15":"purchasable","16":"product-type-simple"},"acf":[],"_links":{"self":[{"href":"https:\/\/cultivers.es\/it\/wp-json\/wp\/v2\/product\/19555","targetHints":{"allow":["GET"]}}],"collection":[{"href":"https:\/\/cultivers.es\/it\/wp-json\/wp\/v2\/product"}],"about":[{"href":"https:\/\/cultivers.es\/it\/wp-json\/wp\/v2\/types\/product"}],"replies":[{"embeddable":true,"href":"https:\/\/cultivers.es\/it\/wp-json\/wp\/v2\/comments?post=19555"}],"wp:featuredmedia":[{"embeddable":true,"href":"https:\/\/cultivers.es\/it\/wp-json\/wp\/v2\/media\/15876"}],"wp:attachment":[{"href":"https:\/\/cultivers.es\/it\/wp-json\/wp\/v2\/media?parent=19555"}],"wp:term":[{"taxonomy":"product_brand","embeddable":true,"href":"https:\/\/cultivers.es\/it\/wp-json\/wp\/v2\/product_brand?post=19555"},{"taxonomy":"product_cat","embeddable":true,"href":"https:\/\/cultivers.es\/it\/wp-json\/wp\/v2\/product_cat?post=19555"},{"taxonomy":"product_tag","embeddable":true,"href":"https:\/\/cultivers.es\/it\/wp-json\/wp\/v2\/product_tag?post=19555"}],"curies":[{"name":"wp","href":"https:\/\/api.w.org\/{rel}","templated":true}]}}