{"id":19557,"date":"2022-10-07T07:19:14","date_gmt":"2022-10-07T07:19:14","guid":{"rendered":"https:\/\/cultivers.es\/abonos\/semi-di-prezzemolo-biologici\/"},"modified":"2026-03-04T15:21:31","modified_gmt":"2026-03-04T15:21:31","slug":"semi-di-prezzemolo-biologici","status":"publish","type":"product","link":"https:\/\/cultivers.es\/it\/fertilizzanti\/semi-di-prezzemolo-biologici\/","title":{"rendered":"Semi di prezzemolo"},"content":{"rendered":"","protected":false},"excerpt":{"rendered":"<p>Il <strong>prezzemolo<\/strong> (Petroselinum crispum) \u00e8 una delle erbe aromatiche pi\u00f9 popolari in cucina, nota per la sua freschezza e la sua capacit\u00e0 di esaltare il sapore di un&#8217;ampia variet\u00e0 di piatti. Con le sue foglie verde brillante e il suo sapore leggermente piccante, il prezzemolo \u00e8 ideale per insalate, salse, zuppe, stufati o come guarnizione di vari piatti. Oltre al suo valore culinario, il prezzemolo \u00e8 una pianta resistente e facile da coltivare, adatta sia al <strong>giardino<\/strong> che all&#8217;<strong>orto<\/strong>.  <\/p>\n<p><strong>Foglie fresche e aromatiche: il<\/strong> prezzemolo offre foglie verdi e vivaci, con un aroma fresco e speziato che esalta il sapore di tutti i piatti.<\/p>\n<p><strong>Sapore delicato e rinfrescante:<\/strong> il suo sapore leggermente piccante e rinfrescante \u00e8 ideale per insalate, salse, zuppe o come accompagnamento ai piatti principali.<\/p>\n<p><strong>Ricco di nutrienti:<\/strong> Fonte di vitamine A, C, K e antiossidanti, il prezzemolo non solo esalta il sapore delle tue preparazioni, ma \u00e8 anche un alleato nutriente per la tua dieta.<\/p>\n<p><strong>Facile da coltivare:<\/strong> si adatta bene a diversi tipi di terreno e di clima, essendo una pianta resistente e facile da coltivare in qualsiasi <strong>giardino<\/strong> o <strong>frutteto<\/strong>.<\/p>\n<p><strong>Coltivazione biologica:<\/strong> i nostri semi sono <strong>100% biologici<\/strong>, privi di pesticidi e fertilizzanti chimici, per promuovere un <strong>giardino<\/strong> e un <strong>frutteto<\/strong> sostenibile ed ecologico.<\/p>\n<p>Goditi il sapore fresco e la versatilit\u00e0 del <strong>prezzemolo biologico<\/strong> direttamente dal tuo <strong>giardino<\/strong> e aggiungi un tocco sano e delizioso ai tuoi piatti. Ordina oggi stesso e inizia a godere di questa erba indispensabile nella tua cucina! <\/p>\n","protected":false},"featured_media":15921,"comment_status":"open","ping_status":"closed","template":"","meta":{"_acf_changed":false},"product_brand":[],"product_cat":[732,436],"product_tag":[1577],"woo-feed-brand":[],"class_list":{"0":"post-19557","1":"product","2":"type-product","3":"status-publish","4":"has-post-thumbnail","6":"product_cat-semi-aromatici-biologici","7":"product_cat-semi-biologici","8":"product_tag-eco","10":"first","11":"instock","12":"taxable","13":"shipping-taxable","14":"purchasable","15":"product-type-simple"},"acf":[],"_links":{"self":[{"href":"https:\/\/cultivers.es\/it\/wp-json\/wp\/v2\/product\/19557","targetHints":{"allow":["GET"]}}],"collection":[{"href":"https:\/\/cultivers.es\/it\/wp-json\/wp\/v2\/product"}],"about":[{"href":"https:\/\/cultivers.es\/it\/wp-json\/wp\/v2\/types\/product"}],"replies":[{"embeddable":true,"href":"https:\/\/cultivers.es\/it\/wp-json\/wp\/v2\/comments?post=19557"}],"wp:featuredmedia":[{"embeddable":true,"href":"https:\/\/cultivers.es\/it\/wp-json\/wp\/v2\/media\/15921"}],"wp:attachment":[{"href":"https:\/\/cultivers.es\/it\/wp-json\/wp\/v2\/media?parent=19557"}],"wp:term":[{"taxonomy":"product_brand","embeddable":true,"href":"https:\/\/cultivers.es\/it\/wp-json\/wp\/v2\/product_brand?post=19557"},{"taxonomy":"product_cat","embeddable":true,"href":"https:\/\/cultivers.es\/it\/wp-json\/wp\/v2\/product_cat?post=19557"},{"taxonomy":"product_tag","embeddable":true,"href":"https:\/\/cultivers.es\/it\/wp-json\/wp\/v2\/product_tag?post=19557"},{"taxonomy":"woo-feed-brand","embeddable":true,"href":"https:\/\/cultivers.es\/it\/wp-json\/wp\/v2\/woo-feed-brand?post=19557"}],"curies":[{"name":"wp","href":"https:\/\/api.w.org\/{rel}","templated":true}]}}