{"id":19573,"date":"2022-10-07T07:19:27","date_gmt":"2022-10-07T07:19:27","guid":{"rendered":"https:\/\/cultivers.es\/abonos\/semi-di-hissopo-biologici\/"},"modified":"2025-09-22T05:18:36","modified_gmt":"2025-09-22T05:18:36","slug":"semi-issopo-ecologici","status":"publish","type":"product","link":"https:\/\/cultivers.es\/it\/fertilizzanti\/semi-issopo-ecologici\/","title":{"rendered":"Semi di Hissopo"},"content":{"rendered":"","protected":false},"excerpt":{"rendered":"<p>L <strong>&#8216;issopo<\/strong> (Hyssopus officinalis) \u00e8 una pianta perenne aromatica, nota per le sue foglie strette e i suoi fiori blu, viola o rosa. Il suo aroma fresco e il suo sapore leggermente amaro e piccante lo rendono un&#8217;ottima aggiunta a salse, marinate, infusi, carni e insalate. Inoltre, l&#8217;issopo \u00e8 apprezzato per le sue propriet\u00e0 medicinali e per la sua capacit\u00e0 di attirare gli impollinatori, il che lo rende una pianta ideale da avere in <strong>giardino<\/strong> o nel <strong>frutteto<\/strong>.  <\/p>\n<p><strong>Aroma fresco e speziato:<\/strong> le sue foglie aromatiche rilasciano un profumo fresco ed erbaceo, ideale per insaporire le tue preparazioni culinarie.<\/p>\n<p><strong>Sapore piccante e delicato:<\/strong> il suo gusto caratteristico, con un tocco leggermente amaro, \u00e8 perfetto per aggiungere complessit\u00e0 a piatti di carne, zuppe o salse, oltre che nelle tisane.<\/p>\n<p><strong>Fiori attraenti:<\/strong> i loro piccoli fiori blu, viola o rosa non solo abbelliscono il <strong>frutteto<\/strong> o il <strong>giardino<\/strong>, ma attirano anche api e altri impollinatori, promuovendo la biodiversit\u00e0.<\/p>\n<p><strong>Ricco di propriet\u00e0 medicinali:<\/strong> tradizionalmente usato per alleviare i problemi respiratori e digestivi e come antinfiammatorio, l&#8217;issopo \u00e8 una pianta dai molteplici benefici.<\/p>\n<p><strong>Facile da coltivare:<\/strong> adattabile a diversi tipi di terreno e condizioni climatiche, \u00e8 una pianta resistente e facile da coltivare, adatta a principianti e giardinieri esperti.<\/p>\n<p><strong>Coltivazione biologica:<\/strong> i nostri semi sono <strong>100% biologici<\/strong>, privi di pesticidi e fertilizzanti chimici, per garantire un <strong>giardino<\/strong> sostenibile ed ecologico.<\/p>\n<p>Goditi la freschezza, l&#8217;aroma e le propriet\u00e0 dell&#8217;<strong>issopo biologico<\/strong> e aggiungi un tocco unico e salutare al tuo <strong>giardino<\/strong> o <strong>orto<\/strong>. Ordina oggi stesso e inizia a coltivare questa pianta versatile e aromatica! <\/p>\n","protected":false},"featured_media":15896,"comment_status":"open","ping_status":"closed","template":"","meta":{"_acf_changed":false},"product_brand":[],"product_cat":[732,436],"product_tag":[1577],"class_list":{"0":"post-19573","1":"product","2":"type-product","3":"status-publish","4":"has-post-thumbnail","6":"product_cat-semi-aromatici-biologici","7":"product_cat-semi-biologici","8":"product_tag-eco","10":"first","11":"instock","12":"taxable","13":"shipping-taxable","14":"purchasable","15":"product-type-simple"},"acf":[],"_links":{"self":[{"href":"https:\/\/cultivers.es\/it\/wp-json\/wp\/v2\/product\/19573","targetHints":{"allow":["GET"]}}],"collection":[{"href":"https:\/\/cultivers.es\/it\/wp-json\/wp\/v2\/product"}],"about":[{"href":"https:\/\/cultivers.es\/it\/wp-json\/wp\/v2\/types\/product"}],"replies":[{"embeddable":true,"href":"https:\/\/cultivers.es\/it\/wp-json\/wp\/v2\/comments?post=19573"}],"wp:featuredmedia":[{"embeddable":true,"href":"https:\/\/cultivers.es\/it\/wp-json\/wp\/v2\/media\/15896"}],"wp:attachment":[{"href":"https:\/\/cultivers.es\/it\/wp-json\/wp\/v2\/media?parent=19573"}],"wp:term":[{"taxonomy":"product_brand","embeddable":true,"href":"https:\/\/cultivers.es\/it\/wp-json\/wp\/v2\/product_brand?post=19573"},{"taxonomy":"product_cat","embeddable":true,"href":"https:\/\/cultivers.es\/it\/wp-json\/wp\/v2\/product_cat?post=19573"},{"taxonomy":"product_tag","embeddable":true,"href":"https:\/\/cultivers.es\/it\/wp-json\/wp\/v2\/product_tag?post=19573"}],"curies":[{"name":"wp","href":"https:\/\/api.w.org\/{rel}","templated":true}]}}