{"id":19595,"date":"2022-10-07T07:08:06","date_gmt":"2022-10-07T07:08:06","guid":{"rendered":"https:\/\/cultivers.es\/abonos\/semi-di-broccoli-precoci-viola-biologici-in-germinazione\/"},"modified":"2025-09-22T04:45:08","modified_gmt":"2025-09-22T04:45:08","slug":"semi-broccoli-violacei-precocemente-violacei-che-girano-ecologici","status":"publish","type":"product","link":"https:\/\/cultivers.es\/it\/fertilizzanti\/semi-broccoli-violacei-precocemente-violacei-che-girano-ecologici\/","title":{"rendered":"Semi di broccolo precoce viola Semi di broccolo precoce viola a germinazione biodinamica Demeter"},"content":{"rendered":"","protected":false},"excerpt":{"rendered":"<p>Aggiungi un tocco di colore e nutrimento al tuo giardino con i nostri <strong>semi<\/strong> di <strong>broccoli precoci biologici a germinazione viola<\/strong>. Questa variet\u00e0 unica \u00e8 caratterizzata da germogli di colore viola vibrante che non sono solo di grande impatto visivo, ma anche deliziosi e altamente nutrienti. Ideali per i raccolti invernali e di inizio primavera, questi broccoli sono perfetti per insalate, soffritti, stufati o come contorno salutare.  <\/p>\n<ul>\n<li><strong>Colore viola: i<\/strong> broccoli a germinazione precoce viola producono germogli teneri e di colore viola intenso, che aggiungono un tocco decorativo ai tuoi piatti. Il suo colore unico indica anche il suo alto contenuto di antiossidanti. <\/li>\n<li><strong>Sapore dolce e delicato:<\/strong> questa variet\u00e0 ha un sapore dolce e delicato, perfetto per insalate fresche, piatti al vapore, stufati o soffritti. \u00c8 una scelta versatile che piacer\u00e0 a tutti. <\/li>\n<li><strong>Resistenza al freddo: il<\/strong> broccolo precoce a germinazione viola \u00e8 una pianta resistente che prospera nei climi freddi, il che lo rende una scelta ideale per i raccolti nei mesi invernali e all&#8217;inizio della primavera.<\/li>\n<li><strong>Ricco di antiossidanti e nutrienti:<\/strong> Il suo vibrante colore viola \u00e8 indice del suo contenuto di antociani, potenti antiossidanti che aiutano a combattere lo stress ossidativo. \u00c8 anche un&#8217;ottima fonte di vitamine A, C e K, fibre e minerali essenziali. <\/li>\n<li><strong>Facile da coltivare:<\/strong> ideale per i principianti e per i giardinieri esperti, questa variet\u00e0 si adatta bene a diversi tipi di terreno e di clima. \u00c8 una pianta resistente che assicura un raccolto abbondante. <\/li>\n<li><strong>Coltivazione biologica:<\/strong> i nostri semi sono 100% biologici, il che garantisce un raccolto privo di pesticidi e fertilizzanti chimici, favorendo un giardino sostenibile e sano.<\/li>\n<\/ul>\n<p>Dai colore, sapore e salute al tuo orto con i <strong>semi di broccolo biologico a germinazione precoce viola<\/strong>. Perfetti per i mesi pi\u00f9 freddi e ricchi di benefici nutrizionali, questi broccoli saranno un&#8217;aggiunta deliziosa e sostenibile al tuo orto: ordina oggi stesso e goditi un raccolto vivace e sano!  <\/p>\n","protected":false},"featured_media":45420,"comment_status":"open","ping_status":"closed","template":"","meta":{"_acf_changed":false},"product_brand":[],"product_cat":[436,437,1305],"product_tag":[1383],"woo-feed-brand":[],"class_list":{"0":"post-19595","1":"product","2":"type-product","3":"status-publish","4":"has-post-thumbnail","6":"product_cat-semi-biologici","7":"product_cat-semi-di-brassica-biologici","8":"product_cat-semi-di-demeter","9":"product_tag-demeter-it","11":"first","12":"instock","13":"sale","14":"taxable","15":"shipping-taxable","16":"purchasable","17":"product-type-simple"},"acf":[],"_links":{"self":[{"href":"https:\/\/cultivers.es\/it\/wp-json\/wp\/v2\/product\/19595","targetHints":{"allow":["GET"]}}],"collection":[{"href":"https:\/\/cultivers.es\/it\/wp-json\/wp\/v2\/product"}],"about":[{"href":"https:\/\/cultivers.es\/it\/wp-json\/wp\/v2\/types\/product"}],"replies":[{"embeddable":true,"href":"https:\/\/cultivers.es\/it\/wp-json\/wp\/v2\/comments?post=19595"}],"wp:featuredmedia":[{"embeddable":true,"href":"https:\/\/cultivers.es\/it\/wp-json\/wp\/v2\/media\/45420"}],"wp:attachment":[{"href":"https:\/\/cultivers.es\/it\/wp-json\/wp\/v2\/media?parent=19595"}],"wp:term":[{"taxonomy":"product_brand","embeddable":true,"href":"https:\/\/cultivers.es\/it\/wp-json\/wp\/v2\/product_brand?post=19595"},{"taxonomy":"product_cat","embeddable":true,"href":"https:\/\/cultivers.es\/it\/wp-json\/wp\/v2\/product_cat?post=19595"},{"taxonomy":"product_tag","embeddable":true,"href":"https:\/\/cultivers.es\/it\/wp-json\/wp\/v2\/product_tag?post=19595"},{"taxonomy":"woo-feed-brand","embeddable":true,"href":"https:\/\/cultivers.es\/it\/wp-json\/wp\/v2\/woo-feed-brand?post=19595"}],"curies":[{"name":"wp","href":"https:\/\/api.w.org\/{rel}","templated":true}]}}