{"id":19596,"date":"2022-10-07T07:08:06","date_gmt":"2022-10-07T07:08:06","guid":{"rendered":"https:\/\/cultivers.es\/abonos\/semi-di-cavolo-portoghese-galega-folhas-lisas-ecologicas\/"},"modified":"2025-11-10T14:01:48","modified_gmt":"2025-11-10T14:01:48","slug":"semillas-col-portuguesa-galega-folhas-lisas-ecologicas","status":"publish","type":"product","link":"https:\/\/cultivers.es\/it\/fertilizzanti\/semillas-col-portuguesa-galega-folhas-lisas-ecologicas\/","title":{"rendered":"Semi di cavolo portoghese Galega Folhas Lisas"},"content":{"rendered":"","protected":false},"excerpt":{"rendered":"<p>Coltiva uno dei gioielli della gastronomia portoghese con i nostri <strong>semi di cavolo portoghese biologico Galega Folhas Lisas Ecol\u00f3gicas<\/strong>. Questa variet\u00e0 di cavolo \u00e8 rinomata per le sue grandi foglie verdi e lisce, la consistenza tenera e il sapore delicato, perfetto per preparare ricette tradizionali come il brodo verde o i confortanti stufati. Resistente e facile da coltivare, \u00e8 ideale per raccolti abbondanti in autunno e inverno, garantendo freschezza e salute sulla tua tavola.  <\/p>\n<ul>\n<li><strong>Foglie grandi e lisce:<\/strong> Il cavolo portoghese Folhas Lisas Galega produce foglie verdi e tenere senza venature evidenti, perfette per essere cucinate nelle zuppe, nei soffritti o negli stufati tradizionali.<\/li>\n<li><strong>Sapore delicato e versatile:<\/strong> con un gusto delicato e leggermente dolce, questo cavolo \u00e8 ideale sia per i piatti tradizionali portoghesi che per le preparazioni pi\u00f9 moderne.<\/li>\n<li><strong>Resistente al freddo:<\/strong> questa variet\u00e0 \u00e8 altamente resistente alle basse temperature, il che la rende perfetta per i raccolti nei mesi pi\u00f9 freddi dell&#8217;anno.<\/li>\n<li><strong>Ricco di nutrienti:<\/strong> Il cavolo portoghese \u00e8 un&#8217;ottima fonte di vitamine A, C e K, calcio e fibre, che favoriscono una dieta sana ed equilibrata.<\/li>\n<li><strong>Facile da coltivare:<\/strong> resistente e adattabile, questa variet\u00e0 cresce bene in un&#8217;ampia gamma di climi e tipi di terreno, rendendola ideale per i principianti e per i giardinieri esperti.<\/li>\n<li><strong>Coltivazione biologica:<\/strong> i nostri semi sono 100% biologici e garantiscono un raccolto privo di pesticidi e fertilizzanti chimici, nel rispetto dell&#8217;ambiente e della salute del suolo.<\/li>\n<\/ul>\n<p>Porta la tradizione portoghese e il sapore autentico nel tuo orto con i <strong>semi di cavolo portoghese Folhas Lisas Ecol\u00f3gicas Galega<\/strong>. Facili da coltivare, nutrienti e versatili, saranno un&#8217;aggiunta irrinunciabile alle tue ricette casalinghe: ordina oggi stesso e inizia a gustare questo delizioso cavolo direttamente dal tuo orto!  <\/p>\n","protected":false},"featured_media":15676,"comment_status":"open","ping_status":"closed","template":"","meta":{"_acf_changed":false},"product_brand":[],"product_cat":[436,437],"product_tag":[1577],"woo-feed-brand":[],"class_list":{"0":"post-19596","1":"product","2":"type-product","3":"status-publish","4":"has-post-thumbnail","6":"product_cat-semi-biologici","7":"product_cat-semi-di-brassica-biologici","8":"product_tag-eco","10":"first","11":"instock","12":"sale","13":"taxable","14":"shipping-taxable","15":"purchasable","16":"product-type-simple"},"acf":[],"_links":{"self":[{"href":"https:\/\/cultivers.es\/it\/wp-json\/wp\/v2\/product\/19596","targetHints":{"allow":["GET"]}}],"collection":[{"href":"https:\/\/cultivers.es\/it\/wp-json\/wp\/v2\/product"}],"about":[{"href":"https:\/\/cultivers.es\/it\/wp-json\/wp\/v2\/types\/product"}],"replies":[{"embeddable":true,"href":"https:\/\/cultivers.es\/it\/wp-json\/wp\/v2\/comments?post=19596"}],"wp:featuredmedia":[{"embeddable":true,"href":"https:\/\/cultivers.es\/it\/wp-json\/wp\/v2\/media\/15676"}],"wp:attachment":[{"href":"https:\/\/cultivers.es\/it\/wp-json\/wp\/v2\/media?parent=19596"}],"wp:term":[{"taxonomy":"product_brand","embeddable":true,"href":"https:\/\/cultivers.es\/it\/wp-json\/wp\/v2\/product_brand?post=19596"},{"taxonomy":"product_cat","embeddable":true,"href":"https:\/\/cultivers.es\/it\/wp-json\/wp\/v2\/product_cat?post=19596"},{"taxonomy":"product_tag","embeddable":true,"href":"https:\/\/cultivers.es\/it\/wp-json\/wp\/v2\/product_tag?post=19596"},{"taxonomy":"woo-feed-brand","embeddable":true,"href":"https:\/\/cultivers.es\/it\/wp-json\/wp\/v2\/woo-feed-brand?post=19596"}],"curies":[{"name":"wp","href":"https:\/\/api.w.org\/{rel}","templated":true}]}}