{"id":19601,"date":"2022-10-07T07:08:06","date_gmt":"2022-10-07T07:08:06","guid":{"rendered":"https:\/\/cultivers.es\/abonos\/semi-di-cavolfiore-biologico-a-palla-di-neve\/"},"modified":"2025-11-10T14:01:47","modified_gmt":"2025-11-10T14:01:47","slug":"cavolfiore-palla-da-neve-semi-ecologici","status":"publish","type":"product","link":"https:\/\/cultivers.es\/it\/fertilizzanti\/cavolfiore-palla-da-neve-semi-ecologici\/","title":{"rendered":"Semi Cavolfiore Palla di Neve"},"content":{"rendered":"","protected":false},"excerpt":{"rendered":"<p>Coltiva una variet\u00e0 classica e deliziosa con i nostri <strong>semi<\/strong> di <strong>cavolfiore biologico Snowball<\/strong>. Questo cavolfiore si distingue per le sue teste compatte e bianche come la neve e per la sua consistenza morbida. Perfetto per un&#8217;ampia variet\u00e0 di ricette, da creme e zuppe a piatti al forno o al vapore, il cavolfiore Snowball \u00e8 una scelta versatile e nutriente per chi cerca alimenti freschi e biologici nella propria dieta quotidiana.  <\/p>\n<ul>\n<li><strong>Teste bianche e compatte:<\/strong> Il cavolfiore Snowball produce teste dense, uniformi e di colore bianco puro, che non sono solo attraenti dal punto di vista visivo, ma anche ideali per tutti i tipi di preparazioni culinarie.<\/li>\n<li><strong>Sapore dolce e delicato:<\/strong> questa variet\u00e0 \u00e8 nota per il suo sapore dolce e cremoso, che la rende perfetta per zuppe, pur\u00e8, stufati o semplicemente cotta al vapore come contorno.<\/li>\n<li><strong>Ricco di nutrienti:<\/strong> Il cavolfiore \u00e8 un&#8217;ottima fonte di vitamina C, antiossidanti e fibre, che lo rendono una scelta sana per mantenere una dieta equilibrata.<\/li>\n<li><strong>Resistente e produttivo: il<\/strong> cavolfiore a palla di neve \u00e8 una pianta resistente che si adatta bene a diversi tipi di clima e di terreno. \u00c8 ideale sia per i principianti che per i giardinieri esperti. <\/li>\n<li><strong>Facile da coltivare:<\/strong> questa variet\u00e0 cresce in modo rapido ed efficiente, garantendo un raccolto abbondante in un periodo di tempo relativamente breve.<\/li>\n<li><strong>Coltivazione biologica:<\/strong> i nostri semi sono 100% biologici e garantiscono un raccolto privo di pesticidi e prodotti chimici, promuovendo un giardino sostenibile ed ecologico.<\/li>\n<\/ul>\n<p>Riempi il tuo orto di purezza e sapore con i <strong>semi di cavolfiore biologico Snowball<\/strong>. Coltiva un ortaggio versatile, nutriente e facile da curare che arricchir\u00e0 i tuoi piatti e la tua salute: ordina oggi stesso e goditi la freschezza di questo classico cavolfiore direttamente dal tuo orto!  <\/p>\n","protected":false},"featured_media":15686,"comment_status":"open","ping_status":"closed","template":"","meta":{"_acf_changed":false},"product_brand":[],"product_cat":[1309,436,437],"product_tag":[1577],"class_list":{"0":"post-19601","1":"product","2":"type-product","3":"status-publish","4":"has-post-thumbnail","6":"product_cat-consiglia-i-semi","7":"product_cat-semi-biologici","8":"product_cat-semi-di-brassica-biologici","9":"product_tag-eco","11":"first","12":"instock","13":"taxable","14":"shipping-taxable","15":"purchasable","16":"product-type-simple"},"acf":[],"_links":{"self":[{"href":"https:\/\/cultivers.es\/it\/wp-json\/wp\/v2\/product\/19601","targetHints":{"allow":["GET"]}}],"collection":[{"href":"https:\/\/cultivers.es\/it\/wp-json\/wp\/v2\/product"}],"about":[{"href":"https:\/\/cultivers.es\/it\/wp-json\/wp\/v2\/types\/product"}],"replies":[{"embeddable":true,"href":"https:\/\/cultivers.es\/it\/wp-json\/wp\/v2\/comments?post=19601"}],"wp:featuredmedia":[{"embeddable":true,"href":"https:\/\/cultivers.es\/it\/wp-json\/wp\/v2\/media\/15686"}],"wp:attachment":[{"href":"https:\/\/cultivers.es\/it\/wp-json\/wp\/v2\/media?parent=19601"}],"wp:term":[{"taxonomy":"product_brand","embeddable":true,"href":"https:\/\/cultivers.es\/it\/wp-json\/wp\/v2\/product_brand?post=19601"},{"taxonomy":"product_cat","embeddable":true,"href":"https:\/\/cultivers.es\/it\/wp-json\/wp\/v2\/product_cat?post=19601"},{"taxonomy":"product_tag","embeddable":true,"href":"https:\/\/cultivers.es\/it\/wp-json\/wp\/v2\/product_tag?post=19601"}],"curies":[{"name":"wp","href":"https:\/\/api.w.org\/{rel}","templated":true}]}}