{"id":19602,"date":"2022-10-07T07:08:06","date_gmt":"2022-10-07T07:08:06","guid":{"rendered":"https:\/\/cultivers.es\/abonos\/cavoletti-di-bruxelles-biologici-groninger-seeds\/"},"modified":"2025-11-10T14:01:47","modified_gmt":"2025-11-10T14:01:47","slug":"cavolini-di-bruxelles-groninger-ecologico","status":"publish","type":"product","link":"https:\/\/cultivers.es\/it\/fertilizzanti\/cavolini-di-bruxelles-groninger-ecologico\/","title":{"rendered":"Semi di cavoletti di Bruxelles Groninger"},"content":{"rendered":"","protected":false},"excerpt":{"rendered":"<p>Riempi il tuo giardino di tradizione e sapore con i nostri <strong>Cavoletti di Bruxelles Groninger biologici<\/strong>. Questa variet\u00e0 \u00e8 nota per la produzione di cavoletti piccoli, compatti, di colore verde brillante e dal sapore dolce e delicato, ideali per un&#8217;ampia variet\u00e0 di ricette. Perfetti per le coltivazioni autunnali e invernali, i cavoletti di Bruxelles Groninger sono una fonte eccezionale di vitamine e minerali, oltre a essere resistenti al freddo e facili da coltivare.  <\/p>\n<ul>\n<li><strong>Germogli compatti e uniformi:<\/strong> i cavoletti di Bruxelles Groninger producono germogli piccoli, arrotondati e ben formati, perfetti per essere cotti al vapore, saltati in padella, cotti al forno o aggiunti agli stufati.<\/li>\n<li><strong>Gusto dolce e delicato:<\/strong> questa variet\u00e0 si distingue per il suo gusto leggero e dolce, con una consistenza tenera che rimane anche dopo la cottura. \u00c8 ideale per chi cerca un modo delizioso per aggiungere pi\u00f9 verdure alla propria dieta. <\/li>\n<li><strong>Resistente al freddo:<\/strong> progettato per prosperare nei climi freddi, questo cavolo \u00e8 una scelta eccellente per i raccolti autunnali e invernali, garantendo prodotti freschi anche con il clima pi\u00f9 freddo.<\/li>\n<li><strong>Ricchi di nutrienti:<\/strong> I cavoletti di Bruxelles sono una fonte eccezionale di vitamine C e K, fibre e antiossidanti, che li rendono una scelta sana e nutriente per la tua tavola.<\/li>\n<li><strong>Facile da coltivare:<\/strong> questa variet\u00e0 \u00e8 robusta e a bassa manutenzione, ideale per i principianti e i giardinieri esperti. Si adatta bene a diversi tipi di terreno e climi. <\/li>\n<li><strong>Coltivazione biologica:<\/strong> i nostri semi sono 100% biologici, privi di pesticidi e fertilizzanti chimici, per garantire un giardino sostenibile ed ecologico.<\/li>\n<\/ul>\n<p>Porta sapore, tradizione e nutrimento nel tuo orto con i <strong>cavoletti di Bruxelles biologici Groninger<\/strong>. Facili da coltivare, sani e perfetti per i mesi pi\u00f9 freddi, questi cavoletti saranno un&#8217;ottima aggiunta alla tua tavola: ordina oggi stesso e inizia a godere della freschezza del tuo raccolto biologico!  <\/p>\n","protected":false},"featured_media":15666,"comment_status":"open","ping_status":"closed","template":"","meta":{"_acf_changed":false},"product_brand":[],"product_cat":[436,437],"product_tag":[1577],"woo-feed-brand":[],"class_list":{"0":"post-19602","1":"product","2":"type-product","3":"status-publish","4":"has-post-thumbnail","6":"product_cat-semi-biologici","7":"product_cat-semi-di-brassica-biologici","8":"product_tag-eco","10":"first","11":"outofstock","12":"sale","13":"taxable","14":"shipping-taxable","15":"purchasable","16":"product-type-simple"},"acf":[],"_links":{"self":[{"href":"https:\/\/cultivers.es\/it\/wp-json\/wp\/v2\/product\/19602","targetHints":{"allow":["GET"]}}],"collection":[{"href":"https:\/\/cultivers.es\/it\/wp-json\/wp\/v2\/product"}],"about":[{"href":"https:\/\/cultivers.es\/it\/wp-json\/wp\/v2\/types\/product"}],"replies":[{"embeddable":true,"href":"https:\/\/cultivers.es\/it\/wp-json\/wp\/v2\/comments?post=19602"}],"wp:featuredmedia":[{"embeddable":true,"href":"https:\/\/cultivers.es\/it\/wp-json\/wp\/v2\/media\/15666"}],"wp:attachment":[{"href":"https:\/\/cultivers.es\/it\/wp-json\/wp\/v2\/media?parent=19602"}],"wp:term":[{"taxonomy":"product_brand","embeddable":true,"href":"https:\/\/cultivers.es\/it\/wp-json\/wp\/v2\/product_brand?post=19602"},{"taxonomy":"product_cat","embeddable":true,"href":"https:\/\/cultivers.es\/it\/wp-json\/wp\/v2\/product_cat?post=19602"},{"taxonomy":"product_tag","embeddable":true,"href":"https:\/\/cultivers.es\/it\/wp-json\/wp\/v2\/product_tag?post=19602"},{"taxonomy":"woo-feed-brand","embeddable":true,"href":"https:\/\/cultivers.es\/it\/wp-json\/wp\/v2\/woo-feed-brand?post=19602"}],"curies":[{"name":"wp","href":"https:\/\/api.w.org\/{rel}","templated":true}]}}