{"id":19603,"date":"2022-10-07T07:08:06","date_gmt":"2022-10-07T07:08:06","guid":{"rendered":"https:\/\/cultivers.es\/abonos\/semi-di-cavolo-semi-di-cavolo-chaves-biologici\/"},"modified":"2025-11-10T14:01:47","modified_gmt":"2025-11-10T14:01:47","slug":"semi-col-penca-semi-di-uccelli-ecologici","status":"publish","type":"product","link":"https:\/\/cultivers.es\/it\/fertilizzanti\/semi-col-penca-semi-di-uccelli-ecologici\/","title":{"rendered":"Semi di cavolo Chaves"},"content":{"rendered":"","protected":false},"excerpt":{"rendered":"<p>Aggiungi un gioiello della tradizione agricola portoghese al tuo orto con i nostri <strong>semi<\/strong> di <strong>cavolo bianco Chaves biologici<\/strong>. Questa variet\u00e0 si distingue per le sue foglie grandi, tenere e venate di bianco, che lo rendono un ingrediente indispensabile per i piatti tradizionali. Grazie alla sua resistenza al freddo e alla capacit\u00e0 di produrre durante l&#8217;inverno, il Cavolo di Chaves \u00e8 perfetto per orti sostenibili e sani.  <\/p>\n<ul>\n<li><strong>Foglie grandi e nervature bianche: il<\/strong> cavolo Chaves produce foglie grandi dalla consistenza tenera e dal colore verde intenso, ideali per stufati, zuppe e soffritti. Le sue coste bianche gli conferiscono un aspetto caratteristico e attraente. <\/li>\n<li><strong>Sapore dolce e versatile:<\/strong> questa variet\u00e0 \u00e8 nota per il suo sapore dolce e delicato, che la rende una scelta eccellente per ricette tradizionali o moderne, come stufati e piatti al vapore.<\/li>\n<li><strong>Resistente al freddo: il<\/strong> cavolo di Chaves \u00e8 particolarmente adatto ai climi freddi, in quanto \u00e8 in grado di resistere alle basse temperature, il che lo rende una scelta eccellente per le colture invernali.<\/li>\n<li><strong>Ricco di sostanze nutritive:<\/strong> Questo cavolo \u00e8 un&#8217;ottima fonte di vitamine A, C e K, fibre e minerali essenziali come il calcio e il ferro, che favoriscono una dieta sana ed equilibrata.<\/li>\n<li><strong>Facile da coltivare:<\/strong> resistente e dalla crescita costante, questa variet\u00e0 si adatta bene a diversi tipi di terreno, rendendola ideale sia per i principianti che per i giardinieri esperti.<\/li>\n<li><strong>Coltivazione biologica:<\/strong> i nostri semi sono 100% biologici e garantiscono un raccolto privo di pesticidi e prodotti chimici, promuovendo un giardino sostenibile ed ecologico.<\/li>\n<\/ul>\n<p>Coltiva un cavolo tradizionale portoghese con i nostri <strong>semi<\/strong> di <strong>cavolo Penca de Chaves biologici<\/strong>. Perfetta per le ricette invernali e facile da coltivare, questa variet\u00e0 riempir\u00e0 il tuo orto di sapore e nutrimento: ordina oggi stesso e goditi l&#8217;autenticit\u00e0 di questo delizioso cavolo direttamente dal tuo orto!  <\/p>\n","protected":false},"featured_media":15671,"comment_status":"open","ping_status":"closed","template":"","meta":{"_acf_changed":false},"product_brand":[],"product_cat":[436,437],"product_tag":[1577],"class_list":{"0":"post-19603","1":"product","2":"type-product","3":"status-publish","4":"has-post-thumbnail","6":"product_cat-semi-biologici","7":"product_cat-semi-di-brassica-biologici","8":"product_tag-eco","10":"first","11":"instock","12":"sale","13":"taxable","14":"shipping-taxable","15":"purchasable","16":"product-type-simple"},"acf":[],"_links":{"self":[{"href":"https:\/\/cultivers.es\/it\/wp-json\/wp\/v2\/product\/19603","targetHints":{"allow":["GET"]}}],"collection":[{"href":"https:\/\/cultivers.es\/it\/wp-json\/wp\/v2\/product"}],"about":[{"href":"https:\/\/cultivers.es\/it\/wp-json\/wp\/v2\/types\/product"}],"replies":[{"embeddable":true,"href":"https:\/\/cultivers.es\/it\/wp-json\/wp\/v2\/comments?post=19603"}],"wp:featuredmedia":[{"embeddable":true,"href":"https:\/\/cultivers.es\/it\/wp-json\/wp\/v2\/media\/15671"}],"wp:attachment":[{"href":"https:\/\/cultivers.es\/it\/wp-json\/wp\/v2\/media?parent=19603"}],"wp:term":[{"taxonomy":"product_brand","embeddable":true,"href":"https:\/\/cultivers.es\/it\/wp-json\/wp\/v2\/product_brand?post=19603"},{"taxonomy":"product_cat","embeddable":true,"href":"https:\/\/cultivers.es\/it\/wp-json\/wp\/v2\/product_cat?post=19603"},{"taxonomy":"product_tag","embeddable":true,"href":"https:\/\/cultivers.es\/it\/wp-json\/wp\/v2\/product_tag?post=19603"}],"curies":[{"name":"wp","href":"https:\/\/api.w.org\/{rel}","templated":true}]}}