{"id":19652,"date":"2022-10-07T07:08:06","date_gmt":"2022-10-07T07:08:06","guid":{"rendered":"https:\/\/cultivers.es\/abonos\/bietola-bianca-glatter-silber-3-semi-biologici\/"},"modified":"2026-03-04T15:21:33","modified_gmt":"2026-03-04T15:21:33","slug":"semi-bianco-glucido-silbero-3-ecologico-bianco-glucido-silbero-3-ecologico-semine","status":"publish","type":"product","link":"https:\/\/cultivers.es\/it\/fertilizzanti\/semi-bianco-glucido-silbero-3-ecologico-bianco-glucido-silbero-3-ecologico-semine\/","title":{"rendered":"Semi di bietola bianca Glatter Silber 3"},"content":{"rendered":"","protected":false},"excerpt":{"rendered":"<p>Scopri un gusto e una resa eccellenti con i nostri <strong>semi<\/strong> di <strong>bietola bianca biologica Glatter Silber 3<\/strong>. Questa variet\u00e0 classica \u00e8 caratterizzata da foglie verde brillante e da gambi bianchi ampi e succosi, perfetti per un&#8217;ampia variet\u00e0 di preparazioni culinarie. La sua rusticit\u00e0 e facilit\u00e0 di coltivazione la rendono una scelta ideale per ottenere raccolti abbondanti tutto l&#8217;anno.  <\/p>\n<ul>\n<li><strong>Steli bianchi e sodi:<\/strong> le bietole bianche Glatter Silber 3 si distinguono per i loro steli spessi, bianchi e croccanti, ideali per soffritti, zuppe, stufati o cotture al vapore.<\/li>\n<li><strong>Foglie verdi e tenere:<\/strong> le sue foglie dalla consistenza morbida e dal sapore delicato sono perfette sia per essere consumate fresche in insalata che cucinate in ricette tradizionali.<\/li>\n<li><strong>Ricca di nutrienti:<\/strong> Questa bieta \u00e8 un&#8217;ottima fonte di vitamine A, C e K, oltre che di minerali essenziali come ferro e magnesio, che la rendono un alimento sano e completo.<\/li>\n<li><strong>Resistente e produttiva: la<\/strong> bietola Glatter Silber 3 \u00e8 molto resistente alle condizioni climatiche avverse, consentendo raccolti prolungati durante tutto l&#8217;anno, anche in autunno e in inverno.<\/li>\n<li><strong>Facile da coltivare:<\/strong> ideale per i principianti e i giardinieri esperti, questa variet\u00e0 si adatta bene a diversi tipi di terreno e richiede una manutenzione minima.<\/li>\n<li><strong>Coltivazione biologica:<\/strong> i nostri semi sono 100% biologici, privi di pesticidi e fertilizzanti chimici, il che garantisce una coltivazione sostenibile ed ecologica.<\/li>\n<\/ul>\n<p>Riempi il tuo orto di freschezza e sapore con i <strong>semi di bieta bianca biologica Glatter Silber 3<\/strong>. Coltiva questo ortaggio versatile e nutriente in modo semplice e sostenibile e goditi un raccolto sano tutto l&#8217;anno. Ordina oggi stesso e inizia a godere dei benefici di questa classica e deliziosa bietola.  <\/p>\n","protected":false},"featured_media":15726,"comment_status":"open","ping_status":"closed","template":"","meta":{"_acf_changed":false},"product_brand":[],"product_cat":[436,488],"product_tag":[1577],"class_list":{"0":"post-19652","1":"product","2":"type-product","3":"status-publish","4":"has-post-thumbnail","6":"product_cat-semi-biologici","7":"product_cat-semi-di-ortaggi-a-foglia-biologici","8":"product_tag-eco","10":"first","11":"instock","12":"taxable","13":"shipping-taxable","14":"purchasable","15":"product-type-simple"},"acf":[],"_links":{"self":[{"href":"https:\/\/cultivers.es\/it\/wp-json\/wp\/v2\/product\/19652","targetHints":{"allow":["GET"]}}],"collection":[{"href":"https:\/\/cultivers.es\/it\/wp-json\/wp\/v2\/product"}],"about":[{"href":"https:\/\/cultivers.es\/it\/wp-json\/wp\/v2\/types\/product"}],"replies":[{"embeddable":true,"href":"https:\/\/cultivers.es\/it\/wp-json\/wp\/v2\/comments?post=19652"}],"wp:featuredmedia":[{"embeddable":true,"href":"https:\/\/cultivers.es\/it\/wp-json\/wp\/v2\/media\/15726"}],"wp:attachment":[{"href":"https:\/\/cultivers.es\/it\/wp-json\/wp\/v2\/media?parent=19652"}],"wp:term":[{"taxonomy":"product_brand","embeddable":true,"href":"https:\/\/cultivers.es\/it\/wp-json\/wp\/v2\/product_brand?post=19652"},{"taxonomy":"product_cat","embeddable":true,"href":"https:\/\/cultivers.es\/it\/wp-json\/wp\/v2\/product_cat?post=19652"},{"taxonomy":"product_tag","embeddable":true,"href":"https:\/\/cultivers.es\/it\/wp-json\/wp\/v2\/product_tag?post=19652"}],"curies":[{"name":"wp","href":"https:\/\/api.w.org\/{rel}","templated":true}]}}