{"id":19653,"date":"2022-10-07T07:08:06","date_gmt":"2022-10-07T07:08:06","guid":{"rendered":"https:\/\/cultivers.es\/abonos\/semi-di-lattuga-riccia-biologica-lollo-rossa\/"},"modified":"2025-11-10T14:01:45","modified_gmt":"2025-11-10T14:01:45","slug":"semi-di-cavolo-riccio-rossa-ecologica","status":"publish","type":"product","link":"https:\/\/cultivers.es\/it\/fertilizzanti\/semi-di-cavolo-riccio-rossa-ecologica\/","title":{"rendered":"Lattuga riccia Lollo Rossa Semi"},"content":{"rendered":"","protected":false},"excerpt":{"rendered":"<p>Aggiungi un tocco di colore e freschezza ai tuoi piatti con i nostri <strong>semi<\/strong> di <strong>lattuga riccia biologica Lollo Rossa<\/strong>. Questa variet\u00e0 \u00e8 nota per le sue foglie ricce di colore rosso-violaceo ai bordi e verde alla base, che la rendono una scelta visivamente attraente e deliziosa per insalate e contorni. Con un sapore delicato e leggermente dolce, la lattuga Lollo Rossa \u00e8 facile da coltivare e perfetta per chi cerca alimenti freschi, sani e coltivati in modo sostenibile.  <\/p>\n<ul>\n<li><strong>Foglie ricciolute e colorate: la<\/strong> Lollo Rossa si distingue per le sue foglie ricciolute con bordi rosso intenso, che aggiungono un tocco decorativo e fresco ai tuoi piatti.<\/li>\n<li><strong>Sapore dolce e delicato:<\/strong> questa variet\u00e0 ha un sapore leggero e piacevole, ideale per essere consumata cruda in insalate, contorni o come base per piatti pi\u00f9 elaborati.<\/li>\n<li><strong>Resistente e a crescita rapida: la<\/strong> lattuga Lollo Rossa \u00e8 resistente a diverse condizioni climatiche e non si infeltrisce facilmente, il che garantisce un raccolto lungo e abbondante durante la stagione.<\/li>\n<li><strong>Ricca di nutrienti:<\/strong> Questa lattuga \u00e8 un&#8217;ottima fonte di fibre, antiossidanti, vitamine A e C e minerali essenziali come ferro e potassio, offrendo un alimento sano e nutriente.<\/li>\n<li><strong>Facile da coltivare:<\/strong> \u00e8 ideale sia per i principianti che per i giardinieri esperti e si adatta bene a una variet\u00e0 di terreni e climi. \u00c8 perfetta anche per i giardini urbani o in contenitore. <\/li>\n<li><strong>Coltivazione biologica:<\/strong> i nostri semi sono 100% biologici, privi di pesticidi e prodotti chimici, garantendo una coltivazione sana ed ecologica.<\/li>\n<\/ul>\n<p>Porta colore, freschezza e salute nel tuo giardino con i <strong>semi di lattuga riccia Lollo Rossa biologica<\/strong>. Coltiva questa lattuga versatile e attraente in modo sostenibile e goditi insalate fresche e nutrienti direttamente dal tuo orto: ordina oggi stesso e inizia a raccogliere il meglio della natura!  <\/p>\n","protected":false},"featured_media":15711,"comment_status":"open","ping_status":"closed","template":"","meta":{"_acf_changed":false},"product_brand":[],"product_cat":[436,488],"product_tag":[1577],"class_list":{"0":"post-19653","1":"product","2":"type-product","3":"status-publish","4":"has-post-thumbnail","6":"product_cat-semi-biologici","7":"product_cat-semi-di-ortaggi-a-foglia-biologici","8":"product_tag-eco","10":"first","11":"instock","12":"sale","13":"taxable","14":"shipping-taxable","15":"purchasable","16":"product-type-simple"},"acf":[],"_links":{"self":[{"href":"https:\/\/cultivers.es\/it\/wp-json\/wp\/v2\/product\/19653","targetHints":{"allow":["GET"]}}],"collection":[{"href":"https:\/\/cultivers.es\/it\/wp-json\/wp\/v2\/product"}],"about":[{"href":"https:\/\/cultivers.es\/it\/wp-json\/wp\/v2\/types\/product"}],"replies":[{"embeddable":true,"href":"https:\/\/cultivers.es\/it\/wp-json\/wp\/v2\/comments?post=19653"}],"wp:featuredmedia":[{"embeddable":true,"href":"https:\/\/cultivers.es\/it\/wp-json\/wp\/v2\/media\/15711"}],"wp:attachment":[{"href":"https:\/\/cultivers.es\/it\/wp-json\/wp\/v2\/media?parent=19653"}],"wp:term":[{"taxonomy":"product_brand","embeddable":true,"href":"https:\/\/cultivers.es\/it\/wp-json\/wp\/v2\/product_brand?post=19653"},{"taxonomy":"product_cat","embeddable":true,"href":"https:\/\/cultivers.es\/it\/wp-json\/wp\/v2\/product_cat?post=19653"},{"taxonomy":"product_tag","embeddable":true,"href":"https:\/\/cultivers.es\/it\/wp-json\/wp\/v2\/product_tag?post=19653"}],"curies":[{"name":"wp","href":"https:\/\/api.w.org\/{rel}","templated":true}]}}