{"id":19657,"date":"2022-10-07T07:08:06","date_gmt":"2022-10-07T07:08:06","guid":{"rendered":"https:\/\/cultivers.es\/abonos\/spinaci-matador-semi-di-spinaci-biologici\/"},"modified":"2025-11-10T14:01:45","modified_gmt":"2025-11-10T14:01:45","slug":"spinaci-assassini-semi-ecologici","status":"publish","type":"product","link":"https:\/\/cultivers.es\/it\/fertilizzanti\/spinaci-assassini-semi-ecologici\/","title":{"rendered":"Semi di spinaci Matador Demeter"},"content":{"rendered":"","protected":false},"excerpt":{"rendered":"<p>Aggiungi una fonte di freschezza e nutrimento al tuo orto con i nostri <strong>semi di spinaci Matador biologici Demeter<\/strong>. Questa variet\u00e0 \u00e8 nota per le sue foglie grandi, la sua resistenza e il suo sapore intenso, ideale per una variet\u00e0 di preparazioni culinarie, dalle insalate alle zuppe e ai soffritti. Grazie al suo elevato contenuto di vitamine e minerali, lo spinacio Matador \u00e8 una scelta eccellente per chi cerca un ortaggio facile da coltivare e altamente nutriente.  <\/p>\n<ul>\n<li><strong>Foglie grandi e ricche:<\/strong> Lo spinacio Matador produce foglie grandi, tenere e di colore verde intenso, con un sapore intenso che eccelle in tutte le preparazioni, dalle insalate fresche agli stufati.<\/li>\n<li><strong>Ricchi di sostanze nutritive:<\/strong> Gli spinaci sono un&#8217;ottima fonte di vitamine A, C, K e ferro, oltre che di antiossidanti che contribuiscono a una dieta sana, a sostenere il sistema immunitario e a promuovere la salute della pelle.<\/li>\n<li><strong>Resistente e adattabile: lo<\/strong> spinacio Matador \u00e8 resistente sia al caldo che alle basse temperature, il che gli permette di essere coltivato per lunghi periodi di tempo in varie stagioni, dalla primavera all&#8217;autunno.<\/li>\n<li><strong>Facile da coltivare:<\/strong> grazie alla sua rapida germinazione e alla sua resistenza, questo spinacio \u00e8 facile da coltivare e si adatta bene a diversi tipi di terreno e condizioni climatiche, rendendolo ideale per i giardinieri principianti.<\/li>\n<li><strong>Certificazione Demeter:<\/strong> i nostri semi sono certificati da Demeter, che garantisce che sono stati coltivati secondo i principi dell&#8217;agricoltura biodinamica, rispettando i cicli naturali e la salute dell&#8217;ecosistema.<\/li>\n<li><strong>Coltivazione biologica:<\/strong> i semi di spinaci Matador sono 100% biologici, privi di pesticidi e fertilizzanti chimici, il che garantisce un raccolto sano ed ecologico.<\/li>\n<\/ul>\n<p>Goditi un raccolto abbondante e sano con i <strong>semi di spinaci Matador biologici di Demeter<\/strong>. Facile da coltivare e ricca di benefici nutrizionali, questa variet\u00e0 ti permetter\u00e0 di gustare spinaci freschi e saporiti per tutta la stagione: ordina oggi stesso e inizia a raccogliere questi deliziosi e nutrienti spinaci direttamente dal tuo giardino!  <\/p>\n","protected":false},"featured_media":15611,"comment_status":"open","ping_status":"closed","template":"","meta":{"_acf_changed":false},"product_brand":[],"product_cat":[436,488],"product_tag":[1577],"class_list":{"0":"post-19657","1":"product","2":"type-product","3":"status-publish","4":"has-post-thumbnail","6":"product_cat-semi-biologici","7":"product_cat-semi-di-ortaggi-a-foglia-biologici","8":"product_tag-eco","10":"first","11":"instock","12":"sale","13":"taxable","14":"shipping-taxable","15":"purchasable","16":"product-type-simple"},"acf":[],"_links":{"self":[{"href":"https:\/\/cultivers.es\/it\/wp-json\/wp\/v2\/product\/19657","targetHints":{"allow":["GET"]}}],"collection":[{"href":"https:\/\/cultivers.es\/it\/wp-json\/wp\/v2\/product"}],"about":[{"href":"https:\/\/cultivers.es\/it\/wp-json\/wp\/v2\/types\/product"}],"replies":[{"embeddable":true,"href":"https:\/\/cultivers.es\/it\/wp-json\/wp\/v2\/comments?post=19657"}],"wp:featuredmedia":[{"embeddable":true,"href":"https:\/\/cultivers.es\/it\/wp-json\/wp\/v2\/media\/15611"}],"wp:attachment":[{"href":"https:\/\/cultivers.es\/it\/wp-json\/wp\/v2\/media?parent=19657"}],"wp:term":[{"taxonomy":"product_brand","embeddable":true,"href":"https:\/\/cultivers.es\/it\/wp-json\/wp\/v2\/product_brand?post=19657"},{"taxonomy":"product_cat","embeddable":true,"href":"https:\/\/cultivers.es\/it\/wp-json\/wp\/v2\/product_cat?post=19657"},{"taxonomy":"product_tag","embeddable":true,"href":"https:\/\/cultivers.es\/it\/wp-json\/wp\/v2\/product_tag?post=19657"}],"curies":[{"name":"wp","href":"https:\/\/api.w.org\/{rel}","templated":true}]}}