{"id":19673,"date":"2022-10-07T07:08:06","date_gmt":"2022-10-07T07:08:06","guid":{"rendered":"https:\/\/cultivers.es\/abonos\/semi-di-bietola-biologica-multicolore\/"},"modified":"2025-09-22T05:20:45","modified_gmt":"2025-09-22T05:20:45","slug":"semi-alga-multicolore-ecologica","status":"publish","type":"product","link":"https:\/\/cultivers.es\/it\/fertilizzanti\/semi-alga-multicolore-ecologica\/","title":{"rendered":"Semi di bietola multicolore"},"content":{"rendered":"","protected":false},"excerpt":{"rendered":"<p>Porta un arcobaleno di colori e nutrimento nel tuo giardino con i nostri <strong>semi di bietola biologica multicolore<\/strong>. Questa variet\u00e0 si distingue per i suoi gambi dai colori vivaci - giallo, arancione, rosso, rosa e bianco - che rallegreranno qualsiasi angolo del tuo giardino e i tuoi piatti. Con foglie tenere e un sapore delicato, la bietola multicolore \u00e8 una scelta versatile e deliziosa per stufati, soffritti, zuppe o insalate fresche.  <\/p>\n<ul>\n<li><strong>Steli dai colori vivaci:<\/strong> Questa bietola produce gambi dai colori vivaci che non solo decorano il tuo giardino, ma aggiungono anche un tocco attraente e salutare ai tuoi piatti.<\/li>\n<li><strong>Foglie morbide e tenere:<\/strong> le foglie verdi, grandi e dalla consistenza tenera, sono ideali sia per la cucina che per il consumo fresco in insalate o frullati verdi.<\/li>\n<li><strong>Ricca di nutrienti:<\/strong> La bietola multicolore \u00e8 un&#8217;ottima fonte di fibre, vitamine A, C e K e minerali come ferro, magnesio e calcio, che la rendono un alimento essenziale per una dieta equilibrata.<\/li>\n<li><strong>Facile da coltivare:<\/strong> questa variet\u00e0 \u00e8 resistente e richiede poca manutenzione, adattandosi bene a climi e terreni diversi. \u00c8 perfetta sia per i principianti che per i giardinieri esperti. <\/li>\n<li><strong>Raccolta continua:<\/strong> la bietola permette di raccogliere foglie e steli in modo regolare, garantendo una produzione costante per diversi mesi.<\/li>\n<li><strong>Coltivazione biologica:<\/strong> i nostri semi sono 100% biologici, privi di pesticidi e prodotti chimici, garantendo una coltivazione sana ed ecologica.<\/li>\n<\/ul>\n<p>Riempi il tuo orto di colore, freschezza e sapore con i <strong>semi di bietola biologica multicolore<\/strong>. Coltiva questo ortaggio versatile e nutriente in modo sostenibile e goditi raccolti sani e vivaci: ordina oggi stesso e dai un tocco di colore alla tua tavola!  <\/p>\n","protected":false},"featured_media":15641,"comment_status":"open","ping_status":"closed","template":"","meta":{"_acf_changed":false},"product_brand":[],"product_cat":[436,488],"product_tag":[1577],"class_list":{"0":"post-19673","1":"product","2":"type-product","3":"status-publish","4":"has-post-thumbnail","6":"product_cat-semi-biologici","7":"product_cat-semi-di-ortaggi-a-foglia-biologici","8":"product_tag-eco","10":"first","11":"instock","12":"sale","13":"taxable","14":"shipping-taxable","15":"purchasable","16":"product-type-simple"},"acf":[],"_links":{"self":[{"href":"https:\/\/cultivers.es\/it\/wp-json\/wp\/v2\/product\/19673","targetHints":{"allow":["GET"]}}],"collection":[{"href":"https:\/\/cultivers.es\/it\/wp-json\/wp\/v2\/product"}],"about":[{"href":"https:\/\/cultivers.es\/it\/wp-json\/wp\/v2\/types\/product"}],"replies":[{"embeddable":true,"href":"https:\/\/cultivers.es\/it\/wp-json\/wp\/v2\/comments?post=19673"}],"wp:featuredmedia":[{"embeddable":true,"href":"https:\/\/cultivers.es\/it\/wp-json\/wp\/v2\/media\/15641"}],"wp:attachment":[{"href":"https:\/\/cultivers.es\/it\/wp-json\/wp\/v2\/media?parent=19673"}],"wp:term":[{"taxonomy":"product_brand","embeddable":true,"href":"https:\/\/cultivers.es\/it\/wp-json\/wp\/v2\/product_brand?post=19673"},{"taxonomy":"product_cat","embeddable":true,"href":"https:\/\/cultivers.es\/it\/wp-json\/wp\/v2\/product_cat?post=19673"},{"taxonomy":"product_tag","embeddable":true,"href":"https:\/\/cultivers.es\/it\/wp-json\/wp\/v2\/product_tag?post=19673"}],"curies":[{"name":"wp","href":"https:\/\/api.w.org\/{rel}","templated":true}]}}