{"id":19690,"date":"2022-10-07T07:08:06","date_gmt":"2022-10-07T07:08:06","guid":{"rendered":"https:\/\/cultivers.es\/abonos\/semi-di-lattuga-biologica-red-salad-bowl\/"},"modified":"2025-09-22T05:07:06","modified_gmt":"2025-09-22T05:07:06","slug":"semi-di-lattuga-rosso-insalata-ciotola-ecologica","status":"publish","type":"product","link":"https:\/\/cultivers.es\/it\/fertilizzanti\/semi-di-lattuga-rosso-insalata-ciotola-ecologica\/","title":{"rendered":"Semi di lattuga Demeter Biodynamic Red Salad Bowl"},"content":{"rendered":"","protected":false},"excerpt":{"rendered":"<p>Coltiva una delle lattughe pi\u00f9 colorate e nutrienti con i nostri semi di lattuga Demeter Organic Red Salad Bowl. Questa variet\u00e0 \u00e8 nota per le sue attraenti foglie rosso scuro, dal sapore delicato e dalla consistenza tenera. Perfetta per insalate fresche e decorative, la lattuga rossa da insalata \u00e8 la scelta ideale per chi vuole aggiungere colore e salute ai propri piatti, il tutto in modo ecologico e rispettoso dell&#8217;ambiente.  <\/p>\n<ul>\n<li><strong>Foglie rosse morbide: la<\/strong> lattuga rossa da insalata produce foglie di colore rosso intenso che non sono solo belle, ma anche deliziose e tenere. Il suo sapore delicato la rende perfetta per insalate fresche o come accompagnamento a tutti i tipi di piatti. <\/li>\n<li><strong>Resistente e con un lungo raccolto:<\/strong> questa variet\u00e0 \u00e8 resistente al calore e non si infeltrisce rapidamente, il che consente di ottenere un lungo raccolto. Inoltre, pu\u00f2 essere raccolta foglia per foglia, il che garantisce una produzione continua. <\/li>\n<li><strong>Certificata Demeter:<\/strong> coltivata secondo i rigidi standard dell&#8217;agricoltura biodinamica, questa lattuga \u00e8 certificata Demeter, che garantisce un profondo rispetto per l&#8217;equilibrio naturale e la salute del suolo.<\/li>\n<li><strong>Facile da coltivare: la<\/strong> lattuga rossa da insalata \u00e8 una pianta resistente e facile da coltivare che si adatta bene a un&#8217;ampia variet\u00e0 di terreni e condizioni climatiche. \u00c8 ideale sia per i principianti che per i giardinieri esperti. <\/li>\n<li><strong>Coltivazione biologica:<\/strong> i nostri semi sono 100% biologici e certificati da Demeter, il che garantisce che la tua lattuga cresca senza pesticidi e sostanze chimiche, promuovendo una coltivazione sana ed ecologica.<\/li>\n<\/ul>\n<p>Goditi il colore e il gusto fresco della lattuga rossa da insalata nel tuo orto biologico. Con i nostri semi biologici Demeter puoi coltivare lattuga nutriente, bella e sostenibile: ordina oggi stesso e inizia a raccogliere la freschezza direttamente dal tuo giardino!  <\/p>\n","protected":false},"featured_media":15706,"comment_status":"open","ping_status":"closed","template":"","meta":{"_acf_changed":false},"product_brand":[],"product_cat":[436,1305,488],"product_tag":[1383],"class_list":{"0":"post-19690","1":"product","2":"type-product","3":"status-publish","4":"has-post-thumbnail","6":"product_cat-semi-biologici","7":"product_cat-semi-di-demeter","8":"product_cat-semi-di-ortaggi-a-foglia-biologici","9":"product_tag-demeter-it","11":"first","12":"instock","13":"sale","14":"taxable","15":"shipping-taxable","16":"purchasable","17":"product-type-simple"},"acf":[],"_links":{"self":[{"href":"https:\/\/cultivers.es\/it\/wp-json\/wp\/v2\/product\/19690","targetHints":{"allow":["GET"]}}],"collection":[{"href":"https:\/\/cultivers.es\/it\/wp-json\/wp\/v2\/product"}],"about":[{"href":"https:\/\/cultivers.es\/it\/wp-json\/wp\/v2\/types\/product"}],"replies":[{"embeddable":true,"href":"https:\/\/cultivers.es\/it\/wp-json\/wp\/v2\/comments?post=19690"}],"wp:featuredmedia":[{"embeddable":true,"href":"https:\/\/cultivers.es\/it\/wp-json\/wp\/v2\/media\/15706"}],"wp:attachment":[{"href":"https:\/\/cultivers.es\/it\/wp-json\/wp\/v2\/media?parent=19690"}],"wp:term":[{"taxonomy":"product_brand","embeddable":true,"href":"https:\/\/cultivers.es\/it\/wp-json\/wp\/v2\/product_brand?post=19690"},{"taxonomy":"product_cat","embeddable":true,"href":"https:\/\/cultivers.es\/it\/wp-json\/wp\/v2\/product_cat?post=19690"},{"taxonomy":"product_tag","embeddable":true,"href":"https:\/\/cultivers.es\/it\/wp-json\/wp\/v2\/product_tag?post=19690"}],"curies":[{"name":"wp","href":"https:\/\/api.w.org\/{rel}","templated":true}]}}