{"id":19701,"date":"2022-10-07T07:08:06","date_gmt":"2022-10-07T07:08:06","guid":{"rendered":"https:\/\/cultivers.es\/abonos\/semi-di-verdure-asiatiche-biologiche-rouge-metis\/"},"modified":"2025-09-22T05:07:26","modified_gmt":"2025-09-22T05:07:26","slug":"asiatico-rouge-rouge-metis-semi-ecologici-vegetali","status":"publish","type":"product","link":"https:\/\/cultivers.es\/it\/fertilizzanti\/asiatico-rouge-rouge-metis-semi-ecologici-vegetali\/","title":{"rendered":"Semi di verdure asiatiche Rouge Metis"},"content":{"rendered":"","protected":false},"excerpt":{"rendered":"<p>Porta nel tuo giardino la freschezza e i colori vivaci della <strong>verdura asiatica Rouge Metis<\/strong> con i nostri <strong>semi biologici<\/strong>. Questa variet\u00e0 \u00e8 nota per le sue intriganti foglie rossastre e per il suo sapore delicato con un tocco leggermente piccante. Perfetta per le insalate, i soffritti e i contorni, la Rouge Metis dona uno stile unico ai tuoi piatti e un&#8217;eccezionale nutrizione alla tua dieta. Facile da coltivare e a crescita rapida, \u00e8 ideale per i giardinieri di ogni livello.   <\/p>\n<ul>\n<li><strong>Foglie rosse attraenti:<\/strong> la Rouge Metis produce foglie di colore rosso intenso che non solo abbelliscono il tuo giardino, ma aggiungono anche un tocco decorativo ed elegante ai tuoi piatti.<\/li>\n<li><strong>Sapore delicato e leggermente piccante:<\/strong> il suo profilo gustativo combina la freschezza con un pizzico di piccantezza, ideale per le insalate fresche, gli stufati asiatici, le zuppe e i piatti moderni.<\/li>\n<li><strong>Crescita rapida:<\/strong> questo ortaggio asiatico cresce rapidamente, permettendoti di gustare tenere foglie in poche settimane. \u00c8 ideale per i raccolti continui e per chi cerca risultati rapidi. <\/li>\n<li><strong>Ricco di sostanze nutritive:<\/strong> Il Rouge Metis \u00e8 ricco di antiossidanti, vitamine A, C e K, oltre che di minerali essenziali come ferro e calcio, il che lo rende un ortaggio nutriente e salutare.<\/li>\n<li><strong>Facile da coltivare:<\/strong> questa variet\u00e0 \u00e8 resistente e si adatta a diversi tipi di terreno e climi. Pu\u00f2 essere coltivata sia in giardini all&#8217;aperto che in vaso, il che la rende ideale per i piccoli spazi. <\/li>\n<li><strong>Coltivazione biologica:<\/strong> i nostri semi sono 100% biologici, privi di pesticidi e sostanze chimiche, garantendo una coltivazione sostenibile ed ecologica.<\/li>\n<\/ul>\n<p>Riempi il tuo giardino di colori, sapori e freschezza con i <strong>semi di ortaggi asiatici biologici Rouge Metis<\/strong>. Coltiva questo ortaggio unico e goditi un raccolto veloce, nutriente e delizioso: ordina oggi stesso e trasforma i tuoi piatti con questa squisita variet\u00e0 asiatica!  <\/p>\n","protected":false},"featured_media":15636,"comment_status":"open","ping_status":"closed","template":"","meta":{"_acf_changed":false},"product_brand":[],"product_cat":[436,488],"product_tag":[1577],"class_list":{"0":"post-19701","1":"product","2":"type-product","3":"status-publish","4":"has-post-thumbnail","6":"product_cat-semi-biologici","7":"product_cat-semi-di-ortaggi-a-foglia-biologici","8":"product_tag-eco","10":"first","11":"instock","12":"sale","13":"taxable","14":"shipping-taxable","15":"purchasable","16":"product-type-simple"},"acf":[],"_links":{"self":[{"href":"https:\/\/cultivers.es\/it\/wp-json\/wp\/v2\/product\/19701","targetHints":{"allow":["GET"]}}],"collection":[{"href":"https:\/\/cultivers.es\/it\/wp-json\/wp\/v2\/product"}],"about":[{"href":"https:\/\/cultivers.es\/it\/wp-json\/wp\/v2\/types\/product"}],"replies":[{"embeddable":true,"href":"https:\/\/cultivers.es\/it\/wp-json\/wp\/v2\/comments?post=19701"}],"wp:featuredmedia":[{"embeddable":true,"href":"https:\/\/cultivers.es\/it\/wp-json\/wp\/v2\/media\/15636"}],"wp:attachment":[{"href":"https:\/\/cultivers.es\/it\/wp-json\/wp\/v2\/media?parent=19701"}],"wp:term":[{"taxonomy":"product_brand","embeddable":true,"href":"https:\/\/cultivers.es\/it\/wp-json\/wp\/v2\/product_brand?post=19701"},{"taxonomy":"product_cat","embeddable":true,"href":"https:\/\/cultivers.es\/it\/wp-json\/wp\/v2\/product_cat?post=19701"},{"taxonomy":"product_tag","embeddable":true,"href":"https:\/\/cultivers.es\/it\/wp-json\/wp\/v2\/product_tag?post=19701"}],"curies":[{"name":"wp","href":"https:\/\/api.w.org\/{rel}","templated":true}]}}