{"id":19733,"date":"2022-10-07T07:08:06","date_gmt":"2022-10-07T07:08:06","guid":{"rendered":"https:\/\/cultivers.es\/abonos\/semi-di-cipolla-stuttgarter-biologica\/"},"modified":"2025-09-22T05:13:14","modified_gmt":"2025-09-22T05:13:14","slug":"semi-di-cipolla-stuttgarter-ecologico","status":"publish","type":"product","link":"https:\/\/cultivers.es\/it\/fertilizzanti\/semi-di-cipolla-stuttgarter-ecologico\/","title":{"rendered":"Semi di cipolla Stuttgarter biodinamica Demeter"},"content":{"rendered":"","protected":false},"excerpt":{"rendered":"<p>Coltiva una delle variet\u00e0 di cipolle pi\u00f9 popolari e apprezzate con i nostri <strong>semi<\/strong> di <strong>cipolla Stuttgarter biologica<\/strong>. Rinomata per i suoi bulbi arrotondati e leggermente appiattiti, per il suo sapore delicato e per la sua eccellente conservabilit\u00e0, la Cipolla di Stuttgarter \u00e8 la scelta ideale sia per l&#8217;uso quotidiano in cucina che per le conserve. Questa variet\u00e0 \u00e8 facile da coltivare, resistente e altamente produttiva, il che la rende perfetta per qualsiasi orto biologico.  <\/p>\n<ul>\n<li><strong>Bulbi compatti e versatili:<\/strong> la cipolla di Stuttgarter produce bulbi di medie dimensioni, arrotondati e leggermente appiattiti, con una buccia dorata che protegge l&#8217;interno succoso e dal sapore delicato.<\/li>\n<li><strong>Sapore delicato e leggero:<\/strong> ideale per insalate fresche, stufati, arrosti o qualsiasi ricetta che richieda la cipolla, grazie al suo sapore equilibrato che non sovrasta gli altri ingredienti.<\/li>\n<li><strong>Lunga conservazione:<\/strong> questa variet\u00e0 \u00e8 nota per la sua eccellente conservabilit\u00e0, che ti permette di gustare le tue cipolle per mesi dopo il raccolto se conservate correttamente.<\/li>\n<li><strong>Resistente e ad alto rendimento:<\/strong> la cipolla di Stuttgarter \u00e8 una pianta robusta che si adatta bene a climi e terreni diversi, garantendo raccolti abbondanti e di qualit\u00e0.<\/li>\n<li><strong>Ricca di nutrienti:<\/strong> Fonte naturale di antiossidanti, vitamina C e composti che favoriscono la salute, la cipolla contribuisce a una dieta equilibrata e rafforza il sistema immunitario.<\/li>\n<li><strong>Facile da coltivare:<\/strong> ideale sia per i giardinieri alle prime armi che per quelli esperti, questa variet\u00e0 \u00e8 resistente a parassiti e malattie, garantendo una coltivazione facile e di successo.<\/li>\n<li><strong>Coltivazione biologica:<\/strong> i nostri semi sono 100% biologici, privi di pesticidi e sostanze chimiche, e promuovono una coltivazione sostenibile ed ecologica.<\/li>\n<\/ul>\n<p>Riempi il tuo orto di sapore e tradizione con i <strong>semi di cipolla biologica Stuttgarter<\/strong>. Coltiva questa variet\u00e0 classica, resistente e facile da conservare e goditi la sua versatilit\u00e0 in cucina: ordina oggi stesso e raccogli cipolle di alta qualit\u00e0 direttamente dal tuo orto!  <\/p>\n","protected":false},"featured_media":15441,"comment_status":"open","ping_status":"closed","template":"","meta":{"_acf_changed":false},"product_brand":[],"product_cat":[436,1305,441],"product_tag":[1383],"class_list":{"0":"post-19733","1":"product","2":"type-product","3":"status-publish","4":"has-post-thumbnail","6":"product_cat-semi-biologici","7":"product_cat-semi-di-demeter","8":"product_cat-semi-di-radice-biologici","9":"product_tag-demeter-it","11":"first","12":"instock","13":"taxable","14":"shipping-taxable","15":"purchasable","16":"product-type-variable"},"acf":[],"_links":{"self":[{"href":"https:\/\/cultivers.es\/it\/wp-json\/wp\/v2\/product\/19733","targetHints":{"allow":["GET"]}}],"collection":[{"href":"https:\/\/cultivers.es\/it\/wp-json\/wp\/v2\/product"}],"about":[{"href":"https:\/\/cultivers.es\/it\/wp-json\/wp\/v2\/types\/product"}],"replies":[{"embeddable":true,"href":"https:\/\/cultivers.es\/it\/wp-json\/wp\/v2\/comments?post=19733"}],"wp:featuredmedia":[{"embeddable":true,"href":"https:\/\/cultivers.es\/it\/wp-json\/wp\/v2\/media\/15441"}],"wp:attachment":[{"href":"https:\/\/cultivers.es\/it\/wp-json\/wp\/v2\/media?parent=19733"}],"wp:term":[{"taxonomy":"product_brand","embeddable":true,"href":"https:\/\/cultivers.es\/it\/wp-json\/wp\/v2\/product_brand?post=19733"},{"taxonomy":"product_cat","embeddable":true,"href":"https:\/\/cultivers.es\/it\/wp-json\/wp\/v2\/product_cat?post=19733"},{"taxonomy":"product_tag","embeddable":true,"href":"https:\/\/cultivers.es\/it\/wp-json\/wp\/v2\/product_tag?post=19733"}],"curies":[{"name":"wp","href":"https:\/\/api.w.org\/{rel}","templated":true}]}}