{"id":19771,"date":"2022-10-07T07:08:06","date_gmt":"2022-10-07T07:08:06","guid":{"rendered":"https:\/\/cultivers.es\/abonos\/semi-di-basilico-genovese\/"},"modified":"2026-02-25T22:31:10","modified_gmt":"2026-02-25T22:31:10","slug":"semi-di-basilico-genovese","status":"publish","type":"product","link":"https:\/\/cultivers.es\/it\/fertilizzanti\/semi-di-basilico-genovese\/","title":{"rendered":"Semi di basilico genovese biodinamico Demeter"},"content":{"rendered":"","protected":false},"excerpt":{"rendered":"<p>Assapora il gusto autentico della cucina italiana con i nostri semi di basilico genovese biologico Demeter. Questa variet\u00e0 \u00e8 nota per le sue foglie larghe e aromatiche, perfette per preparare il classico pesto alla genovese e per aggiungere un tocco fresco e profumato a insalate, salse e stufati. Il basilico genovese \u00e8 facile da coltivare e, grazie alla certificazione Demeter, garantiamo che la sua coltivazione rispetta i principi dell&#8217;agricoltura biodinamica, promuovendo un giardino sano e sostenibile.  <\/p>\n<ul>\n<li><strong>Aroma e sapore impareggiabili: il<\/strong> basilico genovese \u00e8 famoso per il suo intenso aroma di basilico fresco e il suo sapore delicato ma caratteristico, che lo rendono un ingrediente indispensabile per piatti italiani come il pesto, le insalate capresi o le pizze.<\/li>\n<li><strong>Foglie grandi e tenere:<\/strong> questa variet\u00e0 di basilico produce foglie grandi, morbide e tenere, ideali sia per la cucina che per il consumo fresco in insalata o come guarnizione.<\/li>\n<li><strong>Facile da coltivare: il<\/strong> basilico genovese \u00e8 una pianta annuale che si adatta bene a un&#8217;ampia variet\u00e0 di climi e terreni. Pu\u00f2 essere coltivato in giardini, orti urbani o contenitori, il che lo rende perfetto per qualsiasi spazio. <\/li>\n<li><strong>Benefici per la salute:<\/strong> oltre al suo sapore delizioso, il basilico \u00e8 ricco di antiossidanti, vitamine A, K e C e ha propriet\u00e0 antinfiammatorie che lo rendono un&#8217;aggiunta salutare alla tua dieta.<\/li>\n<li><strong>Certificazione Demeter:<\/strong> essendo certificati Demeter, questi semi sono coltivati secondo i principi dell&#8217;agricoltura biodinamica, rispettando l&#8217;equilibrio naturale dell&#8217;ecosistema e promuovendo la salute del suolo.<\/li>\n<li><strong>Coltivazione biologica:<\/strong> i nostri semi sono 100% biologici e privi di pesticidi e sostanze chimiche, il che garantisce un raccolto sano ed ecologico.<\/li>\n<\/ul>\n<p>Porta in tavola il gusto autentico della cucina italiana con i nostri semi di basilico genovese biologico Demeter. Facile da coltivare e ricco di benefici, questo basilico trasformer\u00e0 i tuoi piatti con il suo sapore fresco e il suo aroma impareggiabile: ordina oggi stesso e inizia a gustare il sapore autentico dell&#8217;Italia direttamente dal tuo giardino!  <\/p>\n","protected":false},"featured_media":15866,"comment_status":"open","ping_status":"closed","template":"","meta":{"_acf_changed":false},"product_brand":[],"product_cat":[732,436,1305],"product_tag":[1383],"class_list":{"0":"post-19771","1":"product","2":"type-product","3":"status-publish","4":"has-post-thumbnail","6":"product_cat-semi-aromatici-biologici","7":"product_cat-semi-biologici","8":"product_cat-semi-di-demeter","9":"product_tag-demeter-it","11":"first","12":"instock","13":"taxable","14":"shipping-taxable","15":"purchasable","16":"product-type-simple"},"acf":[],"_links":{"self":[{"href":"https:\/\/cultivers.es\/it\/wp-json\/wp\/v2\/product\/19771","targetHints":{"allow":["GET"]}}],"collection":[{"href":"https:\/\/cultivers.es\/it\/wp-json\/wp\/v2\/product"}],"about":[{"href":"https:\/\/cultivers.es\/it\/wp-json\/wp\/v2\/types\/product"}],"replies":[{"embeddable":true,"href":"https:\/\/cultivers.es\/it\/wp-json\/wp\/v2\/comments?post=19771"}],"wp:featuredmedia":[{"embeddable":true,"href":"https:\/\/cultivers.es\/it\/wp-json\/wp\/v2\/media\/15866"}],"wp:attachment":[{"href":"https:\/\/cultivers.es\/it\/wp-json\/wp\/v2\/media?parent=19771"}],"wp:term":[{"taxonomy":"product_brand","embeddable":true,"href":"https:\/\/cultivers.es\/it\/wp-json\/wp\/v2\/product_brand?post=19771"},{"taxonomy":"product_cat","embeddable":true,"href":"https:\/\/cultivers.es\/it\/wp-json\/wp\/v2\/product_cat?post=19771"},{"taxonomy":"product_tag","embeddable":true,"href":"https:\/\/cultivers.es\/it\/wp-json\/wp\/v2\/product_tag?post=19771"}],"curies":[{"name":"wp","href":"https:\/\/api.w.org\/{rel}","templated":true}]}}