{"id":19797,"date":"2022-10-07T07:08:06","date_gmt":"2022-10-07T07:08:06","guid":{"rendered":"https:\/\/cultivers.es\/abonos\/semi-di-carota-biologici-rodelika\/"},"modified":"2025-09-22T04:41:02","modified_gmt":"2025-09-22T04:41:02","slug":"semi-di-carota-rodelika-biologici","status":"publish","type":"product","link":"https:\/\/cultivers.es\/it\/fertilizzanti\/semi-di-carota-rodelika-biologici\/","title":{"rendered":"Semi di carota biodinamica Rodelika Demeter"},"content":{"rendered":"","protected":false},"excerpt":{"rendered":"<p>Coltiva una delle variet\u00e0 di carote pi\u00f9 gustose e nutrienti con i nostri <strong>semi<\/strong> di <strong>carota biologica Rodelika<\/strong>. Nota per la sua dolcezza naturale e la sua consistenza croccante, questa carota di colore arancione intenso \u00e8 ideale per insalate, stufati, succhi di frutta o da consumare fresca come snack salutare. Rodelika \u00e8 una variet\u00e0 facile da coltivare, produttiva e resistente, perfetta per chi cerca qualit\u00e0 e sapore nel proprio orto.  <\/p>\n<ul>\n<li><strong>Radici grandi e uniformi:<\/strong> la carota Rodelika produce radici lunghe e dritte dal colore arancione vibrante e dall&#8217;interno dolce e succoso, ideale per una grande variet\u00e0 di ricette.<\/li>\n<li><strong>Gusto dolce ed equilibrato:<\/strong> con la sua caratteristica dolcezza e la sua consistenza croccante, questa carota \u00e8 perfetta per essere consumata sia cruda che cotta in piatti salutari.<\/li>\n<li><strong>Crescita rapida e resa elevata:<\/strong> Questa variet\u00e0 si distingue per la sua resa e resistenza, che garantisce un raccolto abbondante e di qualit\u00e0.<\/li>\n<li><strong>Ricca di nutrienti:<\/strong> La rodelika \u00e8 un&#8217;ottima fonte di vitamina A, antiossidanti e fibre, che la rendono un alimento sano per tutta la famiglia.<\/li>\n<li><strong>Facile da coltivare:<\/strong> adattabile a diversi tipi di terreno e climi, questa carota \u00e8 resistente a parassiti e malattie, ideale per i principianti e i giardinieri esperti.<\/li>\n<li><strong>Coltivazione biologica:<\/strong> i nostri semi sono 100% biologici, privi di pesticidi e prodotti chimici, garantendo una coltivazione sostenibile ed ecologica.<\/li>\n<\/ul>\n<p>Riempi il tuo orto di dolcezza e freschezza con i <strong>semi di carota biologica Rodelika<\/strong>. Goditi carote croccanti e nutrienti coltivate in modo semplice e sostenibile: ordina oggi stesso e inizia a raccogliere salute e sapore direttamente dal tuo orto!  <\/p>\n","protected":false},"featured_media":15431,"comment_status":"open","ping_status":"closed","template":"","meta":{"_acf_changed":false},"product_brand":[],"product_cat":[436,1305,441],"product_tag":[1383],"class_list":{"0":"post-19797","1":"product","2":"type-product","3":"status-publish","4":"has-post-thumbnail","6":"product_cat-semi-biologici","7":"product_cat-semi-di-demeter","8":"product_cat-semi-di-radice-biologici","9":"product_tag-demeter-it","11":"first","12":"instock","13":"taxable","14":"shipping-taxable","15":"purchasable","16":"product-type-simple"},"acf":[],"_links":{"self":[{"href":"https:\/\/cultivers.es\/it\/wp-json\/wp\/v2\/product\/19797","targetHints":{"allow":["GET"]}}],"collection":[{"href":"https:\/\/cultivers.es\/it\/wp-json\/wp\/v2\/product"}],"about":[{"href":"https:\/\/cultivers.es\/it\/wp-json\/wp\/v2\/types\/product"}],"replies":[{"embeddable":true,"href":"https:\/\/cultivers.es\/it\/wp-json\/wp\/v2\/comments?post=19797"}],"wp:featuredmedia":[{"embeddable":true,"href":"https:\/\/cultivers.es\/it\/wp-json\/wp\/v2\/media\/15431"}],"wp:attachment":[{"href":"https:\/\/cultivers.es\/it\/wp-json\/wp\/v2\/media?parent=19797"}],"wp:term":[{"taxonomy":"product_brand","embeddable":true,"href":"https:\/\/cultivers.es\/it\/wp-json\/wp\/v2\/product_brand?post=19797"},{"taxonomy":"product_cat","embeddable":true,"href":"https:\/\/cultivers.es\/it\/wp-json\/wp\/v2\/product_cat?post=19797"},{"taxonomy":"product_tag","embeddable":true,"href":"https:\/\/cultivers.es\/it\/wp-json\/wp\/v2\/product_tag?post=19797"}],"curies":[{"name":"wp","href":"https:\/\/api.w.org\/{rel}","templated":true}]}}