{"id":19800,"date":"2022-10-07T07:08:06","date_gmt":"2022-10-07T07:08:06","guid":{"rendered":"https:\/\/cultivers.es\/abonos\/semi-di-pisello-magico-kelvedon-biologici\/"},"modified":"2025-11-10T14:01:51","modified_gmt":"2025-11-10T14:01:51","slug":"pisello-kelvedon-wonde-ecologico-seme-di-pisello","status":"publish","type":"product","link":"https:\/\/cultivers.es\/it\/fertilizzanti\/pisello-kelvedon-wonde-ecologico-seme-di-pisello\/","title":{"rendered":"Semi di pisello magico Kelvedon"},"content":{"rendered":"","protected":false},"excerpt":{"rendered":"<p>Il <strong>Pisello Meraviglia Kelvedon<\/strong> \u00e8 una variet\u00e0 classica, nota per il suo sapore eccellente, la sua produttivit\u00e0 e la sua versatilit\u00e0. Con i suoi baccelli pieni di piselli teneri e dolci, questa variet\u00e0 \u00e8 ideale per insalate, stufati, soffritti o da gustare appena raccolti. \u00c8 facile e veloce da coltivare e rappresenta la scelta ideale per qualsiasi orto biologico.  <\/p>\n<p><strong>Baccelli pieni e gustosi: il<\/strong> Pisello Meraviglia Kelvedon produce baccelli compatti con piselli dolci, teneri e di ottima qualit\u00e0.<\/p>\n<p><strong>Gusto dolce e delicato:<\/strong> il suo sapore delicato e leggermente dolce lo rende perfetto da consumare fresco, cotto o in diverse ricette salutari.<\/p>\n<p><strong>Alta produttivit\u00e0:<\/strong> questa variet\u00e0 si distingue per la capacit\u00e0 di produrre raccolti abbondanti in un breve periodo di tempo.<\/p>\n<p><strong>Resistente e versatile:<\/strong> la Kelvedon Wonder \u00e8 una pianta resistente, adattata a una variet\u00e0 di climi, che garantisce una crescita di successo in diversi tipi di terreno e condizioni.<\/p>\n<p><strong>Ricco di nutrienti:<\/strong> \u00c8 una fonte naturale di proteine vegetali, fibre, vitamine A e C e minerali essenziali come ferro e potassio, che favoriscono una dieta equilibrata.<\/p>\n<p><strong>Coltivazione biologica:<\/strong> i nostri semi sono 100% biologici, privi di pesticidi e fertilizzanti chimici, per garantire una coltivazione rispettosa dell&#8217;ambiente e della biodiversit\u00e0.<\/p>\n<p>Goditi il gusto, la freschezza e la qualit\u00e0 dei <strong>piselli biologici Kelvedon Wonder<\/strong>. Coltiva questa variet\u00e0 nel tuo orto e prova la soddisfazione di raccogliere i tuoi piselli: ordina oggi stesso e porta il meglio della natura sulla tua tavola!  <\/p>\n","protected":false},"featured_media":50195,"comment_status":"open","ping_status":"closed","template":"","meta":{"_acf_changed":false},"product_brand":[],"product_cat":[436,760],"product_tag":[1577],"woo-feed-brand":[],"class_list":{"0":"post-19800","1":"product","2":"type-product","3":"status-publish","4":"has-post-thumbnail","6":"product_cat-semi-biologici","7":"product_cat-semi-di-legumi-biologici","8":"product_tag-eco","10":"first","11":"instock","12":"taxable","13":"shipping-taxable","14":"purchasable","15":"product-type-simple"},"acf":[],"_links":{"self":[{"href":"https:\/\/cultivers.es\/it\/wp-json\/wp\/v2\/product\/19800","targetHints":{"allow":["GET"]}}],"collection":[{"href":"https:\/\/cultivers.es\/it\/wp-json\/wp\/v2\/product"}],"about":[{"href":"https:\/\/cultivers.es\/it\/wp-json\/wp\/v2\/types\/product"}],"replies":[{"embeddable":true,"href":"https:\/\/cultivers.es\/it\/wp-json\/wp\/v2\/comments?post=19800"}],"wp:featuredmedia":[{"embeddable":true,"href":"https:\/\/cultivers.es\/it\/wp-json\/wp\/v2\/media\/50195"}],"wp:attachment":[{"href":"https:\/\/cultivers.es\/it\/wp-json\/wp\/v2\/media?parent=19800"}],"wp:term":[{"taxonomy":"product_brand","embeddable":true,"href":"https:\/\/cultivers.es\/it\/wp-json\/wp\/v2\/product_brand?post=19800"},{"taxonomy":"product_cat","embeddable":true,"href":"https:\/\/cultivers.es\/it\/wp-json\/wp\/v2\/product_cat?post=19800"},{"taxonomy":"product_tag","embeddable":true,"href":"https:\/\/cultivers.es\/it\/wp-json\/wp\/v2\/product_tag?post=19800"},{"taxonomy":"woo-feed-brand","embeddable":true,"href":"https:\/\/cultivers.es\/it\/wp-json\/wp\/v2\/woo-feed-brand?post=19800"}],"curies":[{"name":"wp","href":"https:\/\/api.w.org\/{rel}","templated":true}]}}