{"id":19803,"date":"2022-10-07T07:08:06","date_gmt":"2022-10-07T07:08:06","guid":{"rendered":"https:\/\/cultivers.es\/abonos\/semi-di-carota-jaune-du-doubs-biologici\/"},"modified":"2025-09-22T04:41:15","modified_gmt":"2025-09-22T04:41:15","slug":"semi-di-carota-jaune-du-doubs-ecologico","status":"publish","type":"product","link":"https:\/\/cultivers.es\/it\/fertilizzanti\/semi-di-carota-jaune-du-doubs-ecologico\/","title":{"rendered":"Semi di carota Jaune du Doubs Biodinamico Demeter"},"content":{"rendered":"","protected":false},"excerpt":{"rendered":"<p>La <strong>carota Jaune du Doubs<\/strong> \u00e8 una variet\u00e0 tradizionale e accattivante, riconoscibile per il suo caratteristico colore giallo oro e la sua forma conica allungata. Questa carota offre un sapore dolce ed equilibrato, ideale per insalate fresche, stufati, succhi o come snack salutare. Perfetta per chi vuole aggiungere colore e variet\u00e0 ai propri piatti, questa variet\u00e0 si distingue per la sua qualit\u00e0 e versatilit\u00e0 in cucina.  <\/p>\n<p><strong>Radici grandi e sode:<\/strong> la carota Jaune du Doubs produce radici coniche di notevoli dimensioni e consistenza tenera, con un attraente colore giallo che la rende unica.<\/p>\n<p><strong>Sapore dolce e delicato:<\/strong> la sua lieve dolcezza la rende una scelta deliziosa per tutti i tipi di preparazioni, da quelle crude a quelle cotte.<\/p>\n<p><strong>Resistente e produttiva:<\/strong> questa variet\u00e0 \u00e8 resistente ai climi variabili e garantisce un raccolto abbondante, rendendola una scelta ideale per i frutteti in diverse stagioni.<\/p>\n<p><strong>Ricca di nutrienti:<\/strong> Fonte importante di vitamine A e C, fibre e antiossidanti, questa carota \u00e8 un complemento perfetto per una dieta equilibrata.<\/p>\n<p><strong>Facile da coltivare:<\/strong> adattabile a diversi tipi di terreno, questa variet\u00e0 \u00e8 facile da coltivare sia per i giardinieri alle prime armi che per quelli pi\u00f9 esperti.<\/p>\n<p><strong>Coltivazione biologica:<\/strong> i nostri semi sono 100% biologici, privi di pesticidi e sostanze chimiche, e promuovono una coltivazione sostenibile ed ecologica.<\/p>\n<p>Riempi il tuo orto di colore e sapore con i <strong>semi di carota Jaune du Doubs biologici<\/strong>. Aggiungi un tocco nutriente e originale ai tuoi piatti con questa variet\u00e0 unica e salutare, ordina oggi stesso e goditi un raccolto speciale direttamente dal tuo orto!  <\/p>\n","protected":false},"featured_media":15471,"comment_status":"open","ping_status":"closed","template":"","meta":{"_acf_changed":false},"product_brand":[],"product_cat":[436,1305,441],"product_tag":[1383],"class_list":{"0":"post-19803","1":"product","2":"type-product","3":"status-publish","4":"has-post-thumbnail","6":"product_cat-semi-biologici","7":"product_cat-semi-di-demeter","8":"product_cat-semi-di-radice-biologici","9":"product_tag-demeter-it","11":"first","12":"instock","13":"taxable","14":"shipping-taxable","15":"purchasable","16":"product-type-variable"},"acf":[],"_links":{"self":[{"href":"https:\/\/cultivers.es\/it\/wp-json\/wp\/v2\/product\/19803","targetHints":{"allow":["GET"]}}],"collection":[{"href":"https:\/\/cultivers.es\/it\/wp-json\/wp\/v2\/product"}],"about":[{"href":"https:\/\/cultivers.es\/it\/wp-json\/wp\/v2\/types\/product"}],"replies":[{"embeddable":true,"href":"https:\/\/cultivers.es\/it\/wp-json\/wp\/v2\/comments?post=19803"}],"wp:featuredmedia":[{"embeddable":true,"href":"https:\/\/cultivers.es\/it\/wp-json\/wp\/v2\/media\/15471"}],"wp:attachment":[{"href":"https:\/\/cultivers.es\/it\/wp-json\/wp\/v2\/media?parent=19803"}],"wp:term":[{"taxonomy":"product_brand","embeddable":true,"href":"https:\/\/cultivers.es\/it\/wp-json\/wp\/v2\/product_brand?post=19803"},{"taxonomy":"product_cat","embeddable":true,"href":"https:\/\/cultivers.es\/it\/wp-json\/wp\/v2\/product_cat?post=19803"},{"taxonomy":"product_tag","embeddable":true,"href":"https:\/\/cultivers.es\/it\/wp-json\/wp\/v2\/product_tag?post=19803"}],"curies":[{"name":"wp","href":"https:\/\/api.w.org\/{rel}","templated":true}]}}