{"id":19819,"date":"2022-10-07T07:08:06","date_gmt":"2022-10-07T07:08:06","guid":{"rendered":"https:\/\/cultivers.es\/abonos\/semi-di-fagiolo-superaguadulce-biologico\/"},"modified":"2025-09-22T05:10:28","modified_gmt":"2025-09-22T05:10:28","slug":"superaguadulce-superaguadulce-semi-ecologici-favorevoli","status":"publish","type":"product","link":"https:\/\/cultivers.es\/it\/fertilizzanti\/superaguadulce-superaguadulce-semi-ecologici-favorevoli\/","title":{"rendered":"Semi di fagiolo Superaguadulce"},"content":{"rendered":"","protected":false},"excerpt":{"rendered":"<p>Il <strong>fagiolo Superaguadulce<\/strong> \u00e8 una variet\u00e0 eccezionalmente dolce e tenera, ideale per chi cerca una coltura tradizionale dal sapore delizioso. Con lunghi baccelli pieni di fagioli grandi e succosi, questo fagiolo \u00e8 perfetto per essere consumato fresco, in stufati, pur\u00e8 o insalate. La sua rusticit\u00e0 e la facilit\u00e0 di coltivazione lo rendono una scelta ideale per gli orti biologici.  <\/p>\n<p><strong>Baccelli lunghi e produttivi:<\/strong> questa variet\u00e0 produce grandi baccelli pieni di fagioli teneri, perfetti da gustare in un&#8217;ampia variet\u00e0 di piatti.<\/p>\n<p><strong>Sapore dolce e delicato:<\/strong> la sua dolcezza naturale e la sua consistenza morbida rendono il Fagiolo Superaguadulce una scelta deliziosa per ricette fresche o cotte.<\/p>\n<p><strong>Alta produttivit\u00e0 e resistenza:<\/strong> le piante sono robuste e offrono una resa generosa, ideale per i climi freschi e le stagioni lunghe.<\/p>\n<p><strong>Ricche di nutrienti:<\/strong> Le fave sono un&#8217;ottima fonte di proteine vegetali, fibre, vitamine B e C e minerali come ferro e magnesio, che contribuiscono a una dieta sana ed equilibrata.<\/p>\n<p><strong>Facile da coltivare:<\/strong> resistente a diversi climi e a bassa manutenzione, questa variet\u00e0 \u00e8 perfetta sia per i giardinieri alle prime armi che per quelli pi\u00f9 esperti.<\/p>\n<p><strong>Coltivazione biologica:<\/strong> i nostri semi sono 100% biologici, privi di pesticidi e sostanze chimiche, e garantiscono un raccolto sano ed ecologico per il tuo giardino.<\/p>\n<p>Assapora il gusto autentico e la qualit\u00e0 eccezionale delle <strong>fave biologiche Superaguadulce<\/strong>. Coltiva questa variet\u00e0 nel tuo orto e gusta fagioli dolci e nutrienti direttamente dal tuo giardino: ordina oggi stesso e inizia a raccogliere freschezza e sapore!  <\/p>\n","protected":false},"featured_media":15351,"comment_status":"open","ping_status":"closed","template":"","meta":{"_acf_changed":false},"product_brand":[],"product_cat":[436,760],"product_tag":[1577],"woo-feed-brand":[],"class_list":{"0":"post-19819","1":"product","2":"type-product","3":"status-publish","4":"has-post-thumbnail","6":"product_cat-semi-biologici","7":"product_cat-semi-di-legumi-biologici","8":"product_tag-eco","10":"first","11":"instock","12":"taxable","13":"shipping-taxable","14":"purchasable","15":"product-type-simple"},"acf":[],"_links":{"self":[{"href":"https:\/\/cultivers.es\/it\/wp-json\/wp\/v2\/product\/19819","targetHints":{"allow":["GET"]}}],"collection":[{"href":"https:\/\/cultivers.es\/it\/wp-json\/wp\/v2\/product"}],"about":[{"href":"https:\/\/cultivers.es\/it\/wp-json\/wp\/v2\/types\/product"}],"replies":[{"embeddable":true,"href":"https:\/\/cultivers.es\/it\/wp-json\/wp\/v2\/comments?post=19819"}],"wp:featuredmedia":[{"embeddable":true,"href":"https:\/\/cultivers.es\/it\/wp-json\/wp\/v2\/media\/15351"}],"wp:attachment":[{"href":"https:\/\/cultivers.es\/it\/wp-json\/wp\/v2\/media?parent=19819"}],"wp:term":[{"taxonomy":"product_brand","embeddable":true,"href":"https:\/\/cultivers.es\/it\/wp-json\/wp\/v2\/product_brand?post=19819"},{"taxonomy":"product_cat","embeddable":true,"href":"https:\/\/cultivers.es\/it\/wp-json\/wp\/v2\/product_cat?post=19819"},{"taxonomy":"product_tag","embeddable":true,"href":"https:\/\/cultivers.es\/it\/wp-json\/wp\/v2\/product_tag?post=19819"},{"taxonomy":"woo-feed-brand","embeddable":true,"href":"https:\/\/cultivers.es\/it\/wp-json\/wp\/v2\/woo-feed-brand?post=19819"}],"curies":[{"name":"wp","href":"https:\/\/api.w.org\/{rel}","templated":true}]}}