{"id":19822,"date":"2022-10-07T07:08:06","date_gmt":"2022-10-07T07:08:06","guid":{"rendered":"https:\/\/cultivers.es\/abonos\/semi-di-piselli-meraviglia-ditalia-semi-di-piselli-biologici\/"},"modified":"2025-09-22T04:41:27","modified_gmt":"2025-09-22T04:41:27","slug":"pisello-semi-di-pisello-meraviglia-d-italia-ecologico","status":"publish","type":"product","link":"https:\/\/cultivers.es\/it\/fertilizzanti\/pisello-semi-di-pisello-meraviglia-d-italia-ecologico\/","title":{"rendered":"Semi di pisello Meraviglia d&#8217;Italia"},"content":{"rendered":"","protected":false},"excerpt":{"rendered":"<p>Questa variet\u00e0 tradizionale di piselli \u00e8 originaria dell&#8217;Italia. Cresce fino a un&#8217;altezza di 45 cm, quindi \u00e8 considerato un arbusto a bassa crescita. I piselli si presentano in baccelli dritti lunghi 9-10 cm e con circa 7-9 piselli per baccello.<\/p>\n","protected":false},"featured_media":15326,"comment_status":"open","ping_status":"closed","template":"","meta":{"_acf_changed":false},"product_brand":[],"product_cat":[436,760],"product_tag":[],"woo-feed-brand":[],"class_list":{"0":"post-19822","1":"product","2":"type-product","3":"status-publish","4":"has-post-thumbnail","6":"product_cat-semi-biologici","7":"product_cat-semi-di-legumi-biologici","9":"first","10":"outofstock","11":"taxable","12":"shipping-taxable","13":"purchasable","14":"product-type-simple"},"acf":[],"_links":{"self":[{"href":"https:\/\/cultivers.es\/it\/wp-json\/wp\/v2\/product\/19822","targetHints":{"allow":["GET"]}}],"collection":[{"href":"https:\/\/cultivers.es\/it\/wp-json\/wp\/v2\/product"}],"about":[{"href":"https:\/\/cultivers.es\/it\/wp-json\/wp\/v2\/types\/product"}],"replies":[{"embeddable":true,"href":"https:\/\/cultivers.es\/it\/wp-json\/wp\/v2\/comments?post=19822"}],"wp:featuredmedia":[{"embeddable":true,"href":"https:\/\/cultivers.es\/it\/wp-json\/wp\/v2\/media\/15326"}],"wp:attachment":[{"href":"https:\/\/cultivers.es\/it\/wp-json\/wp\/v2\/media?parent=19822"}],"wp:term":[{"taxonomy":"product_brand","embeddable":true,"href":"https:\/\/cultivers.es\/it\/wp-json\/wp\/v2\/product_brand?post=19822"},{"taxonomy":"product_cat","embeddable":true,"href":"https:\/\/cultivers.es\/it\/wp-json\/wp\/v2\/product_cat?post=19822"},{"taxonomy":"product_tag","embeddable":true,"href":"https:\/\/cultivers.es\/it\/wp-json\/wp\/v2\/product_tag?post=19822"},{"taxonomy":"woo-feed-brand","embeddable":true,"href":"https:\/\/cultivers.es\/it\/wp-json\/wp\/v2\/woo-feed-brand?post=19822"}],"curies":[{"name":"wp","href":"https:\/\/api.w.org\/{rel}","templated":true}]}}