{"id":19823,"date":"2022-10-07T07:08:06","date_gmt":"2022-10-07T07:08:06","guid":{"rendered":"https:\/\/cultivers.es\/abonos\/semi-di-fagiolo-eleonora-biologico\/"},"modified":"2025-09-22T05:10:18","modified_gmt":"2025-09-22T05:10:18","slug":"fagiolo-eleonora-semi-ecologici","status":"publish","type":"product","link":"https:\/\/cultivers.es\/it\/fertilizzanti\/fagiolo-eleonora-semi-ecologici\/","title":{"rendered":"Semi di fagiolo Eleonora"},"content":{"rendered":"","protected":false},"excerpt":{"rendered":"<p>Il <strong>fagiolo Eleonora<\/strong> \u00e8 una variet\u00e0 versatile e resistente, nota per l&#8217;elevata resa e il sapore delicato. Produce baccelli pieni di fagioli grandi e teneri, ideali per essere consumati freschi o cucinati in un&#8217;ampia variet\u00e0 di ricette, dagli stufati alle insalate. La sua facilit\u00e0 di coltivazione e la capacit\u00e0 di adattarsi a climi diversi lo rendono un must per ogni orto biologico.  <\/p>\n<p><strong>Baccelli pieni e gustosi:<\/strong> il Fagiolo Eleonora offre baccelli grandi con fagioli teneri e succosi, perfetti per ogni tipo di preparazione culinaria.<\/p>\n<p><strong>Sapore delicato e delizioso:<\/strong> con un profilo di sapore delicato e piacevole, questi fagioli sono ideali per ricette tradizionali o moderne.<\/p>\n<p><strong>Alta produttivit\u00e0 e resistenza:<\/strong> questa variet\u00e0 garantisce raccolti abbondanti, essendo molto resistente ai climi freddi e agli sbalzi di temperatura.<\/p>\n<p><strong>Ricche di nutrienti:<\/strong> Le fave sono un&#8217;ottima fonte di proteine vegetali, fibre, vitamine B e C e minerali come ferro e magnesio, che le rendono perfette per una dieta equilibrata.<\/p>\n<p><strong>Facile da coltivare:<\/strong> adattabile a diversi tipi di terreno e condizioni climatiche, \u00e8 una scelta eccellente sia per i principianti che per i giardinieri esperti.<\/p>\n<p><strong>Coltivazione biologica:<\/strong> i nostri semi sono 100% biologici, privi di pesticidi e fertilizzanti chimici, per garantire una coltivazione sostenibile ed ecologica.<\/p>\n<p>Goditi la qualit\u00e0 e il gusto autentico delle <strong>fave Eleonora biologiche<\/strong> nel tuo orto. Coltiva questa variet\u00e0 resistente e nutriente per ottenere raccolti sani e deliziosi: ordina oggi stesso e inizia a gustare fave fresche e naturali direttamente dal tuo orto!  <\/p>\n","protected":false},"featured_media":15341,"comment_status":"open","ping_status":"closed","template":"","meta":{"_acf_changed":false},"product_brand":[],"product_cat":[436,760],"product_tag":[],"woo-feed-brand":[],"class_list":{"0":"post-19823","1":"product","2":"type-product","3":"status-publish","4":"has-post-thumbnail","6":"product_cat-semi-biologici","7":"product_cat-semi-di-legumi-biologici","9":"first","10":"outofstock","11":"taxable","12":"shipping-taxable","13":"purchasable","14":"product-type-simple"},"acf":[],"_links":{"self":[{"href":"https:\/\/cultivers.es\/it\/wp-json\/wp\/v2\/product\/19823","targetHints":{"allow":["GET"]}}],"collection":[{"href":"https:\/\/cultivers.es\/it\/wp-json\/wp\/v2\/product"}],"about":[{"href":"https:\/\/cultivers.es\/it\/wp-json\/wp\/v2\/types\/product"}],"replies":[{"embeddable":true,"href":"https:\/\/cultivers.es\/it\/wp-json\/wp\/v2\/comments?post=19823"}],"wp:featuredmedia":[{"embeddable":true,"href":"https:\/\/cultivers.es\/it\/wp-json\/wp\/v2\/media\/15341"}],"wp:attachment":[{"href":"https:\/\/cultivers.es\/it\/wp-json\/wp\/v2\/media?parent=19823"}],"wp:term":[{"taxonomy":"product_brand","embeddable":true,"href":"https:\/\/cultivers.es\/it\/wp-json\/wp\/v2\/product_brand?post=19823"},{"taxonomy":"product_cat","embeddable":true,"href":"https:\/\/cultivers.es\/it\/wp-json\/wp\/v2\/product_cat?post=19823"},{"taxonomy":"product_tag","embeddable":true,"href":"https:\/\/cultivers.es\/it\/wp-json\/wp\/v2\/product_tag?post=19823"},{"taxonomy":"woo-feed-brand","embeddable":true,"href":"https:\/\/cultivers.es\/it\/wp-json\/wp\/v2\/woo-feed-brand?post=19823"}],"curies":[{"name":"wp","href":"https:\/\/api.w.org\/{rel}","templated":true}]}}