{"id":19854,"date":"2022-10-07T07:08:06","date_gmt":"2022-10-07T07:08:06","guid":{"rendered":"https:\/\/cultivers.es\/abonos\/semi-di-fagiolo-verde-vitalis-ecological\/"},"modified":"2025-09-22T05:10:31","modified_gmt":"2025-09-22T05:10:31","slug":"verde-verde-vitalis-semi-ecologici-judia","status":"publish","type":"product","link":"https:\/\/cultivers.es\/it\/fertilizzanti\/verde-verde-vitalis-semi-ecologici-judia\/","title":{"rendered":"Semi di fagiolo verde Vitalis"},"content":{"rendered":"","protected":false},"excerpt":{"rendered":"<p>Questa variet\u00e0 di fagiolo \u00e8 un fagiolo rampicante. Pu\u00f2 crescere fino a 2 m di altezza (necessita di un sostegno). Ciclo semi-precoce e crescita lenta. Produce baccelli di gusto e qualit\u00e0 eccellenti. I baccelli sono piatti, larghi 20 mm e lunghi da 20 a 22 cm, di colore verde scuro. Questa variet\u00e0 \u00e8 adatta sia alla coltivazione in serra che all&#8217;aperto, in luoghi temperati e estivi.<\/p>\n","protected":false},"featured_media":15491,"comment_status":"open","ping_status":"closed","template":"","meta":{"_acf_changed":false},"product_brand":[],"product_cat":[436,760],"product_tag":[],"woo-feed-brand":[],"class_list":{"0":"post-19854","1":"product","2":"type-product","3":"status-publish","4":"has-post-thumbnail","6":"product_cat-semi-biologici","7":"product_cat-semi-di-legumi-biologici","9":"first","10":"outofstock","11":"taxable","12":"shipping-taxable","13":"purchasable","14":"product-type-simple"},"acf":[],"_links":{"self":[{"href":"https:\/\/cultivers.es\/it\/wp-json\/wp\/v2\/product\/19854","targetHints":{"allow":["GET"]}}],"collection":[{"href":"https:\/\/cultivers.es\/it\/wp-json\/wp\/v2\/product"}],"about":[{"href":"https:\/\/cultivers.es\/it\/wp-json\/wp\/v2\/types\/product"}],"replies":[{"embeddable":true,"href":"https:\/\/cultivers.es\/it\/wp-json\/wp\/v2\/comments?post=19854"}],"wp:featuredmedia":[{"embeddable":true,"href":"https:\/\/cultivers.es\/it\/wp-json\/wp\/v2\/media\/15491"}],"wp:attachment":[{"href":"https:\/\/cultivers.es\/it\/wp-json\/wp\/v2\/media?parent=19854"}],"wp:term":[{"taxonomy":"product_brand","embeddable":true,"href":"https:\/\/cultivers.es\/it\/wp-json\/wp\/v2\/product_brand?post=19854"},{"taxonomy":"product_cat","embeddable":true,"href":"https:\/\/cultivers.es\/it\/wp-json\/wp\/v2\/product_cat?post=19854"},{"taxonomy":"product_tag","embeddable":true,"href":"https:\/\/cultivers.es\/it\/wp-json\/wp\/v2\/product_tag?post=19854"},{"taxonomy":"woo-feed-brand","embeddable":true,"href":"https:\/\/cultivers.es\/it\/wp-json\/wp\/v2\/woo-feed-brand?post=19854"}],"curies":[{"name":"wp","href":"https:\/\/api.w.org\/{rel}","templated":true}]}}