{"id":19858,"date":"2022-10-07T07:08:06","date_gmt":"2022-10-07T07:08:06","guid":{"rendered":"https:\/\/cultivers.es\/abonos\/semi-di-fagiolo-verde-dior-bio\/"},"modified":"2025-09-22T05:10:54","modified_gmt":"2025-09-22T05:10:54","slug":"fagioli-verdi-semi-ecologici","status":"publish","type":"product","link":"https:\/\/cultivers.es\/it\/fertilizzanti\/fagioli-verdi-semi-ecologici\/","title":{"rendered":"Semi di fagiolo verde Dior"},"content":{"rendered":"","protected":false},"excerpt":{"rendered":"<p>Il <strong>fagiolo verde Dior<\/strong> \u00e8 una variet\u00e0 di fagiolo giallo burro, noto per i suoi baccelli tondeggianti di colore giallo oro brillante. La sua consistenza tenera e il suo sapore delicato lo rendono ideale per la cottura a vapore, il soffritto, le insalate o gli stufati. Questa pianta \u00e8 resistente, ad alto rendimento e facile da coltivare, perfetta per ottenere raccolti sani e sostenibili nel tuo orto biologico.  <\/p>\n<p><strong>Baccelli arrotondati e sorprendenti:<\/strong> produce baccelli giallo vivo, lisci e arrotondati, dalla consistenza tenera e croccante.<\/p>\n<p><strong>Sapore dolce e delicato:<\/strong> con un tocco dolce e delicato, questa variet\u00e0 \u00e8 perfetta per arricchire un&#8217;ampia variet\u00e0 di piatti, dalle insalate fresche alle ricette cotte.<\/p>\n<p><strong>Alta produttivit\u00e0:<\/strong> il fagiolino Dior offre raccolti generosi e continui, garantendo una produzione costante per tutta la stagione.<\/p>\n<p><strong>Ricca di nutrienti:<\/strong> Questa variet\u00e0 \u00e8 un&#8217;ottima fonte di fibre, vitamine A e C e minerali essenziali come ferro e potassio, che contribuiscono a una dieta equilibrata.<\/p>\n<p><strong>Facile da coltivare:<\/strong> resistente e adattabile a diversi tipi di terreno e climi, questa pianta \u00e8 ideale sia per i principianti che per i giardinieri esperti.<\/p>\n<p><strong>Coltivazione biologica:<\/strong> i nostri semi sono 100% biologici, privi di pesticidi e sostanze chimiche, per garantire un raccolto sano e rispettoso dell&#8217;ambiente per tutta la famiglia.<\/p>\n<p>Goditi il colore, la freschezza e la versatilit\u00e0 del <strong>fagiolo verde biologico Dior<\/strong>. Coltiva questo ortaggio nutriente e gustoso nel tuo orto e riempi la tua tavola con qualit\u00e0 e sostenibilit\u00e0. Ordina oggi stesso e inizia il raccolto!  <\/p>\n","protected":false},"featured_media":15356,"comment_status":"open","ping_status":"closed","template":"","meta":{"_acf_changed":false},"product_brand":[],"product_cat":[436,760],"product_tag":[1577],"class_list":{"0":"post-19858","1":"product","2":"type-product","3":"status-publish","4":"has-post-thumbnail","6":"product_cat-semi-biologici","7":"product_cat-semi-di-legumi-biologici","8":"product_tag-eco","10":"first","11":"instock","12":"taxable","13":"shipping-taxable","14":"purchasable","15":"product-type-simple"},"acf":[],"_links":{"self":[{"href":"https:\/\/cultivers.es\/it\/wp-json\/wp\/v2\/product\/19858","targetHints":{"allow":["GET"]}}],"collection":[{"href":"https:\/\/cultivers.es\/it\/wp-json\/wp\/v2\/product"}],"about":[{"href":"https:\/\/cultivers.es\/it\/wp-json\/wp\/v2\/types\/product"}],"replies":[{"embeddable":true,"href":"https:\/\/cultivers.es\/it\/wp-json\/wp\/v2\/comments?post=19858"}],"wp:featuredmedia":[{"embeddable":true,"href":"https:\/\/cultivers.es\/it\/wp-json\/wp\/v2\/media\/15356"}],"wp:attachment":[{"href":"https:\/\/cultivers.es\/it\/wp-json\/wp\/v2\/media?parent=19858"}],"wp:term":[{"taxonomy":"product_brand","embeddable":true,"href":"https:\/\/cultivers.es\/it\/wp-json\/wp\/v2\/product_brand?post=19858"},{"taxonomy":"product_cat","embeddable":true,"href":"https:\/\/cultivers.es\/it\/wp-json\/wp\/v2\/product_cat?post=19858"},{"taxonomy":"product_tag","embeddable":true,"href":"https:\/\/cultivers.es\/it\/wp-json\/wp\/v2\/product_tag?post=19858"}],"curies":[{"name":"wp","href":"https:\/\/api.w.org\/{rel}","templated":true}]}}