{"id":19861,"date":"2022-10-07T07:08:06","date_gmt":"2022-10-07T07:08:06","guid":{"rendered":"https:\/\/cultivers.es\/abonos\/semi-di-ceci-principe-biologici\/"},"modified":"2025-09-22T05:10:51","modified_gmt":"2025-09-22T05:10:51","slug":"ceci-semi-di-pisello-principe-ecologico","status":"publish","type":"product","link":"https:\/\/cultivers.es\/it\/fertilizzanti\/ceci-semi-di-pisello-principe-ecologico\/","title":{"rendered":"Semi di ceci Prince"},"content":{"rendered":"","protected":false},"excerpt":{"rendered":"<p>Il <strong>Garbanzo Pr\u00edncipe<\/strong> \u00e8 una variet\u00e0 tradizionale di alta qualit\u00e0, nota per la produzione di fagioli grandi, teneri e gustosi. Ideale per preparare piatti classici come stufati, insalate, hummus o zuppe, questo cece si distingue per la sua consistenza cremosa e il suo sapore unico. \u00c8 inoltre facile da coltivare, resistente alle condizioni avverse e perfetto per gli orti biologici sostenibili.  <\/p>\n<p><strong>Chicchi grandi e nutrienti:<\/strong> il cece principe produce chicchi di dimensioni generose, con una consistenza liscia e cremosa, perfetta per tutti i tipi di preparazioni culinarie.<\/p>\n<p><strong>Sapore ricco e autentico:<\/strong> il suo gusto caratteristico e delizioso lo rende un ingrediente essenziale per le ricette tradizionali e moderne.<\/p>\n<p><strong>Alta produttivit\u00e0:<\/strong> questa variet\u00e0 garantisce un raccolto abbondante, offrendo un&#8217;ottima resa in ogni semina.<\/p>\n<p><strong>Ricchi di nutrienti:<\/strong> I ceci sono un&#8217;ottima fonte di proteine vegetali, fibre, ferro, magnesio e vitamine del gruppo B, che li rendono ideali per una dieta sana ed equilibrata.<\/p>\n<p><strong>Facile da coltivare:<\/strong> resistente alla siccit\u00e0 e adattabile a diversi tipi di terreno, questa pianta \u00e8 adatta sia ai principianti che ai giardinieri esperti.<\/p>\n<p><strong>Coltivazione biologica:<\/strong> i nostri semi sono 100% biologici, privi di pesticidi e sostanze chimiche, e promuovono una coltivazione sostenibile ed ecologica.<\/p>\n<p>Goditi la tradizione e il sapore autentico con i <strong>semi di ceci Prince biologici<\/strong>. Coltiva questa variet\u00e0 nutriente e versatile nel tuo orto e riempi la tua cucina di ricette sane e deliziose. Ordina oggi stesso e inizia a raccogliere qualit\u00e0 e freschezza!  <\/p>\n","protected":false},"featured_media":15316,"comment_status":"open","ping_status":"closed","template":"","meta":{"_acf_changed":false},"product_brand":[],"product_cat":[436,760],"product_tag":[1577],"class_list":{"0":"post-19861","1":"product","2":"type-product","3":"status-publish","4":"has-post-thumbnail","6":"product_cat-semi-biologici","7":"product_cat-semi-di-legumi-biologici","8":"product_tag-eco","10":"first","11":"instock","12":"taxable","13":"shipping-taxable","14":"purchasable","15":"product-type-simple"},"acf":[],"_links":{"self":[{"href":"https:\/\/cultivers.es\/it\/wp-json\/wp\/v2\/product\/19861","targetHints":{"allow":["GET"]}}],"collection":[{"href":"https:\/\/cultivers.es\/it\/wp-json\/wp\/v2\/product"}],"about":[{"href":"https:\/\/cultivers.es\/it\/wp-json\/wp\/v2\/types\/product"}],"replies":[{"embeddable":true,"href":"https:\/\/cultivers.es\/it\/wp-json\/wp\/v2\/comments?post=19861"}],"wp:featuredmedia":[{"embeddable":true,"href":"https:\/\/cultivers.es\/it\/wp-json\/wp\/v2\/media\/15316"}],"wp:attachment":[{"href":"https:\/\/cultivers.es\/it\/wp-json\/wp\/v2\/media?parent=19861"}],"wp:term":[{"taxonomy":"product_brand","embeddable":true,"href":"https:\/\/cultivers.es\/it\/wp-json\/wp\/v2\/product_brand?post=19861"},{"taxonomy":"product_cat","embeddable":true,"href":"https:\/\/cultivers.es\/it\/wp-json\/wp\/v2\/product_cat?post=19861"},{"taxonomy":"product_tag","embeddable":true,"href":"https:\/\/cultivers.es\/it\/wp-json\/wp\/v2\/product_tag?post=19861"}],"curies":[{"name":"wp","href":"https:\/\/api.w.org\/{rel}","templated":true}]}}