{"id":19866,"date":"2022-10-07T07:08:06","date_gmt":"2022-10-07T07:08:06","guid":{"rendered":"https:\/\/cultivers.es\/abonos\/semi-di-fagiolo-verde-capitano-ecological\/"},"modified":"2025-09-22T05:10:31","modified_gmt":"2025-09-22T05:10:31","slug":"fagiolo-verde-capitano-semi-ecologici","status":"publish","type":"product","link":"https:\/\/cultivers.es\/it\/fertilizzanti\/fagiolo-verde-capitano-semi-ecologici\/","title":{"rendered":"Semi di fagiolo verde Capitano"},"content":{"rendered":"","protected":false},"excerpt":{"rendered":"<p>Il <strong>fagiolo verde Capitano<\/strong> \u00e8 una variet\u00e0 di fagiolo giallo o &#8220;burro&#8221;, ideale per chi cerca un ortaggio tenero e gustoso. I suoi baccelli piatti, di un attraente colore giallo oro, sono perfetti da consumare freschi, al vapore, in umido o anche saltati in padella. Si tratta di una pianta molto produttiva e resistente, adatta a un&#8217;ampia variet\u00e0 di climi, che la rende una scelta eccellente per qualsiasi orto biologico.  <\/p>\n<p><strong>Teneri baccelli piatti:<\/strong> produce baccelli lunghi e piatti dalla consistenza morbida e dal sapore delicato, ideali per un&#8217;ampia variet\u00e0 di ricette.<\/p>\n<p><strong>Gusto dolce e delicato:<\/strong> il suo sapore leggero e leggermente dolce lo rende perfetto per insalate, stufati o come guarnizione di piatti salutari.<\/p>\n<p><strong>Alta produttivit\u00e0:<\/strong> questa variet\u00e0 garantisce raccolti abbondanti, offrendo baccelli di alta qualit\u00e0 per tutta la stagione.<\/p>\n<p><strong>Ricchi di nutrienti:<\/strong> I fagiolini sono un&#8217;importante fonte di fibre, vitamine A e C e minerali come ferro e potassio, ideali per una dieta equilibrata.<\/p>\n<p><strong>Facile da coltivare:<\/strong> resistente e a bassa manutenzione, questa pianta si adatta bene a diversi tipi di terreno e di clima, rendendola adatta sia ai principianti che ai giardinieri esperti.<\/p>\n<p><strong>Coltivazione biologica:<\/strong> i nostri semi sono 100% biologici, privi di pesticidi e fertilizzanti chimici, e garantiscono un raccolto sano ed ecologico per la tua famiglia.<\/p>\n<p>Goditi la freschezza, il colore e il sapore del <strong>fagiolo verde Capitano biologico<\/strong> direttamente dal tuo orto. Coltiva questa variet\u00e0 versatile e nutriente e riempi la tua tavola con qualit\u00e0 e sostenibilit\u00e0: ordina oggi stesso e inizia a raccogliere!  <\/p>\n","protected":false},"featured_media":15361,"comment_status":"open","ping_status":"closed","template":"","meta":{"_acf_changed":false},"product_brand":[],"product_cat":[436,760],"product_tag":[],"class_list":{"0":"post-19866","1":"product","2":"type-product","3":"status-publish","4":"has-post-thumbnail","6":"product_cat-semi-biologici","7":"product_cat-semi-di-legumi-biologici","9":"first","10":"outofstock","11":"taxable","12":"shipping-taxable","13":"purchasable","14":"product-type-simple"},"acf":[],"_links":{"self":[{"href":"https:\/\/cultivers.es\/it\/wp-json\/wp\/v2\/product\/19866","targetHints":{"allow":["GET"]}}],"collection":[{"href":"https:\/\/cultivers.es\/it\/wp-json\/wp\/v2\/product"}],"about":[{"href":"https:\/\/cultivers.es\/it\/wp-json\/wp\/v2\/types\/product"}],"replies":[{"embeddable":true,"href":"https:\/\/cultivers.es\/it\/wp-json\/wp\/v2\/comments?post=19866"}],"wp:featuredmedia":[{"embeddable":true,"href":"https:\/\/cultivers.es\/it\/wp-json\/wp\/v2\/media\/15361"}],"wp:attachment":[{"href":"https:\/\/cultivers.es\/it\/wp-json\/wp\/v2\/media?parent=19866"}],"wp:term":[{"taxonomy":"product_brand","embeddable":true,"href":"https:\/\/cultivers.es\/it\/wp-json\/wp\/v2\/product_brand?post=19866"},{"taxonomy":"product_cat","embeddable":true,"href":"https:\/\/cultivers.es\/it\/wp-json\/wp\/v2\/product_cat?post=19866"},{"taxonomy":"product_tag","embeddable":true,"href":"https:\/\/cultivers.es\/it\/wp-json\/wp\/v2\/product_tag?post=19866"}],"curies":[{"name":"wp","href":"https:\/\/api.w.org\/{rel}","templated":true}]}}