{"id":19882,"date":"2022-10-07T07:08:06","date_gmt":"2022-10-07T07:08:06","guid":{"rendered":"https:\/\/cultivers.es\/abonos\/melanzana-bianca-semi-biologici\/"},"modified":"2025-09-22T05:11:24","modified_gmt":"2025-09-22T05:11:24","slug":"semi-bianchi-egg-egg-egg-egg-egg-egg-ecologici","status":"publish","type":"product","link":"https:\/\/cultivers.es\/it\/fertilizzanti\/semi-bianchi-egg-egg-egg-egg-egg-egg-ecologici\/","title":{"rendered":"Semi di melanzana bianca Semi di melanzana biodinamica Demeter"},"content":{"rendered":"","protected":false},"excerpt":{"rendered":"<p>La <strong>melanzana bianca<\/strong> \u00e8 una variet\u00e0 eccezionale per il suo colore bianco puro, la sua forma ovale e il suo sapore dolce e delicato. Questa melanzana si distingue per la sua consistenza soda e cremosa, ideale per un&#8217;ampia variet\u00e0 di preparazioni culinarie, da stufati e arrosti a creme e salse. Essendo certificata Demeter, viene coltivata secondo i principi dell&#8217;agricoltura biodinamica, garantendo cos\u00ec un prodotto biologico, sostenibile e rispettoso dell&#8217;ambiente.  <\/p>\n<p><strong>Colore bianco e forma ovale:<\/strong> i suoi frutti hanno un colore bianco uniforme e una forma ovale che conferisce loro un aspetto elegante e attraente in cucina.<\/p>\n<p><strong>Sapore dolce e delicato:<\/strong> la sua polpa soda e cremosa offre un sapore delicato che si integra perfettamente in tutti i tipi di piatti, dalle ricette tradizionali alle opzioni pi\u00f9 creative.<\/p>\n<p><strong>Elevata produttivit\u00e0:<\/strong> questa variet\u00e0 \u00e8 produttiva e resistente, si adatta bene alle diverse condizioni climatiche e ai diversi terreni, garantendo raccolti abbondanti e di qualit\u00e0.<\/p>\n<p><strong>Ricca di nutrienti:<\/strong> La melanzana \u00e8 un&#8217;ottima fonte di fibre, antiossidanti, vitamine e minerali che contribuiscono a una dieta sana ed equilibrata.<\/p>\n<p><strong>Facile da coltivare:<\/strong> ideale sia per i giardinieri principianti che per quelli esperti, questa pianta si adatta bene sia agli orti che ai vasi, rendendola una scelta versatile per qualsiasi spazio di coltivazione.<\/p>\n<p><strong>Certificazione Demeter:<\/strong> questi semi provengono da coltivazioni biodinamiche, che promuovono la fertilit\u00e0 del suolo, la biodiversit\u00e0 e l&#8217;equilibrio naturale dell&#8217;ecosistema, garantendo la massima qualit\u00e0 del prodotto.<\/p>\n<p>Goditi il gusto, l&#8217;eleganza e la versatilit\u00e0 delle <strong>Melanzane Bianche Biologiche Demeter<\/strong> nel tuo orto e nella tua cucina. Aggiungi un tocco distintivo alle tue ricette con questa variet\u00e0 unica e nutriente: ordina oggi stesso e scopri la differenza a tavola!  <\/p>\n","protected":false},"featured_media":15551,"comment_status":"open","ping_status":"closed","template":"","meta":{"_acf_changed":false},"product_brand":[],"product_cat":[436,1305],"product_tag":[1383],"class_list":{"0":"post-19882","1":"product","2":"type-product","3":"status-publish","4":"has-post-thumbnail","6":"product_cat-semi-biologici","7":"product_cat-semi-di-demeter","8":"product_tag-demeter-it","10":"first","11":"instock","12":"sale","13":"taxable","14":"shipping-taxable","15":"purchasable","16":"product-type-simple"},"acf":[],"_links":{"self":[{"href":"https:\/\/cultivers.es\/it\/wp-json\/wp\/v2\/product\/19882","targetHints":{"allow":["GET"]}}],"collection":[{"href":"https:\/\/cultivers.es\/it\/wp-json\/wp\/v2\/product"}],"about":[{"href":"https:\/\/cultivers.es\/it\/wp-json\/wp\/v2\/types\/product"}],"replies":[{"embeddable":true,"href":"https:\/\/cultivers.es\/it\/wp-json\/wp\/v2\/comments?post=19882"}],"wp:featuredmedia":[{"embeddable":true,"href":"https:\/\/cultivers.es\/it\/wp-json\/wp\/v2\/media\/15551"}],"wp:attachment":[{"href":"https:\/\/cultivers.es\/it\/wp-json\/wp\/v2\/media?parent=19882"}],"wp:term":[{"taxonomy":"product_brand","embeddable":true,"href":"https:\/\/cultivers.es\/it\/wp-json\/wp\/v2\/product_brand?post=19882"},{"taxonomy":"product_cat","embeddable":true,"href":"https:\/\/cultivers.es\/it\/wp-json\/wp\/v2\/product_cat?post=19882"},{"taxonomy":"product_tag","embeddable":true,"href":"https:\/\/cultivers.es\/it\/wp-json\/wp\/v2\/product_tag?post=19882"}],"curies":[{"name":"wp","href":"https:\/\/api.w.org\/{rel}","templated":true}]}}