{"id":19895,"date":"2022-10-07T07:08:06","date_gmt":"2022-10-07T07:08:06","guid":{"rendered":"https:\/\/cultivers.es\/abonos\/semi-di-pomodoro-ace-55-biologico\/"},"modified":"2026-03-04T15:21:33","modified_gmt":"2026-03-04T15:21:33","slug":"semi-tomato-ace-55-ecologico","status":"publish","type":"product","link":"https:\/\/cultivers.es\/it\/fertilizzanti\/semi-tomato-ace-55-ecologico\/","title":{"rendered":"Semi di pomodoro Ace 55"},"content":{"rendered":"","protected":false},"excerpt":{"rendered":"<p>Il <strong>pomodoro Ace 55<\/strong> \u00e8 una variet\u00e0 classica nota per i suoi frutti di medie dimensioni, dalla buccia spessa e dalla polpa soda, con un sapore equilibrato e leggermente dolce. \u00c8 ideale per insalate, salse o conserve, offrendo un&#8217;eccezionale versatilit\u00e0 in cucina. Grazie alla sua resistenza e produttivit\u00e0, questo pomodoro \u00e8 perfetto per i giardinieri che desiderano raccolti abbondanti e di qualit\u00e0.  <\/p>\n<p><strong>Frutti medi e uniformi:<\/strong> produce pomodori di medie dimensioni, rotondi e dalla buccia resistente, ideali per molteplici preparazioni culinarie.<\/p>\n<p><strong>Sapore delicato ed equilibrato:<\/strong> il suo sapore dolce con una punta di acidit\u00e0 lo rende una scelta versatile per tutti i tipi di piatti, dalle insalate fresche alle salse fatte in casa.<\/p>\n<p><strong>Buona produttivit\u00e0:<\/strong> il Pomodoro Ace 55 si distingue per l&#8217;elevata resa, garantendo raccolti abbondanti per tutta la stagione.<\/p>\n<p><strong>Resistente e versatile:<\/strong> questa variet\u00e0 \u00e8 resistente a diverse condizioni climatiche e si adatta bene a diversi terreni, rendendola adatta sia ai giardini urbani che a quelli pi\u00f9 grandi.<\/p>\n<p><strong>Ricco di nutrienti:<\/strong> Fonte di vitamine A e C, antiossidanti e minerali, questo pomodoro contribuisce a una dieta sana ed equilibrata.<\/p>\n<p><strong>Coltivazione biologica:<\/strong> i nostri semi sono 100% biologici, privi di pesticidi e fertilizzanti chimici, per garantire una coltivazione sostenibile ed ecologica.<\/p>\n<p>Goditi il sapore, la versatilit\u00e0 e la qualit\u00e0 del <strong>pomodoro biologico Ace 55<\/strong> direttamente dal tuo orto. Aggiungi questa variet\u00e0 al tuo orto e goditi raccolti abbondanti e deliziosi per tutta la stagione: ordina oggi stesso e inizia a goderti questo classico dell&#8217;orto!  <\/p>\n","protected":false},"featured_media":15561,"comment_status":"open","ping_status":"closed","template":"","meta":{"_acf_changed":false},"product_brand":[],"product_cat":[436,440],"product_tag":[1577],"class_list":{"0":"post-19895","1":"product","2":"type-product","3":"status-publish","4":"has-post-thumbnail","6":"product_cat-semi-biologici","7":"product_cat-semi-di-frutta-e-verdura-biologici","8":"product_tag-eco","10":"first","11":"instock","12":"taxable","13":"shipping-taxable","14":"purchasable","15":"product-type-simple"},"acf":[],"_links":{"self":[{"href":"https:\/\/cultivers.es\/it\/wp-json\/wp\/v2\/product\/19895","targetHints":{"allow":["GET"]}}],"collection":[{"href":"https:\/\/cultivers.es\/it\/wp-json\/wp\/v2\/product"}],"about":[{"href":"https:\/\/cultivers.es\/it\/wp-json\/wp\/v2\/types\/product"}],"replies":[{"embeddable":true,"href":"https:\/\/cultivers.es\/it\/wp-json\/wp\/v2\/comments?post=19895"}],"wp:featuredmedia":[{"embeddable":true,"href":"https:\/\/cultivers.es\/it\/wp-json\/wp\/v2\/media\/15561"}],"wp:attachment":[{"href":"https:\/\/cultivers.es\/it\/wp-json\/wp\/v2\/media?parent=19895"}],"wp:term":[{"taxonomy":"product_brand","embeddable":true,"href":"https:\/\/cultivers.es\/it\/wp-json\/wp\/v2\/product_brand?post=19895"},{"taxonomy":"product_cat","embeddable":true,"href":"https:\/\/cultivers.es\/it\/wp-json\/wp\/v2\/product_cat?post=19895"},{"taxonomy":"product_tag","embeddable":true,"href":"https:\/\/cultivers.es\/it\/wp-json\/wp\/v2\/product_tag?post=19895"}],"curies":[{"name":"wp","href":"https:\/\/api.w.org\/{rel}","templated":true}]}}