{"id":19900,"date":"2022-10-07T07:08:06","date_gmt":"2022-10-07T07:08:06","guid":{"rendered":"https:\/\/cultivers.es\/abonos\/semi-di-pomodoro-yellow-submarine-semi-di-pomodoro-yellow-submarine-biologici\/"},"modified":"2025-09-22T05:21:07","modified_gmt":"2025-09-22T05:21:07","slug":"giallo-giallo-giallo-submarino-ecologico-tomato-semina","status":"publish","type":"product","link":"https:\/\/cultivers.es\/it\/fertilizzanti\/giallo-giallo-giallo-submarino-ecologico-tomato-semina\/","title":{"rendered":"Semi di pomodoro giallo Submarine"},"content":{"rendered":"","protected":false},"excerpt":{"rendered":"<p>Riempi il tuo giardino di colore e sapore con i nostri <strong>semi<\/strong> di <strong>pomodoro giallo biologico Submarine<\/strong>. Questa variet\u00e0 di pomodoro ciliegino si distingue per la sua forma allungata, simile a un sottomarino, e per il suo colore giallo vibrante. Con un sapore dolce e succoso, \u00e8 perfetto per insalate, antipasti o semplicemente per uno spuntino salutare. La sua resistenza e facilit\u00e0 di coltivazione lo rendono una scelta eccellente per qualsiasi orto, sia in giardino che in vaso.   <\/p>\n<ul>\n<li><strong>Colore giallo vibrante: i<\/strong> pomodori Yellow Submarine hanno un colore giallo brillante che aggiunge un tocco decorativo a qualsiasi piatto e porta variet\u00e0 alle tue coltivazioni.<\/li>\n<li><strong>Sapore dolce e succoso:<\/strong> questa variet\u00e0 \u00e8 nota per la sua dolcezza naturale e la sua consistenza morbida, che la rendono un ingrediente ideale per insalate fresche, tapas o da mangiare direttamente dalla pianta.<\/li>\n<li><strong>Attraente forma allungata:<\/strong> la forma unica, simile a quella di un sottomarino, non \u00e8 solo divertente e accattivante, ma anche pratica per le presentazioni culinarie.<\/li>\n<li><strong>Resistente e produttivo:<\/strong> il Pomodoro Yellow Submarine \u00e8 una pianta vigorosa e altamente produttiva, che offre raccolti continui per tutta la stagione.<\/li>\n<li><strong>Facile da coltivare:<\/strong> questa variet\u00e0 si adatta bene a climi e condizioni diverse ed \u00e8 ideale sia per i principianti che per i giardinieri esperti. Pu\u00f2 essere coltivata in giardino o in vaso su balconi e terrazze. <\/li>\n<li><strong>Coltivazione biologica:<\/strong> i nostri semi sono 100% biologici, privi di pesticidi e sostanze chimiche, e garantiscono un raccolto sano ed ecologico per la tua famiglia.<\/li>\n<\/ul>\n<p>Goditi la dolcezza e il colore vibrante del <strong>Pomodoro Yellow Submarine<\/strong> sulla tua tavola. Coltiva in modo sostenibile e abbellisci il tuo giardino con questa variet\u00e0 unica e deliziosa: ordina oggi stesso e riempi il tuo giardino di sapore e freschezza!  <\/p>\n<p>&nbsp;<\/p>\n","protected":false},"featured_media":15566,"comment_status":"open","ping_status":"closed","template":"","meta":{"_acf_changed":false},"product_brand":[],"product_cat":[436,440],"product_tag":[1577],"class_list":{"0":"post-19900","1":"product","2":"type-product","3":"status-publish","4":"has-post-thumbnail","6":"product_cat-semi-biologici","7":"product_cat-semi-di-frutta-e-verdura-biologici","8":"product_tag-eco","10":"first","11":"instock","12":"taxable","13":"shipping-taxable","14":"purchasable","15":"product-type-simple"},"acf":[],"_links":{"self":[{"href":"https:\/\/cultivers.es\/it\/wp-json\/wp\/v2\/product\/19900","targetHints":{"allow":["GET"]}}],"collection":[{"href":"https:\/\/cultivers.es\/it\/wp-json\/wp\/v2\/product"}],"about":[{"href":"https:\/\/cultivers.es\/it\/wp-json\/wp\/v2\/types\/product"}],"replies":[{"embeddable":true,"href":"https:\/\/cultivers.es\/it\/wp-json\/wp\/v2\/comments?post=19900"}],"wp:featuredmedia":[{"embeddable":true,"href":"https:\/\/cultivers.es\/it\/wp-json\/wp\/v2\/media\/15566"}],"wp:attachment":[{"href":"https:\/\/cultivers.es\/it\/wp-json\/wp\/v2\/media?parent=19900"}],"wp:term":[{"taxonomy":"product_brand","embeddable":true,"href":"https:\/\/cultivers.es\/it\/wp-json\/wp\/v2\/product_brand?post=19900"},{"taxonomy":"product_cat","embeddable":true,"href":"https:\/\/cultivers.es\/it\/wp-json\/wp\/v2\/product_cat?post=19900"},{"taxonomy":"product_tag","embeddable":true,"href":"https:\/\/cultivers.es\/it\/wp-json\/wp\/v2\/product_tag?post=19900"}],"curies":[{"name":"wp","href":"https:\/\/api.w.org\/{rel}","templated":true}]}}