{"id":19902,"date":"2022-10-07T07:08:06","date_gmt":"2022-10-07T07:08:06","guid":{"rendered":"https:\/\/cultivers.es\/abonos\/semi-di-pomodoro-cuore-di-bue-biologico\/"},"modified":"2025-11-10T14:01:57","modified_gmt":"2025-11-10T14:01:57","slug":"semi-biologici-ecologici-verdura-cuore-tomato","status":"publish","type":"product","link":"https:\/\/cultivers.es\/it\/fertilizzanti\/semi-biologici-ecologici-verdura-cuore-tomato\/","title":{"rendered":"Semi di pomodoro Oxheart"},"content":{"rendered":"","protected":false},"excerpt":{"rendered":"<p>Il <strong>pomodoro cuore di bue<\/strong> \u00e8 una variet\u00e0 classica, molto apprezzata per la sua caratteristica forma a cuore e per l&#8217;eccezionale qualit\u00e0 della sua polpa. Il suo sapore \u00e8 dolce ed equilibrato, con una consistenza carnosa ideale per insalate, salse o per essere consumato fresco. Questa variet\u00e0 \u00e8 nota per la produzione di frutti grandi e succosi, il che la rende un must per gli amanti dei pomodori autentici e saporiti.  <\/p>\n<p><strong>Frutti grandi e carnosi:<\/strong> produce pomodori grandi con polpa soda e succosa, perfetti per una variet\u00e0 di preparazioni culinarie.<\/p>\n<p><strong>Sapore dolce ed equilibrato:<\/strong> la sua naturale dolcezza, unita a una leggera acidit\u00e0, lo rende un pomodoro versatile, delizioso sia crudo che cotto.<\/p>\n<p><strong>Consistenza tenera e polpa soda:<\/strong> grazie all&#8217;elevata percentuale di polpa, questo pomodoro \u00e8 ideale per salse, passate, insalate e panini, offrendo un&#8217;esperienza gastronomica eccezionale.<\/p>\n<p><strong>Ricco di nutrienti:<\/strong> Importante fonte di vitamine A, C e antiossidanti, che contribuiscono a una dieta sana ed equilibrata.<\/p>\n<p><strong>Facile da coltivare:<\/strong> adattabile a diverse condizioni climatiche e a diversi tipi di terreno, \u00e8 adatta sia ai principianti che ai giardinieri esperti.<\/p>\n<p><strong>Coltivazione biologica:<\/strong> i nostri semi sono 100% biologici, privi di pesticidi e fertilizzanti chimici, per garantire un giardino sostenibile ed ecologico.<\/p>\n<p>Goditi il gusto, la consistenza e la qualit\u00e0 del <strong>pomodoro biologico Beefheart<\/strong> direttamente dal tuo orto. La scelta ideale per chi apprezza l&#8217;autenticit\u00e0 e il sapore tradizionale del pomodoro, ordina oggi stesso e scopri il fascino di questa variet\u00e0 classica!  <\/p>\n","protected":false},"featured_media":15576,"comment_status":"open","ping_status":"closed","template":"","meta":{"_acf_changed":false},"product_brand":[],"product_cat":[436,440],"product_tag":[1577],"class_list":{"0":"post-19902","1":"product","2":"type-product","3":"status-publish","4":"has-post-thumbnail","6":"product_cat-semi-biologici","7":"product_cat-semi-di-frutta-e-verdura-biologici","8":"product_tag-eco","10":"first","11":"instock","12":"taxable","13":"shipping-taxable","14":"purchasable","15":"product-type-simple"},"acf":[],"_links":{"self":[{"href":"https:\/\/cultivers.es\/it\/wp-json\/wp\/v2\/product\/19902","targetHints":{"allow":["GET"]}}],"collection":[{"href":"https:\/\/cultivers.es\/it\/wp-json\/wp\/v2\/product"}],"about":[{"href":"https:\/\/cultivers.es\/it\/wp-json\/wp\/v2\/types\/product"}],"replies":[{"embeddable":true,"href":"https:\/\/cultivers.es\/it\/wp-json\/wp\/v2\/comments?post=19902"}],"wp:featuredmedia":[{"embeddable":true,"href":"https:\/\/cultivers.es\/it\/wp-json\/wp\/v2\/media\/15576"}],"wp:attachment":[{"href":"https:\/\/cultivers.es\/it\/wp-json\/wp\/v2\/media?parent=19902"}],"wp:term":[{"taxonomy":"product_brand","embeddable":true,"href":"https:\/\/cultivers.es\/it\/wp-json\/wp\/v2\/product_brand?post=19902"},{"taxonomy":"product_cat","embeddable":true,"href":"https:\/\/cultivers.es\/it\/wp-json\/wp\/v2\/product_cat?post=19902"},{"taxonomy":"product_tag","embeddable":true,"href":"https:\/\/cultivers.es\/it\/wp-json\/wp\/v2\/product_tag?post=19902"}],"curies":[{"name":"wp","href":"https:\/\/api.w.org\/{rel}","templated":true}]}}