{"id":19939,"date":"2022-10-07T07:08:06","date_gmt":"2022-10-07T07:08:06","guid":{"rendered":"https:\/\/cultivers.es\/abonos\/semi-di-pomodoro-verde-zebra-biologico\/"},"modified":"2025-09-22T05:25:02","modified_gmt":"2025-09-22T05:25:02","slug":"semi-di-pomodoro-verde-zebra-ecologico","status":"publish","type":"product","link":"https:\/\/cultivers.es\/it\/fertilizzanti\/semi-di-pomodoro-verde-zebra-ecologico\/","title":{"rendered":"Semi di pomodoro verde Zebra"},"content":{"rendered":"","protected":false},"excerpt":{"rendered":"<p>Il <strong>Pomodoro Verde Zebra<\/strong> \u00e8 una variet\u00e0 unica conosciuta per i suoi frutti verdi con strisce gialle, che conferiscono un aspetto esotico e attraente ai tuoi piatti. Il suo sapore \u00e8 equilibrato e combina dolcezza e acidit\u00e0 in modo armonioso, rendendolo una scelta versatile per insalate, salse e preparazioni fresche. <\/p>\n<p><strong>Colore e aspetto unici:<\/strong> i frutti hanno una buccia verde brillante con striature gialle, che aggiunge un tocco distintivo e accattivante a qualsiasi preparazione culinaria.<\/p>\n<p><strong>Sapore equilibrato:<\/strong> con una miscela perfetta di dolcezza e acidit\u00e0, il Pomodoro Verde Zebra offre un gusto rinfrescante e leggermente piccante, ideale per ricette fresche e creative.<\/p>\n<p><strong>Consistenza soda e succosa:<\/strong> la sua polpa soda e succosa la rende facile da usare nelle insalate, nei panini o come base per le salse, mantenendo la sua consistenza e il suo sapore.<\/p>\n<p><strong>Ricco di nutrienti:<\/strong> Fonte naturale di antiossidanti, vitamine A e C e minerali essenziali, contribuisce a una dieta varia ed equilibrata.<\/p>\n<p><strong>Facile da coltivare:<\/strong> adattabile a diversi tipi di terreno e climi, \u00e8 perfetta sia per i giardini urbani che per quelli rurali, essendo adatta sia ai principianti che ai giardinieri esperti.<\/p>\n<p><strong>Coltivazione biologica:<\/strong> i nostri semi sono 100% biologici, privi di pesticidi e fertilizzanti chimici, per garantire un giardino sostenibile ed ecologico.<\/p>\n<p>Goditi l&#8217;originalit\u00e0, il sapore e la qualit\u00e0 del <strong>pomodoro biologico Green Zebra<\/strong> sulla tua tavola. Aggiungi questa variet\u00e0 al tuo orto e scopri la sua capacit\u00e0 di sorprendere con il suo colore, il suo sapore e la sua versatilit\u00e0: ordina oggi stesso e inizia a raccogliere qualcosa di veramente speciale!  <\/p>\n","protected":false},"featured_media":15586,"comment_status":"open","ping_status":"closed","template":"","meta":{"_acf_changed":false},"product_brand":[],"product_cat":[436,440],"product_tag":[1577],"woo-feed-brand":[],"class_list":{"0":"post-19939","1":"product","2":"type-product","3":"status-publish","4":"has-post-thumbnail","6":"product_cat-semi-biologici","7":"product_cat-semi-di-frutta-e-verdura-biologici","8":"product_tag-eco","10":"first","11":"instock","12":"taxable","13":"shipping-taxable","14":"purchasable","15":"product-type-simple"},"acf":[],"_links":{"self":[{"href":"https:\/\/cultivers.es\/it\/wp-json\/wp\/v2\/product\/19939","targetHints":{"allow":["GET"]}}],"collection":[{"href":"https:\/\/cultivers.es\/it\/wp-json\/wp\/v2\/product"}],"about":[{"href":"https:\/\/cultivers.es\/it\/wp-json\/wp\/v2\/types\/product"}],"replies":[{"embeddable":true,"href":"https:\/\/cultivers.es\/it\/wp-json\/wp\/v2\/comments?post=19939"}],"wp:featuredmedia":[{"embeddable":true,"href":"https:\/\/cultivers.es\/it\/wp-json\/wp\/v2\/media\/15586"}],"wp:attachment":[{"href":"https:\/\/cultivers.es\/it\/wp-json\/wp\/v2\/media?parent=19939"}],"wp:term":[{"taxonomy":"product_brand","embeddable":true,"href":"https:\/\/cultivers.es\/it\/wp-json\/wp\/v2\/product_brand?post=19939"},{"taxonomy":"product_cat","embeddable":true,"href":"https:\/\/cultivers.es\/it\/wp-json\/wp\/v2\/product_cat?post=19939"},{"taxonomy":"product_tag","embeddable":true,"href":"https:\/\/cultivers.es\/it\/wp-json\/wp\/v2\/product_tag?post=19939"},{"taxonomy":"woo-feed-brand","embeddable":true,"href":"https:\/\/cultivers.es\/it\/wp-json\/wp\/v2\/woo-feed-brand?post=19939"}],"curies":[{"name":"wp","href":"https:\/\/api.w.org\/{rel}","templated":true}]}}