{"id":19942,"date":"2022-10-07T07:08:06","date_gmt":"2022-10-07T07:08:06","guid":{"rendered":"https:\/\/cultivers.es\/abonos\/semi-di-pomodoro-biologico-galina\/"},"modified":"2025-11-10T14:01:56","modified_gmt":"2025-11-10T14:01:56","slug":"semi-tomato-galina-ecologico","status":"publish","type":"product","link":"https:\/\/cultivers.es\/it\/fertilizzanti\/semi-tomato-galina-ecologico\/","title":{"rendered":"Semi di pomodoro Galina"},"content":{"rendered":"","protected":false},"excerpt":{"rendered":"<p>Il <strong>pomodoro Galina<\/strong> \u00e8 una variet\u00e0 di pomodoro ciliegino giallo nota per il suo sapore dolce e fruttato e per l&#8217;elevata resa. I suoi frutti piccoli, rotondi e di colore giallo brillante sono perfetti per insalate, antipasti, salse leggere o semplicemente da gustare come snack salutare. Inoltre, la sua rusticit\u00e0 e facilit\u00e0 di coltivazione lo rendono una scelta ideale per tutti i tipi di giardini, da quelli grandi a quelli piccoli.  <\/p>\n<p><strong>Frutti piccoli e dolci:<\/strong> produce pomodorini gialli, dolci e succosi, dal sapore fresco e leggermente fruttato.<\/p>\n<p><strong>Colore giallo brillante:<\/strong> la sua vibrante tonalit\u00e0 gialla non solo aggiunge un tocco di colore ai tuoi piatti, ma d\u00e0 anche variet\u00e0 alle tue coltivazioni.<\/p>\n<p><strong>Alta produttivit\u00e0:<\/strong> questa variet\u00e0 offre una resa generosa per tutta la stagione, garantendo un raccolto continuo di pomodori deliziosi.<\/p>\n<p><strong>Ricco di nutrienti:<\/strong> Fonte di vitamine A e C, antiossidanti e minerali, il Pomodoro Galina contribuisce a una dieta sana ed equilibrata.<\/p>\n<p><strong>Facile da coltivare:<\/strong> adattabile a diverse condizioni climatiche e tipi di terreno, \u00e8 perfetta sia per i principianti che per i giardinieri esperti. Pu\u00f2 essere coltivata anche in vasi o fioriere in spazi ridotti. <\/p>\n<p><strong>Coltivazione biologica:<\/strong> i nostri semi sono 100% biologici, privi di pesticidi e fertilizzanti chimici, per garantire un giardino sostenibile ed ecologico.<\/p>\n<p>Goditi la dolcezza, il colore e la freschezza del <strong>pomodoro biologico Galina<\/strong> direttamente dal tuo orto. Aggiungi questa variet\u00e0 al tuo orto e scopri il piacere di raccogliere i tuoi pomodorini gialli, pieni di sapore e vitalit\u00e0: ordina oggi stesso e inizia a godere di questa squisita opzione!  <\/p>\n","protected":false},"featured_media":15581,"comment_status":"open","ping_status":"closed","template":"","meta":{"_acf_changed":false},"product_brand":[],"product_cat":[436,440],"product_tag":[1577],"class_list":{"0":"post-19942","1":"product","2":"type-product","3":"status-publish","4":"has-post-thumbnail","6":"product_cat-semi-biologici","7":"product_cat-semi-di-frutta-e-verdura-biologici","8":"product_tag-eco","10":"first","11":"instock","12":"sale","13":"taxable","14":"shipping-taxable","15":"purchasable","16":"product-type-simple"},"acf":[],"_links":{"self":[{"href":"https:\/\/cultivers.es\/it\/wp-json\/wp\/v2\/product\/19942","targetHints":{"allow":["GET"]}}],"collection":[{"href":"https:\/\/cultivers.es\/it\/wp-json\/wp\/v2\/product"}],"about":[{"href":"https:\/\/cultivers.es\/it\/wp-json\/wp\/v2\/types\/product"}],"replies":[{"embeddable":true,"href":"https:\/\/cultivers.es\/it\/wp-json\/wp\/v2\/comments?post=19942"}],"wp:featuredmedia":[{"embeddable":true,"href":"https:\/\/cultivers.es\/it\/wp-json\/wp\/v2\/media\/15581"}],"wp:attachment":[{"href":"https:\/\/cultivers.es\/it\/wp-json\/wp\/v2\/media?parent=19942"}],"wp:term":[{"taxonomy":"product_brand","embeddable":true,"href":"https:\/\/cultivers.es\/it\/wp-json\/wp\/v2\/product_brand?post=19942"},{"taxonomy":"product_cat","embeddable":true,"href":"https:\/\/cultivers.es\/it\/wp-json\/wp\/v2\/product_cat?post=19942"},{"taxonomy":"product_tag","embeddable":true,"href":"https:\/\/cultivers.es\/it\/wp-json\/wp\/v2\/product_tag?post=19942"}],"curies":[{"name":"wp","href":"https:\/\/api.w.org\/{rel}","templated":true}]}}