{"id":19943,"date":"2022-10-07T07:08:06","date_gmt":"2022-10-07T07:08:06","guid":{"rendered":"https:\/\/cultivers.es\/abonos\/semi-di-peperone-biologico-al-cioccolato-dolce\/"},"modified":"2026-03-04T15:21:32","modified_gmt":"2026-03-04T15:21:32","slug":"semi-di-pepe-dolce-cioccolato-ecologico","status":"publish","type":"product","link":"https:\/\/cultivers.es\/it\/fertilizzanti\/semi-di-pepe-dolce-cioccolato-ecologico\/","title":{"rendered":"Semi di peperone al cioccolato dolce"},"content":{"rendered":"","protected":false},"excerpt":{"rendered":"<p>Il <strong>peperone Sweet Chocolate<\/strong> si distingue per il suo bellissimo colore marrone cioccolato quando \u00e8 maturo, un aspetto insolito che dona originalit\u00e0 a qualsiasi orto. Il suo sapore \u00e8 <strong>dolce e delicato<\/strong>, con una polpa <strong>spessa e croccante<\/strong>, che lo rende una scelta perfetta per insalate, salse, soffritti o per essere consumato fresco. Oltre al suo colore attraente, questo peperone \u00e8 molto <strong>produttivo<\/strong> e si adatta bene a diverse condizioni di coltivazione.  <\/p>\n<p><strong>Frutti color cioccolato:<\/strong> i peperoni assumono un colore marrone intenso durante la maturazione, offrendo una presentazione unica e accattivante nei tuoi piatti.<\/p>\n<p><strong>Sapore dolce e delicato:<\/strong> la sua dolcezza naturale e la sua consistenza carnosa aggiungono un tocco speciale alle ricette sia fresche che cotte.<\/p>\n<p><strong>Alta produttivit\u00e0:<\/strong> questa variet\u00e0 si distingue per il suo <strong>raccolto abbondante<\/strong>, che garantisce una fornitura costante di peperoni per tutta la stagione.<\/p>\n<p><strong>Ricco di sostanze nutritive:<\/strong> Fonte di vitamine A, C e antiossidanti, contribuiscono a una dieta sana ed equilibrata.<\/p>\n<p><strong>Facile da coltivare:<\/strong> resistente e adattabile a diversi tipi di terreno e climi, \u00e8 adatta sia ai principianti che ai giardinieri esperti.<\/p>\n<p><strong>Coltivazione biologica:<\/strong> i nostri semi sono 100% <strong>biologici<\/strong>, senza pesticidi o fertilizzanti chimici, garantendo un giardino <strong>sostenibile<\/strong> ed ecologico.<\/p>\n<p>Goditi il sapore e l&#8217;originalit\u00e0 del <strong>Peperone Dolce al Cioccolato Biologico<\/strong> coltivato direttamente nel tuo giardino e aggiungi variet\u00e0 e dolcezza ai tuoi piatti con questa sorprendente variet\u00e0.<\/p>\n","protected":false},"featured_media":15541,"comment_status":"open","ping_status":"closed","template":"","meta":{"_acf_changed":false},"product_brand":[],"product_cat":[436,440],"product_tag":[1577],"class_list":{"0":"post-19943","1":"product","2":"type-product","3":"status-publish","4":"has-post-thumbnail","6":"product_cat-semi-biologici","7":"product_cat-semi-di-frutta-e-verdura-biologici","8":"product_tag-eco","10":"first","11":"instock","12":"sale","13":"taxable","14":"shipping-taxable","15":"purchasable","16":"product-type-simple"},"acf":[],"_links":{"self":[{"href":"https:\/\/cultivers.es\/it\/wp-json\/wp\/v2\/product\/19943","targetHints":{"allow":["GET"]}}],"collection":[{"href":"https:\/\/cultivers.es\/it\/wp-json\/wp\/v2\/product"}],"about":[{"href":"https:\/\/cultivers.es\/it\/wp-json\/wp\/v2\/types\/product"}],"replies":[{"embeddable":true,"href":"https:\/\/cultivers.es\/it\/wp-json\/wp\/v2\/comments?post=19943"}],"wp:featuredmedia":[{"embeddable":true,"href":"https:\/\/cultivers.es\/it\/wp-json\/wp\/v2\/media\/15541"}],"wp:attachment":[{"href":"https:\/\/cultivers.es\/it\/wp-json\/wp\/v2\/media?parent=19943"}],"wp:term":[{"taxonomy":"product_brand","embeddable":true,"href":"https:\/\/cultivers.es\/it\/wp-json\/wp\/v2\/product_brand?post=19943"},{"taxonomy":"product_cat","embeddable":true,"href":"https:\/\/cultivers.es\/it\/wp-json\/wp\/v2\/product_cat?post=19943"},{"taxonomy":"product_tag","embeddable":true,"href":"https:\/\/cultivers.es\/it\/wp-json\/wp\/v2\/product_tag?post=19943"}],"curies":[{"name":"wp","href":"https:\/\/api.w.org\/{rel}","templated":true}]}}