{"id":19944,"date":"2022-10-07T07:08:06","date_gmt":"2022-10-07T07:08:06","guid":{"rendered":"https:\/\/cultivers.es\/abonos\/semi-di-pepe-giallo-quadrato-dasti-rosso-ecologico\/"},"modified":"2025-11-10T14:01:51","modified_gmt":"2025-11-10T14:01:51","slug":"semi-pepe-giallo-quadrato-d-asti-rosso-ecologico","status":"publish","type":"product","link":"https:\/\/cultivers.es\/it\/fertilizzanti\/semi-pepe-giallo-quadrato-d-asti-rosso-ecologico\/","title":{"rendered":"Semi di peperone giallo Quadrato d&#8217;Asti Biodinamico Demeter"},"content":{"rendered":"","protected":false},"excerpt":{"rendered":"<p>Il <strong>Peperone Giallo Quadrato d&#8217;Asti<\/strong> \u00e8 una variet\u00e0 tradizionale italiana, apprezzata per i suoi frutti dalla forma quadrata e dal colore giallo intenso. Si distingue per il suo sapore dolce e delicato, oltre che per la sua polpa spessa e croccante, ideale per insalate fresche, arrosti, salse e conserve. Questa variet\u00e0 \u00e8 perfetta per chi cerca un peperone versatile e di qualit\u00e0 eccezionale in cucina.  <\/p>\n<p><strong>Frutti grandi e dal colore intenso:<\/strong> produce peperoni di dimensioni generose, con una tonalit\u00e0 di giallo brillante che aggiunge fascino visivo a qualsiasi piatto.<\/p>\n<p><strong>Sapore dolce e delicato:<\/strong> la sua polpa carnosa e succosa, con una dolcezza naturale e delicata, la rende una scelta ideale per ricette fresche o cotte.<\/p>\n<p><strong>Carne spessa e croccante:<\/strong> La consistenza soda e croccante della sua carne offre un&#8217;esperienza culinaria unica, perfetta per ripieni e piatti alla griglia.<\/p>\n<p><strong>Ricco di sostanze nutritive:<\/strong> Fonte di vitamine A, C e antiossidanti, questo peperone contribuisce a una dieta sana ed equilibrata.<\/p>\n<p><strong>Facile da coltivare:<\/strong> resistente e adattabile a diversi climi e terreni, \u00e8 adatta sia ai principianti che ai giardinieri esperti.<\/p>\n<p><strong>Certificazione Demeter:<\/strong> questi semi provengono da coltivazioni biodinamiche, che rispettano i cicli naturali, la salute del suolo e la biodiversit\u00e0.<\/p>\n<p><strong>Coltivazione biologica:<\/strong> i nostri semi sono 100% biologici, senza pesticidi o fertilizzanti chimici, garantendo un giardino sostenibile ed ecologico.<\/p>\n<p>Goditi il gusto, la consistenza e la qualit\u00e0 del peperone <strong>giallo Quadrato d&#8217;Asti biologico Demeter<\/strong> direttamente dal tuo orto. Aggiungi questa variet\u00e0 al tuo orto e scopri la sua versatilit\u00e0 in un&#8217;ampia gamma di preparazioni culinarie: ordina oggi stesso e arricchisci i tuoi raccolti con questo peperone tradizionale italiano!  <\/p>\n","protected":false},"featured_media":15536,"comment_status":"open","ping_status":"closed","template":"","meta":{"_acf_changed":false},"product_brand":[],"product_cat":[436,1305,440],"product_tag":[1383],"class_list":{"0":"post-19944","1":"product","2":"type-product","3":"status-publish","4":"has-post-thumbnail","6":"product_cat-semi-biologici","7":"product_cat-semi-di-demeter","8":"product_cat-semi-di-frutta-e-verdura-biologici","9":"product_tag-demeter-it","11":"first","12":"instock","13":"taxable","14":"shipping-taxable","15":"purchasable","16":"product-type-simple"},"acf":[],"_links":{"self":[{"href":"https:\/\/cultivers.es\/it\/wp-json\/wp\/v2\/product\/19944","targetHints":{"allow":["GET"]}}],"collection":[{"href":"https:\/\/cultivers.es\/it\/wp-json\/wp\/v2\/product"}],"about":[{"href":"https:\/\/cultivers.es\/it\/wp-json\/wp\/v2\/types\/product"}],"replies":[{"embeddable":true,"href":"https:\/\/cultivers.es\/it\/wp-json\/wp\/v2\/comments?post=19944"}],"wp:featuredmedia":[{"embeddable":true,"href":"https:\/\/cultivers.es\/it\/wp-json\/wp\/v2\/media\/15536"}],"wp:attachment":[{"href":"https:\/\/cultivers.es\/it\/wp-json\/wp\/v2\/media?parent=19944"}],"wp:term":[{"taxonomy":"product_brand","embeddable":true,"href":"https:\/\/cultivers.es\/it\/wp-json\/wp\/v2\/product_brand?post=19944"},{"taxonomy":"product_cat","embeddable":true,"href":"https:\/\/cultivers.es\/it\/wp-json\/wp\/v2\/product_cat?post=19944"},{"taxonomy":"product_tag","embeddable":true,"href":"https:\/\/cultivers.es\/it\/wp-json\/wp\/v2\/product_tag?post=19944"}],"curies":[{"name":"wp","href":"https:\/\/api.w.org\/{rel}","templated":true}]}}