{"id":19948,"date":"2022-10-07T07:08:06","date_gmt":"2022-10-07T07:08:06","guid":{"rendered":"https:\/\/cultivers.es\/abonos\/semi-di-peperone-padron-biologico\/"},"modified":"2026-03-04T15:21:35","modified_gmt":"2026-03-04T15:21:35","slug":"semi-pepe-padrone-ecologico","status":"publish","type":"product","link":"https:\/\/cultivers.es\/it\/fertilizzanti\/semi-pepe-padrone-ecologico\/","title":{"rendered":"Semi di pepe Padr\u00f3n"},"content":{"rendered":"","protected":false},"excerpt":{"rendered":"<p>Il <strong>peperone Padr\u00f3n<\/strong> \u00e8 una variet\u00e0 tradizionale della Galizia, famosa per i suoi piccoli frutti verdi, alcuni piccanti e altri delicati. Il loro sapore e la loro consistenza rendono questi peperoni la scelta ideale per essere consumati fritti con un tocco di sale, offrendo un antipasto o un contorno unico e delizioso. Inoltre, la loro <strong>facilit\u00e0 di coltivazione<\/strong> e l&#8217;<strong>elevata produttivit\u00e0<\/strong> li rendono una scelta eccellente per qualsiasi orto biologico.  <\/p>\n<p><strong>Piccoli e versatili:<\/strong> i peperoni sono di piccole dimensioni, perfetti per essere fritti velocemente e gustati come tapa o contorno.<\/p>\n<p><strong>Gusto e sorpresa:<\/strong> con il loro imprevedibile mix di peperoni dolci e piccanti, questi peperoni aggiungono emozioni e variet\u00e0 al palato.<\/p>\n<p><strong>Produzione rapida:<\/strong> offre raccolti continui per tutta la stagione, garantendo una fornitura costante di peperoni freschi.<\/p>\n<p><strong>Ricco di sostanze nutritive:<\/strong> Fonte di vitamine A e C, oltre che di antiossidanti, che contribuiscono a una dieta equilibrata.<\/p>\n<p><strong>Facile da coltivare:<\/strong> resistente e adattabile, questa variet\u00e0 si adatta bene a diversi terreni e climi, rendendola adatta sia ai principianti che ai giardinieri esperti.<\/p>\n<p><strong>Coltivazione biologica:<\/strong> i nostri semi sono <strong>100% biologici<\/strong>, privi di pesticidi e prodotti chimici, per promuovere un giardino sostenibile ed ecologico.<\/p>\n<p>Goditi il sapore autentico e l&#8217;emozione dei <strong>peperoni Padr\u00f3n biologici<\/strong> nella tua cucina. Aggiungi questa variet\u00e0 classica al tuo orto e scopri perch\u00e9 sono cos\u00ec popolari nella cucina spagnola: ordina oggi stesso e inizia il raccolto!  <\/p>\n","protected":false},"featured_media":15526,"comment_status":"open","ping_status":"closed","template":"","meta":{"_acf_changed":false},"product_brand":[],"product_cat":[436,440],"product_tag":[1577],"class_list":{"0":"post-19948","1":"product","2":"type-product","3":"status-publish","4":"has-post-thumbnail","6":"product_cat-semi-biologici","7":"product_cat-semi-di-frutta-e-verdura-biologici","8":"product_tag-eco","10":"first","11":"instock","12":"sale","13":"taxable","14":"shipping-taxable","15":"purchasable","16":"product-type-simple"},"acf":[],"_links":{"self":[{"href":"https:\/\/cultivers.es\/it\/wp-json\/wp\/v2\/product\/19948","targetHints":{"allow":["GET"]}}],"collection":[{"href":"https:\/\/cultivers.es\/it\/wp-json\/wp\/v2\/product"}],"about":[{"href":"https:\/\/cultivers.es\/it\/wp-json\/wp\/v2\/types\/product"}],"replies":[{"embeddable":true,"href":"https:\/\/cultivers.es\/it\/wp-json\/wp\/v2\/comments?post=19948"}],"wp:featuredmedia":[{"embeddable":true,"href":"https:\/\/cultivers.es\/it\/wp-json\/wp\/v2\/media\/15526"}],"wp:attachment":[{"href":"https:\/\/cultivers.es\/it\/wp-json\/wp\/v2\/media?parent=19948"}],"wp:term":[{"taxonomy":"product_brand","embeddable":true,"href":"https:\/\/cultivers.es\/it\/wp-json\/wp\/v2\/product_brand?post=19948"},{"taxonomy":"product_cat","embeddable":true,"href":"https:\/\/cultivers.es\/it\/wp-json\/wp\/v2\/product_cat?post=19948"},{"taxonomy":"product_tag","embeddable":true,"href":"https:\/\/cultivers.es\/it\/wp-json\/wp\/v2\/product_tag?post=19948"}],"curies":[{"name":"wp","href":"https:\/\/api.w.org\/{rel}","templated":true}]}}