{"id":19981,"date":"2022-10-07T07:08:06","date_gmt":"2022-10-07T07:08:06","guid":{"rendered":"https:\/\/cultivers.es\/abonos\/semi-di-zucchine-biologiche-di-nizza\/"},"modified":"2025-11-10T14:01:56","modified_gmt":"2025-11-10T14:01:56","slug":"zucchini-di-nizza-ecologici-semi-di-zucchine","status":"publish","type":"product","link":"https:\/\/cultivers.es\/it\/fertilizzanti\/zucchini-di-nizza-ecologici-semi-di-zucchine\/","title":{"rendered":"Semi di zucchine Di Nizza"},"content":{"rendered":"","protected":false},"excerpt":{"rendered":"<p>La <strong>zucchina Di Nizza<\/strong> \u00e8 una variet\u00e0 tradizionale italiana apprezzata per i suoi frutti rotondi, di colore verde chiaro con leggere striature pi\u00f9 chiare. Il suo sapore \u00e8 <strong>morbido e delicato<\/strong>, con una polpa <strong>tenera e succosa<\/strong>, ideale per insalate, arrosti, ripieni o soffritti. Inoltre, il suo ciclo di coltivazione \u00e8 <strong>veloce<\/strong> e <strong>produttivo<\/strong>, garantendo raccolti abbondanti durante la stagione.  <\/p>\n<p><strong>Frutti tondi e attraenti:<\/strong> produce zucchine tonde di medie dimensioni, dall&#8217;aspetto accattivante e perfette per presentazioni originali in cucina.<\/p>\n<p><strong>Sapore dolce e delicato:<\/strong> il suo sapore leggero e la sua consistenza tenera lo rendono versatile, adattabile a un&#8217;ampia variet\u00e0 di ricette.<\/p>\n<p><strong>Crescita rapida e alta produttivit\u00e0:<\/strong> offre raccolti abbondanti in poco tempo, garantendo una produzione continua e soddisfacente.<\/p>\n<p><strong>Ricca di nutrienti:<\/strong> La zucchina fornisce vitamine, minerali e fibre, rendendola un&#8217;opzione sana ed equilibrata per la tua dieta.<\/p>\n<p><strong>Facile da coltivare:<\/strong> resistente e adattabile a climi e terreni diversi, \u00e8 ideale sia per i principianti che per i giardinieri esperti.<\/p>\n<p><strong>Coltivazione biologica:<\/strong> i nostri semi sono <strong>100% biologici<\/strong>, privi di pesticidi e prodotti chimici, per promuovere un giardino sostenibile ed ecologico.<\/p>\n<p>Goditi la qualit\u00e0, il sapore e la versatilit\u00e0 della <strong>zucchina biologica Di Nizza<\/strong> direttamente dal tuo orto. Aggiungi questa variet\u00e0 al tuo orto e arricchisci i tuoi piatti con la sua freschezza e la sua presentazione unica: ordina oggi stesso e inizia a raccogliere!  <\/p>\n","protected":false},"featured_media":15401,"comment_status":"open","ping_status":"closed","template":"","meta":{"_acf_changed":false},"product_brand":[],"product_cat":[436,440],"product_tag":[1577],"woo-feed-brand":[],"class_list":{"0":"post-19981","1":"product","2":"type-product","3":"status-publish","4":"has-post-thumbnail","6":"product_cat-semi-biologici","7":"product_cat-semi-di-frutta-e-verdura-biologici","8":"product_tag-eco","10":"first","11":"instock","12":"taxable","13":"shipping-taxable","14":"purchasable","15":"product-type-simple"},"acf":[],"_links":{"self":[{"href":"https:\/\/cultivers.es\/it\/wp-json\/wp\/v2\/product\/19981","targetHints":{"allow":["GET"]}}],"collection":[{"href":"https:\/\/cultivers.es\/it\/wp-json\/wp\/v2\/product"}],"about":[{"href":"https:\/\/cultivers.es\/it\/wp-json\/wp\/v2\/types\/product"}],"replies":[{"embeddable":true,"href":"https:\/\/cultivers.es\/it\/wp-json\/wp\/v2\/comments?post=19981"}],"wp:featuredmedia":[{"embeddable":true,"href":"https:\/\/cultivers.es\/it\/wp-json\/wp\/v2\/media\/15401"}],"wp:attachment":[{"href":"https:\/\/cultivers.es\/it\/wp-json\/wp\/v2\/media?parent=19981"}],"wp:term":[{"taxonomy":"product_brand","embeddable":true,"href":"https:\/\/cultivers.es\/it\/wp-json\/wp\/v2\/product_brand?post=19981"},{"taxonomy":"product_cat","embeddable":true,"href":"https:\/\/cultivers.es\/it\/wp-json\/wp\/v2\/product_cat?post=19981"},{"taxonomy":"product_tag","embeddable":true,"href":"https:\/\/cultivers.es\/it\/wp-json\/wp\/v2\/product_tag?post=19981"},{"taxonomy":"woo-feed-brand","embeddable":true,"href":"https:\/\/cultivers.es\/it\/wp-json\/wp\/v2\/woo-feed-brand?post=19981"}],"curies":[{"name":"wp","href":"https:\/\/api.w.org\/{rel}","templated":true}]}}