{"id":19996,"date":"2022-10-07T07:08:06","date_gmt":"2022-10-07T07:08:06","guid":{"rendered":"https:\/\/cultivers.es\/abonos\/semi-di-granturco-dolce-biologico-golden-bantam\/"},"modified":"2025-11-10T14:01:55","modified_gmt":"2025-11-10T14:01:55","slug":"semi-maiz-dolce-bantam-ecologico","status":"publish","type":"product","link":"https:\/\/cultivers.es\/it\/fertilizzanti\/semi-maiz-dolce-bantam-ecologico\/","title":{"rendered":"Semi di mais dolce Golden Bantam"},"content":{"rendered":"","protected":false},"excerpt":{"rendered":"<p>Il <strong>mais dolce Golden Bantam<\/strong> \u00e8 una variet\u00e0 classica, rinomata per le sue spighe piene di chicchi dorati, teneri e dal sapore intensamente dolce. Ideale da gustare alla griglia, bollito o in insalata, questo mais \u00e8 diventato il preferito per il suo sapore autentico e la sua consistenza croccante. \u00c8 anche facile da coltivare e molto produttivo, il che lo rende una scelta eccellente per chi cerca qualit\u00e0 e sapore nel proprio orto.  <\/p>\n<p><strong>Pannocchie dorate e dolci:<\/strong> produce fagioli di colore giallo intenso, con una dolcezza naturale che esalta qualsiasi preparazione, dai piatti semplici alle ricette pi\u00f9 elaborate.<\/p>\n<p><strong>Gusto autentico e fresco:<\/strong> la sua dolcezza equilibrata e la sua consistenza croccante sono perfette per gustare il mais appena raccolto, sia cotto che crudo in insalata.<\/p>\n<p><strong>Produttiva e resistente:<\/strong> Questa variet\u00e0 garantisce raccolti generosi e stabili, oltre ad adattarsi a diversi tipi di terreno e di clima.<\/p>\n<p><strong>Ricco di nutrienti:<\/strong> Fonte di fibre, carboidrati complessi, vitamine e minerali, il mais dolce fornisce energia e benefici a una dieta equilibrata.<\/p>\n<p><strong>Facile da coltivare:<\/strong> adatta sia ai principianti che ai giardinieri esperti, richiede poca manutenzione e d\u00e0 ottimi risultati.<\/p>\n<p><strong>Coltivazione biologica:<\/strong> i nostri semi sono 100% biologici, privi di pesticidi e fertilizzanti chimici, a favore di un giardino sostenibile ed ecologico.<\/p>\n<p>Goditi il gusto classico e la qualit\u00e0 del <strong>mais dolce biologico Golden Bantam<\/strong>, coltivato direttamente nel tuo giardino. Aggiungi questa variet\u00e0 alla tua piantagione e scopri perch\u00e9 \u00e8 la preferita dagli appassionati di cucina e giardinaggio. <\/p>\n","protected":false},"featured_media":15421,"comment_status":"open","ping_status":"closed","template":"","meta":{"_acf_changed":false},"product_brand":[],"product_cat":[436,440],"product_tag":[1577],"class_list":{"0":"post-19996","1":"product","2":"type-product","3":"status-publish","4":"has-post-thumbnail","6":"product_cat-semi-biologici","7":"product_cat-semi-di-frutta-e-verdura-biologici","8":"product_tag-eco","10":"first","11":"instock","12":"taxable","13":"shipping-taxable","14":"purchasable","15":"product-type-simple"},"acf":[],"_links":{"self":[{"href":"https:\/\/cultivers.es\/it\/wp-json\/wp\/v2\/product\/19996","targetHints":{"allow":["GET"]}}],"collection":[{"href":"https:\/\/cultivers.es\/it\/wp-json\/wp\/v2\/product"}],"about":[{"href":"https:\/\/cultivers.es\/it\/wp-json\/wp\/v2\/types\/product"}],"replies":[{"embeddable":true,"href":"https:\/\/cultivers.es\/it\/wp-json\/wp\/v2\/comments?post=19996"}],"wp:featuredmedia":[{"embeddable":true,"href":"https:\/\/cultivers.es\/it\/wp-json\/wp\/v2\/media\/15421"}],"wp:attachment":[{"href":"https:\/\/cultivers.es\/it\/wp-json\/wp\/v2\/media?parent=19996"}],"wp:term":[{"taxonomy":"product_brand","embeddable":true,"href":"https:\/\/cultivers.es\/it\/wp-json\/wp\/v2\/product_brand?post=19996"},{"taxonomy":"product_cat","embeddable":true,"href":"https:\/\/cultivers.es\/it\/wp-json\/wp\/v2\/product_cat?post=19996"},{"taxonomy":"product_tag","embeddable":true,"href":"https:\/\/cultivers.es\/it\/wp-json\/wp\/v2\/product_tag?post=19996"}],"curies":[{"name":"wp","href":"https:\/\/api.w.org\/{rel}","templated":true}]}}