{"id":20000,"date":"2022-10-07T07:08:06","date_gmt":"2022-10-07T07:08:06","guid":{"rendered":"https:\/\/cultivers.es\/abonos\/anguria-cremisi-dolce-semi-biologici\/"},"modified":"2025-11-10T14:01:55","modified_gmt":"2025-11-10T14:01:55","slug":"anguria-cremisi-dolce-semi-ecologici","status":"publish","type":"product","link":"https:\/\/cultivers.es\/it\/fertilizzanti\/anguria-cremisi-dolce-semi-ecologici\/","title":{"rendered":"Semi di anguria dolce cremisi"},"content":{"rendered":"","protected":false},"excerpt":{"rendered":"<p>L&#8217;<strong>anguria Crimson Sweet<\/strong> \u00e8 una variet\u00e0 rinomata per il suo sapore eccezionale, con una polpa rosso intenso, succosa e dolce. Produce frutti grandi e di forma ovale, con una buccia verde chiaro striata di tonalit\u00e0 pi\u00f9 scure. Perfetta da consumare fresca, nelle macedonie, nei succhi o nei dessert, questa anguria si distingue per la sua consistenza soda e la sua dolcezza equilibrata, che la rendono una delle preferite durante la stagione estiva.  <\/p>\n<p><strong>Frutti grandi e gustosi: l&#8217;<\/strong> anguria Crimson Sweet produce angurie grandi con una polpa rossastra, dolce e rinfrescante, ideale da condividere durante le riunioni di famiglia e le feste all&#8217;aperto.<\/p>\n<p><strong>Sapore dolce e consistenza succosa:<\/strong> la sua dolcezza naturale e la polpa succosa la rendono perfetta da mangiare fresca, da aggiungere alle macedonie o da preparare in frullati e gelati fatti in casa.<\/p>\n<p><strong>Resistenza e produttivit\u00e0:<\/strong> questa variet\u00e0 \u00e8 nota per la sua resistenza a diverse condizioni climatiche, offrendo raccolti abbondanti e frutti di qualit\u00e0.<\/p>\n<p><strong>Ricca di nutrienti:<\/strong> Fonte di vitamine A e C, antiossidanti e minerali, l&#8217;anguria apporta idratazione, freschezza e benefici alla dieta quotidiana.<\/p>\n<p><strong>Facile da coltivare:<\/strong> adatta sia ai principianti che ai giardinieri esperti, si adatta bene a una variet\u00e0 di terreni e climi, dando risultati soddisfacenti.<\/p>\n<p><strong>Coltivazione biologica:<\/strong> i nostri semi sono 100% biologici, privi di pesticidi e fertilizzanti chimici, per promuovere un giardino sostenibile ed ecologico.<\/p>\n<p>Goditi la qualit\u00e0, il sapore e la freschezza dell&#8217;<strong>anguria biologica Crimson Sweet<\/strong> direttamente dal tuo giardino. Un&#8217;ottima opzione per rinfrescare le giornate calde e arricchire la tua tavola con un frutto nutriente e delizioso. <\/p>\n","protected":false},"featured_media":15391,"comment_status":"open","ping_status":"closed","template":"","meta":{"_acf_changed":false},"product_brand":[],"product_cat":[436,440],"product_tag":[1577],"woo-feed-brand":[],"class_list":{"0":"post-20000","1":"product","2":"type-product","3":"status-publish","4":"has-post-thumbnail","6":"product_cat-semi-biologici","7":"product_cat-semi-di-frutta-e-verdura-biologici","8":"product_tag-eco","10":"first","11":"instock","12":"sale","13":"taxable","14":"shipping-taxable","15":"purchasable","16":"product-type-simple"},"acf":[],"_links":{"self":[{"href":"https:\/\/cultivers.es\/it\/wp-json\/wp\/v2\/product\/20000","targetHints":{"allow":["GET"]}}],"collection":[{"href":"https:\/\/cultivers.es\/it\/wp-json\/wp\/v2\/product"}],"about":[{"href":"https:\/\/cultivers.es\/it\/wp-json\/wp\/v2\/types\/product"}],"replies":[{"embeddable":true,"href":"https:\/\/cultivers.es\/it\/wp-json\/wp\/v2\/comments?post=20000"}],"wp:featuredmedia":[{"embeddable":true,"href":"https:\/\/cultivers.es\/it\/wp-json\/wp\/v2\/media\/15391"}],"wp:attachment":[{"href":"https:\/\/cultivers.es\/it\/wp-json\/wp\/v2\/media?parent=20000"}],"wp:term":[{"taxonomy":"product_brand","embeddable":true,"href":"https:\/\/cultivers.es\/it\/wp-json\/wp\/v2\/product_brand?post=20000"},{"taxonomy":"product_cat","embeddable":true,"href":"https:\/\/cultivers.es\/it\/wp-json\/wp\/v2\/product_cat?post=20000"},{"taxonomy":"product_tag","embeddable":true,"href":"https:\/\/cultivers.es\/it\/wp-json\/wp\/v2\/product_tag?post=20000"},{"taxonomy":"woo-feed-brand","embeddable":true,"href":"https:\/\/cultivers.es\/it\/wp-json\/wp\/v2\/woo-feed-brand?post=20000"}],"curies":[{"name":"wp","href":"https:\/\/api.w.org\/{rel}","templated":true}]}}