{"id":20001,"date":"2022-10-07T07:08:06","date_gmt":"2022-10-07T07:08:06","guid":{"rendered":"https:\/\/cultivers.es\/abonos\/semi-di-melone-nero-tendral-biologici\/"},"modified":"2025-11-10T14:01:55","modified_gmt":"2025-11-10T14:01:55","slug":"semi-melone-tendillo-nero-ecologico-ecologico","status":"publish","type":"product","link":"https:\/\/cultivers.es\/it\/fertilizzanti\/semi-melone-tendillo-nero-ecologico-ecologico\/","title":{"rendered":"Semi di melone nero Tendral"},"content":{"rendered":"","protected":false},"excerpt":{"rendered":"<p>Il <strong>melone Tendral Negro<\/strong> \u00e8 una variet\u00e0 tradizionale molto apprezzata per il suo sapore, la sua consistenza e le sue qualit\u00e0 di conservazione. I suoi frutti ovali hanno una buccia verde scuro, quasi nera, e una polpa soda, succosa e dolce. Questo melone si distingue per la sua resistenza e facilit\u00e0 di coltivazione, ideale per chi cerca raccolti abbondanti e un sapore autentico nel proprio <strong>frutteto<\/strong>.  <\/p>\n<p><strong>Frutto dalla buccia scura e dalla polpa dolce:<\/strong> produce meloni di colore verde molto scuro, con polpa arancione, soda e succosa, dal sapore dolce e aromatico.<\/p>\n<p><strong>Eccellente durata di conservazione:<\/strong> una volta raccolti, questi meloni mantengono la loro qualit\u00e0 e la loro dolcezza per un lungo periodo di tempo, permettendoti di gustarne il sapore pi\u00f9 a lungo.<\/p>\n<p><strong>Resa e resistenza:<\/strong> questa variet\u00e0 garantisce una buona produzione, adattandosi alle diverse condizioni climatiche e assicurando risultati soddisfacenti.<\/p>\n<p><strong>Ricco di nutrienti:<\/strong> Il melone \u00e8 un&#8217;importante fonte di vitamine A e C, oltre che di minerali e antiossidanti, che contribuiscono a una dieta sana ed equilibrata.<\/p>\n<p><strong>Facile da coltivare:<\/strong> adatta sia ai principianti che ai coltivatori esperti, si adatta bene a terreni ricchi e ben drenati e richiede cure minime.<\/p>\n<p><strong>Coltivazione biologica:<\/strong> i nostri semi sono <strong>100% biologici<\/strong>, privi di pesticidi e fertilizzanti chimici, per promuovere un <strong>giardino<\/strong> sostenibile ed ecologico.<\/p>\n<p>Goditi il sapore autentico e la freschezza del <strong>Melone Nero Tendral Bio<\/strong> e riempi il tuo <strong>giardino<\/strong> di qualit\u00e0 e tradizione. Una scelta perfetta per chi apprezza il sapore, la conservazione e la sostenibilit\u00e0: ordina oggi stesso e goditi questa squisita variet\u00e0!  <\/p>\n","protected":false},"featured_media":15386,"comment_status":"open","ping_status":"closed","template":"","meta":{"_acf_changed":false},"product_brand":[],"product_cat":[436,440],"product_tag":[1577],"class_list":{"0":"post-20001","1":"product","2":"type-product","3":"status-publish","4":"has-post-thumbnail","6":"product_cat-semi-biologici","7":"product_cat-semi-di-frutta-e-verdura-biologici","8":"product_tag-eco","10":"first","11":"instock","12":"sale","13":"taxable","14":"shipping-taxable","15":"purchasable","16":"product-type-simple"},"acf":[],"_links":{"self":[{"href":"https:\/\/cultivers.es\/it\/wp-json\/wp\/v2\/product\/20001","targetHints":{"allow":["GET"]}}],"collection":[{"href":"https:\/\/cultivers.es\/it\/wp-json\/wp\/v2\/product"}],"about":[{"href":"https:\/\/cultivers.es\/it\/wp-json\/wp\/v2\/types\/product"}],"replies":[{"embeddable":true,"href":"https:\/\/cultivers.es\/it\/wp-json\/wp\/v2\/comments?post=20001"}],"wp:featuredmedia":[{"embeddable":true,"href":"https:\/\/cultivers.es\/it\/wp-json\/wp\/v2\/media\/15386"}],"wp:attachment":[{"href":"https:\/\/cultivers.es\/it\/wp-json\/wp\/v2\/media?parent=20001"}],"wp:term":[{"taxonomy":"product_brand","embeddable":true,"href":"https:\/\/cultivers.es\/it\/wp-json\/wp\/v2\/product_brand?post=20001"},{"taxonomy":"product_cat","embeddable":true,"href":"https:\/\/cultivers.es\/it\/wp-json\/wp\/v2\/product_cat?post=20001"},{"taxonomy":"product_tag","embeddable":true,"href":"https:\/\/cultivers.es\/it\/wp-json\/wp\/v2\/product_tag?post=20001"}],"curies":[{"name":"wp","href":"https:\/\/api.w.org\/{rel}","templated":true}]}}