{"id":20054,"date":"2022-10-07T07:08:06","date_gmt":"2022-10-07T07:08:06","guid":{"rendered":"https:\/\/cultivers.es\/abonos\/semi-di-melone-bianco-ribatejo-biologico\/"},"modified":"2025-09-22T05:06:16","modified_gmt":"2025-09-22T05:06:16","slug":"semi-di-melone-bianco-biologico-ribatejo-ecologico","status":"publish","type":"product","link":"https:\/\/cultivers.es\/it\/fertilizzanti\/semi-di-melone-bianco-biologico-ribatejo-ecologico\/","title":{"rendered":"Semi di melone bianco Ribatejo"},"content":{"rendered":"","protected":false},"excerpt":{"rendered":"<p>Il <strong>melone bianco Ribatejo<\/strong> \u00e8 una variet\u00e0 tradizionale portoghese apprezzata per la sua polpa bianca, soda e dolce e per la buccia chiara. Con un gusto delicato e rinfrescante, questo melone \u00e8 ideale per il consumo fresco in macedonie, dessert leggeri o come snack salutare. La sua consistenza soda e succosa offre una piacevole esperienza al palato, rendendo questa variet\u00e0 una scelta eccellente per chi cerca qualit\u00e0 e autenticit\u00e0 nel proprio <strong>frutteto<\/strong>.  <\/p>\n<p><strong>Frutti chiari con polpa bianca:<\/strong> questa variet\u00e0 produce meloni di medie dimensioni, con una buccia chiara e una polpa bianca, soda e succosa.<\/p>\n<p><strong>Sapore dolce e delicato:<\/strong> la sua dolcezza equilibrata, accompagnata da una leggera nota aromatica, lo rende un ingrediente perfetto da gustare semplice o in ricette fresche.<\/p>\n<p><strong>Consistenza soda e succosa:<\/strong> la polpa si caratterizza per essere soda ma allo stesso tempo succosa, offrendo una sensazione rinfrescante a ogni morso.<\/p>\n<p><strong>Ricco di nutrienti:<\/strong> Questo melone \u00e8 una fonte di vitamine A e C, antiossidanti e minerali che contribuiscono a una dieta sana.<\/p>\n<p><strong>Facile da coltivare:<\/strong> resistente e adattabile a vari tipi di terreno e clima, \u00e8 adatta sia ai principianti che ai coltivatori esperti.<\/p>\n<p><strong>Coltivazione biologica:<\/strong> i nostri semi sono <strong>100% biologici<\/strong>, privi di pesticidi e fertilizzanti chimici, per promuovere un <strong>giardino<\/strong> sostenibile ed ecologico.<\/p>\n<p>Assapora il sapore autentico e la freschezza del <strong>Melone Bianco Ribatejo Biologico<\/strong> direttamente dal tuo <strong>giardino<\/strong>, aggiungendo un tocco tradizionale e nutriente alla tua tavola.<\/p>\n","protected":false},"featured_media":15366,"comment_status":"open","ping_status":"closed","template":"","meta":{"_acf_changed":false},"product_brand":[],"product_cat":[436,440],"product_tag":[1577],"class_list":{"0":"post-20054","1":"product","2":"type-product","3":"status-publish","4":"has-post-thumbnail","6":"product_cat-semi-biologici","7":"product_cat-semi-di-frutta-e-verdura-biologici","8":"product_tag-eco","10":"first","11":"instock","12":"taxable","13":"shipping-taxable","14":"purchasable","15":"product-type-simple"},"acf":[],"_links":{"self":[{"href":"https:\/\/cultivers.es\/it\/wp-json\/wp\/v2\/product\/20054","targetHints":{"allow":["GET"]}}],"collection":[{"href":"https:\/\/cultivers.es\/it\/wp-json\/wp\/v2\/product"}],"about":[{"href":"https:\/\/cultivers.es\/it\/wp-json\/wp\/v2\/types\/product"}],"replies":[{"embeddable":true,"href":"https:\/\/cultivers.es\/it\/wp-json\/wp\/v2\/comments?post=20054"}],"wp:featuredmedia":[{"embeddable":true,"href":"https:\/\/cultivers.es\/it\/wp-json\/wp\/v2\/media\/15366"}],"wp:attachment":[{"href":"https:\/\/cultivers.es\/it\/wp-json\/wp\/v2\/media?parent=20054"}],"wp:term":[{"taxonomy":"product_brand","embeddable":true,"href":"https:\/\/cultivers.es\/it\/wp-json\/wp\/v2\/product_brand?post=20054"},{"taxonomy":"product_cat","embeddable":true,"href":"https:\/\/cultivers.es\/it\/wp-json\/wp\/v2\/product_cat?post=20054"},{"taxonomy":"product_tag","embeddable":true,"href":"https:\/\/cultivers.es\/it\/wp-json\/wp\/v2\/product_tag?post=20054"}],"curies":[{"name":"wp","href":"https:\/\/api.w.org\/{rel}","templated":true}]}}